{"id":9687,"date":"2026-01-02T00:42:22","date_gmt":"2026-01-01T23:42:22","guid":{"rendered":"https:\/\/bobooaza.pl\/index.php\/produkt\/ksiazeczka-sensoryczna-b-o-1513-forest-wycieczka-do-lasu\/"},"modified":"2026-01-02T00:55:53","modified_gmt":"2026-01-01T23:55:53","slug":"ksiazeczka-sensoryczna-b-o-1513-forest-wycieczka-do-lasu","status":"publish","type":"product","link":"https:\/\/www.bobooaza.pl\/index.php\/produkt\/ksiazeczka-sensoryczna-b-o-1513-forest-wycieczka-do-lasu\/","title":{"rendered":"Ksi\u0105\u017ceczka sensoryczna B.O.1513 \u201eForest\u201d \u2013 Wycieczka do lasu"},"content":{"rendered":"<p>Ksi\u0105\u017ceczka sensoryczna \u201eForest\u201d to pe\u0142na niespodzianek zabawka edukacyjna, kt\u00f3ra wprowadza maluszka w fascynuj\u0105cy \u015bwiat lasu. Ka\u017cda strona ksi\u0105\u017ceczki to inny etap niesamowitej podr\u00f3\u017cy, gdzie dziecko mo\u017ce dotyka\u0107, s\u0142ucha\u0107 i obserwowa\u0107 r\u00f3\u017cnorodne elementy.<\/p>\n<p>Specjalnie zaprojektowane wypustki, r\u00f3\u017cnorodne faktury oraz szeleszcz\u0105ce dodatki stymuluj\u0105 zmys\u0142 dotyku, wzroku i s\u0142uchu, wspieraj\u0105c prawid\u0142owy rozw\u00f3j sensoryczny. Ksi\u0105\u017ceczka pomaga w nauce chwytania, obserwacji i rozumieniu zale\u017cno\u015bci przyczynowo-skutkowych, rozwijaj\u0105c koordynacj\u0119 ruchow\u0105 i poznawcz\u0105 dziecka.<\/p>\n<p>Cechy produktu:<\/p>\n<p>Sensoryczna ksi\u0105\u017ceczka \u201eWycieczka do lasu\u201d<\/p>\n<p>R\u00f3\u017cnorodne faktury i wypustki do dotykania<\/p>\n<p>Szeleszcz\u0105ce elementy rozwijaj\u0105ce s\u0142uch<\/p>\n<p>Wspomaga rozw\u00f3j koordynacji r\u0119ka-oko i zdolno\u015bci manualnych<\/p>\n<p>Uczy obserwacji oraz zwi\u0105zk\u00f3w przyczynowo-skutkowych<\/p>\n<p>Wiek: 0 miesi\u0119cy+<\/p>\n<p>Dane techniczne:<\/p>\n<p>Materia\u0142: poliester<\/p>\n<p>Wymiary: standardowe dla ksi\u0105\u017ceczki sensorycznej (przybli\u017cone 12 \u00d7 12 cm)<\/p>\n","protected":false},"excerpt":{"rendered":"<p>Ksi\u0105\u017ceczka sensoryczna \u201eForest\u201d to pe\u0142na niespodzianek zabawka edukacyjna, kt\u00f3ra wprowadza maluszka w fascynuj\u0105cy \u015bwiat lasu. Ka\u017cda strona ksi\u0105\u017ceczki to inny etap niesamowitej podr\u00f3\u017cy, gdzie dziecko mo\u017ce dotyka\u0107, s\u0142ucha\u0107 i obserwowa\u0107 r\u00f3\u017cnorodne elementy. Specjalnie zaprojektowane wypustki, r\u00f3\u017cnorodne faktury oraz szeleszcz\u0105ce dodatki stymuluj\u0105 zmys\u0142 dotyku, wzroku i s\u0142uchu, wspieraj\u0105c prawid\u0142owy rozw\u00f3j sensoryczny. Ksi\u0105\u017ceczka pomaga w nauce chwytania, [&hellip;]<\/p>\n","protected":false},"featured_media":9682,"comment_status":"open","ping_status":"closed","template":"","meta":[],"product_brand":[],"product_cat":[87,70,61],"product_tag":[],"class_list":{"0":"post-9687","1":"product","2":"type-product","3":"status-publish","4":"has-post-thumbnail","6":"product_cat-ksiazeczki","7":"product_cat-sensoryczne-i-montessori","8":"product_cat-zabawki","10":"first","11":"instock","12":"taxable","13":"shipping-taxable","14":"purchasable","15":"product-type-simple"},"_links":{"self":[{"href":"https:\/\/www.bobooaza.pl\/index.php\/wp-json\/wp\/v2\/product\/9687","targetHints":{"allow":["GET"]}}],"collection":[{"href":"https:\/\/www.bobooaza.pl\/index.php\/wp-json\/wp\/v2\/product"}],"about":[{"href":"https:\/\/www.bobooaza.pl\/index.php\/wp-json\/wp\/v2\/types\/product"}],"replies":[{"embeddable":true,"href":"https:\/\/www.bobooaza.pl\/index.php\/wp-json\/wp\/v2\/comments?post=9687"}],"wp:featuredmedia":[{"embeddable":true,"href":"https:\/\/www.bobooaza.pl\/index.php\/wp-json\/wp\/v2\/media\/9682"}],"wp:attachment":[{"href":"https:\/\/www.bobooaza.pl\/index.php\/wp-json\/wp\/v2\/media?parent=9687"}],"wp:term":[{"taxonomy":"product_brand","embeddable":true,"href":"https:\/\/www.bobooaza.pl\/index.php\/wp-json\/wp\/v2\/product_brand?post=9687"},{"taxonomy":"product_cat","embeddable":true,"href":"https:\/\/www.bobooaza.pl\/index.php\/wp-json\/wp\/v2\/product_cat?post=9687"},{"taxonomy":"product_tag","embeddable":true,"href":"https:\/\/www.bobooaza.pl\/index.php\/wp-json\/wp\/v2\/product_tag?post=9687"}],"curies":[{"name":"wp","href":"https:\/\/api.w.org\/{rel}","templated":true}]}}