{"id":9690,"date":"2026-01-02T00:42:24","date_gmt":"2026-01-01T23:42:24","guid":{"rendered":"https:\/\/bobooaza.pl\/index.php\/produkt\/ksiazeczka-sensoryczna-b-o-1511-seasons-pory-roku\/"},"modified":"2026-01-02T00:55:53","modified_gmt":"2026-01-01T23:55:53","slug":"ksiazeczka-sensoryczna-b-o-1511-seasons-pory-roku","status":"publish","type":"product","link":"https:\/\/www.bobooaza.pl\/index.php\/produkt\/ksiazeczka-sensoryczna-b-o-1511-seasons-pory-roku\/","title":{"rendered":"Ksi\u0105\u017ceczka sensoryczna B.O.1511 \u201eSeasons\u201d \u2013 Pory roku"},"content":{"rendered":"<p>Mi\u0119kka i kolorowa ksi\u0105\u017ceczka \u201ePory roku\u201d zosta\u0142a stworzona z my\u015bl\u0105 o najm\u0142odszych dzieciach, kt\u00f3re zaczynaj\u0105 odkrywa\u0107 \u015bwiat. To po\u0142\u0105czenie zabawy i nauki \u2013 zabawka wspiera rozw\u00f3j koordynacji wzrokowo-s\u0142uchowo-ruchowej oraz rozwija zdolno\u015bci manualne maluszka.<\/p>\n<p>Ka\u017cdy element ksi\u0105\u017ceczki zosta\u0142 zaprojektowany tak, aby pobudza\u0107 ciekawo\u015b\u0107 dziecka. Intensywne kolory, wyraziste kszta\u0142ty, r\u00f3\u017cnorodne faktury materia\u0142\u00f3w i szeleszcz\u0105ce elementy anga\u017cuj\u0105 zmys\u0142y i pomagaj\u0105 w nauce przez zabaw\u0119.<\/p>\n<p>Cechy produktu:<\/p>\n<p>\u0141agodz\u0105cy gryzak z wypustkami \u2013 przynosi ulg\u0119 podczas z\u0105bkowania i masuje dzi\u0105s\u0142a<\/p>\n<p>Szeleszcz\u0105ce elementy \u2013 stymuluj\u0105 zmys\u0142 s\u0142uchu i poznawanie d\u017awi\u0119k\u00f3w<\/p>\n<p>R\u00f3\u017cnorodne materia\u0142y \u2013 maluch poznaje r\u00f3\u017cne faktury i rozwija zdolno\u015bci manualne<\/p>\n<p>Kolorowe metki \u2013 pobudzaj\u0105 ciekawo\u015b\u0107 dziecka i wspieraj\u0105 rozw\u00f3j wyobra\u017ani<\/p>\n<p>Wygodna zawieszka \u2013 umo\u017cliwia przypi\u0119cie do \u0142\u00f3\u017ceczka, w\u00f3zka lub fotelika<\/p>\n<p>Stymuluje rozw\u00f3j koordynacji wzrokowo-s\u0142uchowo-ruchowej<\/p>\n<p>Dane techniczne:<\/p>\n<p>Materia\u0142: poliester<\/p>\n<p>Wiek: 0m+<\/p>\n<p>Wymiary: 12 \u00d7 12 cm<\/p>\n","protected":false},"excerpt":{"rendered":"<p>Mi\u0119kka i kolorowa ksi\u0105\u017ceczka \u201ePory roku\u201d zosta\u0142a stworzona z my\u015bl\u0105 o najm\u0142odszych dzieciach, kt\u00f3re zaczynaj\u0105 odkrywa\u0107 \u015bwiat. To po\u0142\u0105czenie zabawy i nauki \u2013 zabawka wspiera rozw\u00f3j koordynacji wzrokowo-s\u0142uchowo-ruchowej oraz rozwija zdolno\u015bci manualne maluszka. Ka\u017cdy element ksi\u0105\u017ceczki zosta\u0142 zaprojektowany tak, aby pobudza\u0107 ciekawo\u015b\u0107 dziecka. Intensywne kolory, wyraziste kszta\u0142ty, r\u00f3\u017cnorodne faktury materia\u0142\u00f3w i szeleszcz\u0105ce elementy anga\u017cuj\u0105 zmys\u0142y [&hellip;]<\/p>\n","protected":false},"featured_media":9688,"comment_status":"open","ping_status":"closed","template":"","meta":[],"product_brand":[],"product_cat":[87,70,61],"product_tag":[],"class_list":{"0":"post-9690","1":"product","2":"type-product","3":"status-publish","4":"has-post-thumbnail","6":"product_cat-ksiazeczki","7":"product_cat-sensoryczne-i-montessori","8":"product_cat-zabawki","10":"first","11":"instock","12":"taxable","13":"shipping-taxable","14":"purchasable","15":"product-type-simple"},"_links":{"self":[{"href":"https:\/\/www.bobooaza.pl\/index.php\/wp-json\/wp\/v2\/product\/9690","targetHints":{"allow":["GET"]}}],"collection":[{"href":"https:\/\/www.bobooaza.pl\/index.php\/wp-json\/wp\/v2\/product"}],"about":[{"href":"https:\/\/www.bobooaza.pl\/index.php\/wp-json\/wp\/v2\/types\/product"}],"replies":[{"embeddable":true,"href":"https:\/\/www.bobooaza.pl\/index.php\/wp-json\/wp\/v2\/comments?post=9690"}],"wp:featuredmedia":[{"embeddable":true,"href":"https:\/\/www.bobooaza.pl\/index.php\/wp-json\/wp\/v2\/media\/9688"}],"wp:attachment":[{"href":"https:\/\/www.bobooaza.pl\/index.php\/wp-json\/wp\/v2\/media?parent=9690"}],"wp:term":[{"taxonomy":"product_brand","embeddable":true,"href":"https:\/\/www.bobooaza.pl\/index.php\/wp-json\/wp\/v2\/product_brand?post=9690"},{"taxonomy":"product_cat","embeddable":true,"href":"https:\/\/www.bobooaza.pl\/index.php\/wp-json\/wp\/v2\/product_cat?post=9690"},{"taxonomy":"product_tag","embeddable":true,"href":"https:\/\/www.bobooaza.pl\/index.php\/wp-json\/wp\/v2\/product_tag?post=9690"}],"curies":[{"name":"wp","href":"https:\/\/api.w.org\/{rel}","templated":true}]}}