{"id":9692,"date":"2026-01-02T00:42:26","date_gmt":"2026-01-01T23:42:26","guid":{"rendered":"https:\/\/bobooaza.pl\/index.php\/produkt\/ksiazeczka-edukacyjna-akuku-a0477-first-steps\/"},"modified":"2026-01-02T00:55:54","modified_gmt":"2026-01-01T23:55:54","slug":"ksiazeczka-edukacyjna-akuku-a0477-first-steps","status":"publish","type":"product","link":"https:\/\/www.bobooaza.pl\/index.php\/produkt\/ksiazeczka-edukacyjna-akuku-a0477-first-steps\/","title":{"rendered":"Ksi\u0105\u017ceczka edukacyjna AKUKU A0477 \u201eFirst Steps\u201d"},"content":{"rendered":"<p>Mi\u0119kka, edukacyjna ksi\u0105\u017ceczka do k\u0105pieli \u201eFirst Steps\u201d zosta\u0142a zaprojektowana z my\u015bl\u0105 o najm\u0142odszych dzieciach. Dzi\u0119ki kontrastowej kolorystyce i zabawnym elementom pobudza zmys\u0142y maluszka ju\u017c od pierwszych dni \u017cycia, wspieraj\u0105c jego rozw\u00f3j poznawczy, manualny i motoryczny.<\/p>\n<p>Wewn\u0105trz ksi\u0105\u017ceczki znajduje si\u0119 piszcza\u0142ka, kt\u00f3ra przyci\u0105ga uwag\u0119 dziecka i zach\u0119ca do eksploracji. Maluch uczy si\u0119 rozpoznawania kszta\u0142t\u00f3w, nazw oraz kolor\u00f3w poprzez zabaw\u0119, a odporna konstrukcja sprawia, \u017ce ksi\u0105\u017ceczka wytrzyma gryzienie, rzucanie, ugniatanie i rozci\u0105ganie.<\/p>\n<p>Cechy produktu:<\/p>\n<p>Mi\u0119kka i odporna na gryzienie, ugniatanie i rzucanie<\/p>\n<p>Zintegrowana piszcza\u0142ka \u2013 przyci\u0105ga uwag\u0119 dziecka<\/p>\n<p>Edukacja poprzez zabaw\u0119 \u2013 uczy kszta\u0142t\u00f3w, nazw i kolor\u00f3w<\/p>\n<p>Wspiera rozw\u00f3j zdolno\u015bci manualnych i motorycznych<\/p>\n<p>Doskona\u0142a do zabawy w k\u0105pieli<\/p>\n<p>Dane techniczne:<\/p>\n<p>Liczba stron: 10<\/p>\n<p>Materia\u0142: mi\u0119kki, wodoodporny poliester<\/p>\n<p>Wymiary: 12 \u00d7 12 cm<\/p>\n<p>Wiek: 0m+<\/p>\n","protected":false},"excerpt":{"rendered":"<p>Mi\u0119kka, edukacyjna ksi\u0105\u017ceczka do k\u0105pieli \u201eFirst Steps\u201d zosta\u0142a zaprojektowana z my\u015bl\u0105 o najm\u0142odszych dzieciach. Dzi\u0119ki kontrastowej kolorystyce i zabawnym elementom pobudza zmys\u0142y maluszka ju\u017c od pierwszych dni \u017cycia, wspieraj\u0105c jego rozw\u00f3j poznawczy, manualny i motoryczny. Wewn\u0105trz ksi\u0105\u017ceczki znajduje si\u0119 piszcza\u0142ka, kt\u00f3ra przyci\u0105ga uwag\u0119 dziecka i zach\u0119ca do eksploracji. Maluch uczy si\u0119 rozpoznawania kszta\u0142t\u00f3w, nazw oraz [&hellip;]<\/p>\n","protected":false},"featured_media":9691,"comment_status":"open","ping_status":"closed","template":"","meta":[],"product_brand":[],"product_cat":[87,70,61],"product_tag":[],"class_list":{"0":"post-9692","1":"product","2":"type-product","3":"status-publish","4":"has-post-thumbnail","6":"product_cat-ksiazeczki","7":"product_cat-sensoryczne-i-montessori","8":"product_cat-zabawki","10":"first","11":"instock","12":"taxable","13":"shipping-taxable","14":"purchasable","15":"product-type-simple"},"_links":{"self":[{"href":"https:\/\/www.bobooaza.pl\/index.php\/wp-json\/wp\/v2\/product\/9692","targetHints":{"allow":["GET"]}}],"collection":[{"href":"https:\/\/www.bobooaza.pl\/index.php\/wp-json\/wp\/v2\/product"}],"about":[{"href":"https:\/\/www.bobooaza.pl\/index.php\/wp-json\/wp\/v2\/types\/product"}],"replies":[{"embeddable":true,"href":"https:\/\/www.bobooaza.pl\/index.php\/wp-json\/wp\/v2\/comments?post=9692"}],"wp:featuredmedia":[{"embeddable":true,"href":"https:\/\/www.bobooaza.pl\/index.php\/wp-json\/wp\/v2\/media\/9691"}],"wp:attachment":[{"href":"https:\/\/www.bobooaza.pl\/index.php\/wp-json\/wp\/v2\/media?parent=9692"}],"wp:term":[{"taxonomy":"product_brand","embeddable":true,"href":"https:\/\/www.bobooaza.pl\/index.php\/wp-json\/wp\/v2\/product_brand?post=9692"},{"taxonomy":"product_cat","embeddable":true,"href":"https:\/\/www.bobooaza.pl\/index.php\/wp-json\/wp\/v2\/product_cat?post=9692"},{"taxonomy":"product_tag","embeddable":true,"href":"https:\/\/www.bobooaza.pl\/index.php\/wp-json\/wp\/v2\/product_tag?post=9692"}],"curies":[{"name":"wp","href":"https:\/\/api.w.org\/{rel}","templated":true}]}}