{"id":9696,"date":"2026-01-02T00:42:28","date_gmt":"2026-01-01T23:42:28","guid":{"rendered":"https:\/\/bobooaza.pl\/index.php\/produkt\/ksiazeczka-materialowa-woopie-48242-morze\/"},"modified":"2026-01-02T00:55:54","modified_gmt":"2026-01-01T23:55:54","slug":"ksiazeczka-materialowa-woopie-48242-morze","status":"publish","type":"product","link":"https:\/\/www.bobooaza.pl\/index.php\/produkt\/ksiazeczka-materialowa-woopie-48242-morze\/","title":{"rendered":"Ksi\u0105\u017ceczka materia\u0142owa WOOPIE 48242 \u201eMorze\u201d"},"content":{"rendered":"<p>Mi\u0119kka, materia\u0142owa ksi\u0105\u017ceczka \u201eMorze\u201d od marki Woopie zosta\u0142a stworzona z my\u015bl\u0105 o najm\u0142odszych dzieciach. Strony ksi\u0105\u017ceczki s\u0105 szeleszcz\u0105ce i bardzo mi\u0119kkie w dotyku, co stymuluje zmys\u0142y maluszka i wspiera rozw\u00f3j sensoryczny ju\u017c od pierwszych dni \u017cycia.<\/p>\n<p>Kolorowe ilustracje przedstawiaj\u0105ce zwierz\u0119ta morskie rozwijaj\u0105 wzrok i spostrzegawczo\u015b\u0107 dziecka. Dodatkowe ogonek zwierz\u0105tka wystaj\u0105cy z ka\u017cdej strony pozwala dziecku \u0107wiczy\u0107 koordynacj\u0119 wzrokowo-ruchow\u0105 podczas zabawy. Ksi\u0105\u017ceczka mo\u017ce by\u0107 wygodnie mocowana jako zawieszka do w\u00f3zka lub \u0142\u00f3\u017ceczka za pomoc\u0105 rzepu.<\/p>\n<p>Cechy produktu:<\/p>\n<p>Kolorowe, atrakcyjne ilustracje<\/p>\n<p>Elementy szeleszcz\u0105ce \u2013 stymuluj\u0105 s\u0142uch maluszka<\/p>\n<p>Wystaj\u0105ce ogonki zwierz\u0105tek \u2013 rozwijaj\u0105 zdolno\u015bci motoryczne<\/p>\n<p>Mi\u0119kka i przyjemna w dotyku \u2013 bezpieczna dla dzieci<\/p>\n<p>Mo\u017cliwo\u015b\u0107 mocowania do w\u00f3zka lub \u0142\u00f3\u017ceczka<\/p>\n<p>Wodoodporna i \u0142atwa do czyszczenia<\/p>\n<p>Wymiary:<\/p>\n<p>12,5 \u00d7 22 cm<\/p>\n","protected":false},"excerpt":{"rendered":"<p>Mi\u0119kka, materia\u0142owa ksi\u0105\u017ceczka \u201eMorze\u201d od marki Woopie zosta\u0142a stworzona z my\u015bl\u0105 o najm\u0142odszych dzieciach. Strony ksi\u0105\u017ceczki s\u0105 szeleszcz\u0105ce i bardzo mi\u0119kkie w dotyku, co stymuluje zmys\u0142y maluszka i wspiera rozw\u00f3j sensoryczny ju\u017c od pierwszych dni \u017cycia. Kolorowe ilustracje przedstawiaj\u0105ce zwierz\u0119ta morskie rozwijaj\u0105 wzrok i spostrzegawczo\u015b\u0107 dziecka. Dodatkowe ogonek zwierz\u0105tka wystaj\u0105cy z ka\u017cdej strony pozwala dziecku [&hellip;]<\/p>\n","protected":false},"featured_media":9693,"comment_status":"open","ping_status":"closed","template":"","meta":[],"product_brand":[],"product_cat":[87,70,61],"product_tag":[],"class_list":{"0":"post-9696","1":"product","2":"type-product","3":"status-publish","4":"has-post-thumbnail","6":"product_cat-ksiazeczki","7":"product_cat-sensoryczne-i-montessori","8":"product_cat-zabawki","10":"first","11":"instock","12":"taxable","13":"shipping-taxable","14":"purchasable","15":"product-type-simple"},"_links":{"self":[{"href":"https:\/\/www.bobooaza.pl\/index.php\/wp-json\/wp\/v2\/product\/9696","targetHints":{"allow":["GET"]}}],"collection":[{"href":"https:\/\/www.bobooaza.pl\/index.php\/wp-json\/wp\/v2\/product"}],"about":[{"href":"https:\/\/www.bobooaza.pl\/index.php\/wp-json\/wp\/v2\/types\/product"}],"replies":[{"embeddable":true,"href":"https:\/\/www.bobooaza.pl\/index.php\/wp-json\/wp\/v2\/comments?post=9696"}],"wp:featuredmedia":[{"embeddable":true,"href":"https:\/\/www.bobooaza.pl\/index.php\/wp-json\/wp\/v2\/media\/9693"}],"wp:attachment":[{"href":"https:\/\/www.bobooaza.pl\/index.php\/wp-json\/wp\/v2\/media?parent=9696"}],"wp:term":[{"taxonomy":"product_brand","embeddable":true,"href":"https:\/\/www.bobooaza.pl\/index.php\/wp-json\/wp\/v2\/product_brand?post=9696"},{"taxonomy":"product_cat","embeddable":true,"href":"https:\/\/www.bobooaza.pl\/index.php\/wp-json\/wp\/v2\/product_cat?post=9696"},{"taxonomy":"product_tag","embeddable":true,"href":"https:\/\/www.bobooaza.pl\/index.php\/wp-json\/wp\/v2\/product_tag?post=9696"}],"curies":[{"name":"wp","href":"https:\/\/api.w.org\/{rel}","templated":true}]}}