{"id":9712,"date":"2026-01-02T00:42:40","date_gmt":"2026-01-01T23:42:40","guid":{"rendered":"https:\/\/bobooaza.pl\/index.php\/produkt\/tiny-love-moja-pierwsza-ksiazeczka-edukacyjna-jednorozec\/"},"modified":"2026-01-02T00:55:58","modified_gmt":"2026-01-01T23:55:58","slug":"tiny-love-moja-pierwsza-ksiazeczka-edukacyjna-jednorozec","status":"publish","type":"product","link":"https:\/\/www.bobooaza.pl\/index.php\/produkt\/tiny-love-moja-pierwsza-ksiazeczka-edukacyjna-jednorozec\/","title":{"rendered":"TINY LOVE \u2013 Moja pierwsza ksi\u0105\u017ceczka edukacyjna \u201eJednoro\u017cec\u201d"},"content":{"rendered":"<p>Mi\u0119kka i interaktywna ksi\u0105\u017ceczka z kolekcji Kraina Jednoro\u017cca wprowadza malucha w magiczny, bajkowy \u015bwiat pe\u0142en jednoro\u017cc\u00f3w, migocz\u0105cych gwiazd i delikatnych kolor\u00f3w. Zaprojektowana z my\u015bl\u0105 o stymulacji zmys\u0142\u00f3w i rozwoju dziecka od pierwszych miesi\u0119cy \u017cycia, ksi\u0105\u017ceczka anga\u017cuje wzrok, dotyk i s\u0142uch, wspieraj\u0105c motoryk\u0119, kojarzenie oraz rozw\u00f3j poznawczy.<\/p>\n<p>Dzi\u0119ki elementom dotykowym i d\u017awi\u0119kowym, takim jak szeleszcz\u0105ce tekstury, gryzak, satynowe wst\u0105\u017cki oraz elementy 3D (w tym zabawa typu \u201ea ku-ku\u201d), maluch mo\u017ce eksplorowa\u0107, \u0107wiczy\u0107 r\u0105czki i rozwija\u0107 koordynacj\u0119 oko\u2013r\u0119ka. Ksi\u0105\u017ceczka umo\u017cliwia r\u00f3wnie\u017c wsp\u00f3ln\u0105 zabaw\u0119 z rodzicem, wspieraj\u0105c rozw\u00f3j j\u0119zykowy i umiej\u0119tno\u015bci komunikacyjne. Uniwersalne zapi\u0119cie pozwala zabra\u0107 j\u0105 wsz\u0119dzie \u2013 np. przyczepi\u0107 do w\u00f3zka lub fotelika.<\/p>\n<p>Elementy aktywizuj\u0105ce:<\/p>\n<p>Szeleszcz\u0105ce tekstury<\/p>\n<p>Gryzak przynosz\u0105cy ulg\u0119 podczas z\u0105bkowania<\/p>\n<p>Elementy 3D, w tym zabawa typu \u201ea ku-ku\u201d<\/p>\n<p>Satynowe wst\u0105\u017cki<\/p>\n<p>Wskaz\u00f3wki rozwojowe:<\/p>\n<p>3\u20135 miesi\u0119cy \u2013 Motoryka i ruchy ca\u0142ego cia\u0142a: Zabawa na brzuszku z ksi\u0105\u017ceczk\u0105 pomaga wzmacnia\u0107 mi\u0119\u015bnie karku i ramion.<\/p>\n<p>3\u20135 miesi\u0119cy \u2013 Ruchy precyzyjne: Elementy w zasi\u0119gu r\u0105k wspieraj\u0105 \u0107wiczenie mi\u0119\u015bni d\u0142oni i palc\u00f3w.<\/p>\n<p>5 miesi\u0119cy+ \u2013 Kojarzenie: Zabawa w \u201ea ku-ku\u201d uczy trwa\u0142o\u015bci obiekt\u00f3w.<\/p>\n<p>Rozw\u00f3j dziecka wspierany przez ksi\u0105\u017ceczk\u0119:<\/p>\n<p>Kojarzenie \u2013 trwa\u0142o\u015b\u0107 obiekt\u00f3w i eksploracja \u015bwiata<\/p>\n<p>Motoryka \u2013 ruchy ca\u0142ego cia\u0142a i precyzyjne ruchy d\u0142oni<\/p>\n<p>Komunikacja \u2013 wsp\u00f3lna zabawa i poszerzanie s\u0142ownictwa<\/p>\n<p>Zmys\u0142y \u2013 stymulacja wzroku, dotyku i s\u0142uchu<\/p>\n<p>Kreatywno\u015b\u0107 \u2013 rozw\u00f3j wyobra\u017ani i odkrywanie \u015bwiata<\/p>\n<p>Wiek dziecka: 0 m+<\/p>\n","protected":false},"excerpt":{"rendered":"<p>Mi\u0119kka i interaktywna ksi\u0105\u017ceczka z kolekcji Kraina Jednoro\u017cca wprowadza malucha w magiczny, bajkowy \u015bwiat pe\u0142en jednoro\u017cc\u00f3w, migocz\u0105cych gwiazd i delikatnych kolor\u00f3w. Zaprojektowana z my\u015bl\u0105 o stymulacji zmys\u0142\u00f3w i rozwoju dziecka od pierwszych miesi\u0119cy \u017cycia, ksi\u0105\u017ceczka anga\u017cuje wzrok, dotyk i s\u0142uch, wspieraj\u0105c motoryk\u0119, kojarzenie oraz rozw\u00f3j poznawczy. Dzi\u0119ki elementom dotykowym i d\u017awi\u0119kowym, takim jak szeleszcz\u0105ce tekstury, [&hellip;]<\/p>\n","protected":false},"featured_media":9709,"comment_status":"open","ping_status":"closed","template":"","meta":[],"product_brand":[],"product_cat":[87,70,61],"product_tag":[],"class_list":{"0":"post-9712","1":"product","2":"type-product","3":"status-publish","4":"has-post-thumbnail","6":"product_cat-ksiazeczki","7":"product_cat-sensoryczne-i-montessori","8":"product_cat-zabawki","10":"first","11":"instock","12":"taxable","13":"shipping-taxable","14":"purchasable","15":"product-type-simple"},"_links":{"self":[{"href":"https:\/\/www.bobooaza.pl\/index.php\/wp-json\/wp\/v2\/product\/9712","targetHints":{"allow":["GET"]}}],"collection":[{"href":"https:\/\/www.bobooaza.pl\/index.php\/wp-json\/wp\/v2\/product"}],"about":[{"href":"https:\/\/www.bobooaza.pl\/index.php\/wp-json\/wp\/v2\/types\/product"}],"replies":[{"embeddable":true,"href":"https:\/\/www.bobooaza.pl\/index.php\/wp-json\/wp\/v2\/comments?post=9712"}],"wp:featuredmedia":[{"embeddable":true,"href":"https:\/\/www.bobooaza.pl\/index.php\/wp-json\/wp\/v2\/media\/9709"}],"wp:attachment":[{"href":"https:\/\/www.bobooaza.pl\/index.php\/wp-json\/wp\/v2\/media?parent=9712"}],"wp:term":[{"taxonomy":"product_brand","embeddable":true,"href":"https:\/\/www.bobooaza.pl\/index.php\/wp-json\/wp\/v2\/product_brand?post=9712"},{"taxonomy":"product_cat","embeddable":true,"href":"https:\/\/www.bobooaza.pl\/index.php\/wp-json\/wp\/v2\/product_cat?post=9712"},{"taxonomy":"product_tag","embeddable":true,"href":"https:\/\/www.bobooaza.pl\/index.php\/wp-json\/wp\/v2\/product_tag?post=9712"}],"curies":[{"name":"wp","href":"https:\/\/api.w.org\/{rel}","templated":true}]}}