{"id":9723,"date":"2026-01-02T00:42:48","date_gmt":"2026-01-01T23:42:48","guid":{"rendered":"https:\/\/bobooaza.pl\/index.php\/produkt\/jollybaby-jb-80467-ksiazeczka-edukacyjna-dla-malucha\/"},"modified":"2026-01-02T00:56:00","modified_gmt":"2026-01-01T23:56:00","slug":"jollybaby-jb-80467-ksiazeczka-edukacyjna-dla-malucha","status":"publish","type":"product","link":"https:\/\/www.bobooaza.pl\/index.php\/produkt\/jollybaby-jb-80467-ksiazeczka-edukacyjna-dla-malucha\/","title":{"rendered":"JOLLYBABY JB 80467 \u2013 Ksi\u0105\u017ceczka edukacyjna dla malucha"},"content":{"rendered":"<p>Materia\u0142owa ksi\u0105\u017ceczka stworzona z my\u015bl\u0105 o najm\u0142odszych dzieciach, kt\u00f3ra wprowadza malucha w \u015bwiat praktycznych umiej\u0119tno\u015bci \u017cycia codziennego. Ka\u017cda ze stron oferuje inne zadanie, rozwijaj\u0105ce sprawno\u015b\u0107 ma\u0142ych r\u0105czek oraz precyzj\u0119 ruch\u00f3w.<\/p>\n<p>Dzi\u0119ki ruchomym elementom dzieci mog\u0105 uczy\u0107 si\u0119 m.in.:<\/p>\n<p>sznurowania but\u00f3w,<\/p>\n<p>zapinania guzik\u00f3w,<\/p>\n<p>wi\u0105zania tasiemek,<\/p>\n<p>odczytywania godzin.<\/p>\n<p>Praktyczny zamek b\u0142yskawiczny umo\u017cliwia wygodne zamkni\u0119cie ksi\u0105\u017ceczki po zako\u0144czonej zabawie, chroni\u0105c wszystkie elementy przed zgubieniem.<\/p>\n<p>Cechy produktu:<\/p>\n<p>10 mi\u0119kkich stron z r\u00f3\u017cnorodnymi zadaniami edukacyjnymi<\/p>\n<p>Ruchome elementy do \u0107wiczenia zdolno\u015bci manualnych<\/p>\n<p>Zamek b\u0142yskawiczny do wygodnego przechowywania<\/p>\n<p>Wygodne uchwyty u\u0142atwiaj\u0105ce trzymanie ksi\u0105\u017ceczki<\/p>\n<p>Wiek dziecka: 10 m+<\/p>\n<p>Wymiary: 28 \u00d7 5 \u00d7 19 cm<\/p>\n","protected":false},"excerpt":{"rendered":"<p>Materia\u0142owa ksi\u0105\u017ceczka stworzona z my\u015bl\u0105 o najm\u0142odszych dzieciach, kt\u00f3ra wprowadza malucha w \u015bwiat praktycznych umiej\u0119tno\u015bci \u017cycia codziennego. Ka\u017cda ze stron oferuje inne zadanie, rozwijaj\u0105ce sprawno\u015b\u0107 ma\u0142ych r\u0105czek oraz precyzj\u0119 ruch\u00f3w. Dzi\u0119ki ruchomym elementom dzieci mog\u0105 uczy\u0107 si\u0119 m.in.: sznurowania but\u00f3w, zapinania guzik\u00f3w, wi\u0105zania tasiemek, odczytywania godzin. Praktyczny zamek b\u0142yskawiczny umo\u017cliwia wygodne zamkni\u0119cie ksi\u0105\u017ceczki po zako\u0144czonej [&hellip;]<\/p>\n","protected":false},"featured_media":9719,"comment_status":"open","ping_status":"closed","template":"","meta":[],"product_brand":[],"product_cat":[87,70,61],"product_tag":[],"class_list":{"0":"post-9723","1":"product","2":"type-product","3":"status-publish","4":"has-post-thumbnail","6":"product_cat-ksiazeczki","7":"product_cat-sensoryczne-i-montessori","8":"product_cat-zabawki","10":"first","11":"instock","12":"taxable","13":"shipping-taxable","14":"purchasable","15":"product-type-simple"},"_links":{"self":[{"href":"https:\/\/www.bobooaza.pl\/index.php\/wp-json\/wp\/v2\/product\/9723","targetHints":{"allow":["GET"]}}],"collection":[{"href":"https:\/\/www.bobooaza.pl\/index.php\/wp-json\/wp\/v2\/product"}],"about":[{"href":"https:\/\/www.bobooaza.pl\/index.php\/wp-json\/wp\/v2\/types\/product"}],"replies":[{"embeddable":true,"href":"https:\/\/www.bobooaza.pl\/index.php\/wp-json\/wp\/v2\/comments?post=9723"}],"wp:featuredmedia":[{"embeddable":true,"href":"https:\/\/www.bobooaza.pl\/index.php\/wp-json\/wp\/v2\/media\/9719"}],"wp:attachment":[{"href":"https:\/\/www.bobooaza.pl\/index.php\/wp-json\/wp\/v2\/media?parent=9723"}],"wp:term":[{"taxonomy":"product_brand","embeddable":true,"href":"https:\/\/www.bobooaza.pl\/index.php\/wp-json\/wp\/v2\/product_brand?post=9723"},{"taxonomy":"product_cat","embeddable":true,"href":"https:\/\/www.bobooaza.pl\/index.php\/wp-json\/wp\/v2\/product_cat?post=9723"},{"taxonomy":"product_tag","embeddable":true,"href":"https:\/\/www.bobooaza.pl\/index.php\/wp-json\/wp\/v2\/product_tag?post=9723"}],"curies":[{"name":"wp","href":"https:\/\/api.w.org\/{rel}","templated":true}]}}