{"id":9727,"date":"2026-01-02T00:42:51","date_gmt":"2026-01-01T23:42:51","guid":{"rendered":"https:\/\/bobooaza.pl\/index.php\/produkt\/dumel-dd-30831-ksiazeczka-edukacyjna-rozspiewane-zwierzatka\/"},"modified":"2026-01-02T00:56:01","modified_gmt":"2026-01-01T23:56:01","slug":"dumel-dd-30831-ksiazeczka-edukacyjna-rozspiewane-zwierzatka","status":"publish","type":"product","link":"https:\/\/www.bobooaza.pl\/index.php\/produkt\/dumel-dd-30831-ksiazeczka-edukacyjna-rozspiewane-zwierzatka\/","title":{"rendered":"DUMEL DD 30831 \u2013 Ksi\u0105\u017ceczka edukacyjna \u201eRoz\u015bpiewane Zwierz\u0105tka\u201d"},"content":{"rendered":"<p>Kolorowa, interaktywna ksi\u0105\u017ceczka, kt\u00f3ra wprowadza maluszki w \u015bwiat zwierz\u0105t i muzyki. Dzi\u0119ki weso\u0142ym rymowankom, piosenkom oraz realistycznym odg\u0142osom zwierz\u0105tek, ksi\u0105\u017ceczka stymuluje rozw\u00f3j s\u0142uchu, mowy i koordynacji ruchowej.<\/p>\n<p>Produkt posiada dwa tryby zabawy, kt\u00f3re maluch aktywuje za pomoc\u0105 ruchomych element\u00f3w na stronach:<\/p>\n<p>Tryb d\u017awi\u0119kowy \u2013 odg\u0142osy zwierz\u0105tek oraz piosenki \u201e\u015bpiewane\u201d przez zwierz\u0119ta.<\/p>\n<p>Tryb j\u0119zykowy \u2013 rymowanki i piosenki w j\u0119zyku polskim.<\/p>\n<p>Kolorowe znaczniki z wypustkami u\u0142atwiaj\u0105 obracanie stron, wspieraj\u0105c rozw\u00f3j precyzyjnych ruch\u00f3w r\u0105k i palc\u00f3w.<\/p>\n<p>Cechy produktu:<\/p>\n<p>Dwa tryby zabawy: d\u017awi\u0119kowy (odg\u0142osy zwierz\u0105t i piosenki) oraz j\u0119zykowy (rymowanki i piosenki w j\u0119zyku polskim)<\/p>\n<p>Interaktywne elementy na stronach: przesuwanie, przekr\u0119canie lub naciskanie<\/p>\n<p>Kolorowe wypustki u\u0142atwiaj\u0105ce obracanie stron<\/p>\n<p>Wiek: 6 miesi\u0105ca \u017cycia +<\/p>\n<p>Zasilanie: 2 \u00d7 AAA (baterie w zestawie)<\/p>\n","protected":false},"excerpt":{"rendered":"<p>Kolorowa, interaktywna ksi\u0105\u017ceczka, kt\u00f3ra wprowadza maluszki w \u015bwiat zwierz\u0105t i muzyki. Dzi\u0119ki weso\u0142ym rymowankom, piosenkom oraz realistycznym odg\u0142osom zwierz\u0105tek, ksi\u0105\u017ceczka stymuluje rozw\u00f3j s\u0142uchu, mowy i koordynacji ruchowej. Produkt posiada dwa tryby zabawy, kt\u00f3re maluch aktywuje za pomoc\u0105 ruchomych element\u00f3w na stronach: Tryb d\u017awi\u0119kowy \u2013 odg\u0142osy zwierz\u0105tek oraz piosenki \u201e\u015bpiewane\u201d przez zwierz\u0119ta. Tryb j\u0119zykowy \u2013 rymowanki [&hellip;]<\/p>\n","protected":false},"featured_media":9724,"comment_status":"open","ping_status":"closed","template":"","meta":[],"product_brand":[],"product_cat":[87,70,61],"product_tag":[],"class_list":{"0":"post-9727","1":"product","2":"type-product","3":"status-publish","4":"has-post-thumbnail","6":"product_cat-ksiazeczki","7":"product_cat-sensoryczne-i-montessori","8":"product_cat-zabawki","10":"first","11":"instock","12":"taxable","13":"shipping-taxable","14":"purchasable","15":"product-type-simple"},"_links":{"self":[{"href":"https:\/\/www.bobooaza.pl\/index.php\/wp-json\/wp\/v2\/product\/9727","targetHints":{"allow":["GET"]}}],"collection":[{"href":"https:\/\/www.bobooaza.pl\/index.php\/wp-json\/wp\/v2\/product"}],"about":[{"href":"https:\/\/www.bobooaza.pl\/index.php\/wp-json\/wp\/v2\/types\/product"}],"replies":[{"embeddable":true,"href":"https:\/\/www.bobooaza.pl\/index.php\/wp-json\/wp\/v2\/comments?post=9727"}],"wp:featuredmedia":[{"embeddable":true,"href":"https:\/\/www.bobooaza.pl\/index.php\/wp-json\/wp\/v2\/media\/9724"}],"wp:attachment":[{"href":"https:\/\/www.bobooaza.pl\/index.php\/wp-json\/wp\/v2\/media?parent=9727"}],"wp:term":[{"taxonomy":"product_brand","embeddable":true,"href":"https:\/\/www.bobooaza.pl\/index.php\/wp-json\/wp\/v2\/product_brand?post=9727"},{"taxonomy":"product_cat","embeddable":true,"href":"https:\/\/www.bobooaza.pl\/index.php\/wp-json\/wp\/v2\/product_cat?post=9727"},{"taxonomy":"product_tag","embeddable":true,"href":"https:\/\/www.bobooaza.pl\/index.php\/wp-json\/wp\/v2\/product_tag?post=9727"}],"curies":[{"name":"wp","href":"https:\/\/api.w.org\/{rel}","templated":true}]}}