{"id":9733,"date":"2026-01-02T00:42:56","date_gmt":"2026-01-01T23:42:56","guid":{"rendered":"https:\/\/bobooaza.pl\/index.php\/produkt\/b-o-779-ksiazeczka-sensoryczna-dream-team\/"},"modified":"2026-01-19T20:18:41","modified_gmt":"2026-01-19T19:18:41","slug":"b-o-779-ksiazeczka-sensoryczna-dream-team","status":"publish","type":"product","link":"https:\/\/www.bobooaza.pl\/index.php\/produkt\/b-o-779-ksiazeczka-sensoryczna-dream-team\/","title":{"rendered":"B.O.779 \u2013 Ksi\u0105\u017ceczka sensoryczna \u201eDREAM TEAM\u201d"},"content":{"rendered":"<p>Ksi\u0105\u017ceczka sensoryczna DREAM TEAM z kolekcji C-MORE \u0142\u0105czy edukacj\u0119 z zabaw\u0105, wprowadzaj\u0105c malucha w \u015bwiat bohater\u00f3w:<\/p>\n<p>ANDY \u2013 s\u0142o\u0144, powiernik wszystkich sekret\u00f3w<\/p>\n<p>ADELLE \u2013 \u017cyrafa, mi\u0142o\u015bniczka ta\u0144ca i zabawy<\/p>\n<p>ARCHIE \u2013 panda, przywi\u0105zuj\u0105ca si\u0119 do ludzi<\/p>\n<p>ZACK \u2013 zebra, pe\u0142en energii i \u0142atwo nawi\u0105zuj\u0105cy kontakt<\/p>\n<p>Dzi\u0119ki wmontowanemu lusterku dziecko mo\u017ce poczu\u0107 si\u0119 cz\u0119\u015bci\u0105 dru\u017cyny, a r\u00f3\u017cnorodne elementy wspieraj\u0105 rozw\u00f3j sensoryczny i motoryczny.<\/p>\n<p>Cechy produktu:<\/p>\n<p>Rozw\u00f3j zmys\u0142\u00f3w \u2013 kontrastowe kolory, r\u00f3\u017cne faktury materia\u0142\u00f3w oraz elementy d\u017awi\u0119kowe stymuluj\u0105 wzrok, dotyk i s\u0142uch<\/p>\n<p>Motoryka i koordynacja \u2013 \u0107wiczenie uchwytu, ruchy r\u0119ka-oko, odkrywanie faktur i kszta\u0142t\u00f3w<\/p>\n<p>Stymulacja dzi\u0105se\u0142 \u2013 gryzaki z wypustkami wspieraj\u0105 \u0142agodzenie sw\u0119dzenia dzi\u0105se\u0142 w okresie z\u0105bkowania<\/p>\n<p>Edukacja i zabawa \u2013 ksi\u0105\u017ceczka pomaga w nauce liczenia, rozpoznawaniu kszta\u0142t\u00f3w i rozwijaniu wyobra\u017ani<\/p>\n<p>Dostosowana do rozwoju dziecka \u2013 od kontrastowych barw dla noworodka po wyra\u017ane kolory dla rocznego malucha<\/p>\n<p>Specyfikacja:<\/p>\n<p>Materia\u0142: poliester<\/p>\n<p>Wymiary: 18 \u00d7 15 \u00d7 2 cm<\/p>\n<p>Wiek: 0 m+<\/p>\n","protected":false},"excerpt":{"rendered":"<p>Ksi\u0105\u017ceczka sensoryczna DREAM TEAM z kolekcji C-MORE \u0142\u0105czy edukacj\u0119 z zabaw\u0105, wprowadzaj\u0105c malucha w \u015bwiat bohater\u00f3w: ANDY \u2013 s\u0142o\u0144, powiernik wszystkich sekret\u00f3w ADELLE \u2013 \u017cyrafa, mi\u0142o\u015bniczka ta\u0144ca i zabawy ARCHIE \u2013 panda, przywi\u0105zuj\u0105ca si\u0119 do ludzi ZACK \u2013 zebra, pe\u0142en energii i \u0142atwo nawi\u0105zuj\u0105cy kontakt Dzi\u0119ki wmontowanemu lusterku dziecko mo\u017ce poczu\u0107 si\u0119 cz\u0119\u015bci\u0105 dru\u017cyny, a [&hellip;]<\/p>\n","protected":false},"featured_media":9728,"comment_status":"open","ping_status":"closed","template":"","meta":[],"product_brand":[],"product_cat":[87,70,61],"product_tag":[],"class_list":{"0":"post-9733","1":"product","2":"type-product","3":"status-publish","4":"has-post-thumbnail","6":"product_cat-ksiazeczki","7":"product_cat-sensoryczne-i-montessori","8":"product_cat-zabawki","10":"first","11":"instock","12":"taxable","13":"shipping-taxable","14":"purchasable","15":"product-type-simple"},"_links":{"self":[{"href":"https:\/\/www.bobooaza.pl\/index.php\/wp-json\/wp\/v2\/product\/9733","targetHints":{"allow":["GET"]}}],"collection":[{"href":"https:\/\/www.bobooaza.pl\/index.php\/wp-json\/wp\/v2\/product"}],"about":[{"href":"https:\/\/www.bobooaza.pl\/index.php\/wp-json\/wp\/v2\/types\/product"}],"replies":[{"embeddable":true,"href":"https:\/\/www.bobooaza.pl\/index.php\/wp-json\/wp\/v2\/comments?post=9733"}],"wp:featuredmedia":[{"embeddable":true,"href":"https:\/\/www.bobooaza.pl\/index.php\/wp-json\/wp\/v2\/media\/9728"}],"wp:attachment":[{"href":"https:\/\/www.bobooaza.pl\/index.php\/wp-json\/wp\/v2\/media?parent=9733"}],"wp:term":[{"taxonomy":"product_brand","embeddable":true,"href":"https:\/\/www.bobooaza.pl\/index.php\/wp-json\/wp\/v2\/product_brand?post=9733"},{"taxonomy":"product_cat","embeddable":true,"href":"https:\/\/www.bobooaza.pl\/index.php\/wp-json\/wp\/v2\/product_cat?post=9733"},{"taxonomy":"product_tag","embeddable":true,"href":"https:\/\/www.bobooaza.pl\/index.php\/wp-json\/wp\/v2\/product_tag?post=9733"}],"curies":[{"name":"wp","href":"https:\/\/api.w.org\/{rel}","templated":true}]}}