{"id":9738,"date":"2026-01-02T00:43:00","date_gmt":"2026-01-01T23:43:00","guid":{"rendered":"https:\/\/bobooaza.pl\/index.php\/produkt\/b-o-541-ksiazeczka-sensoryczna-my-life\/"},"modified":"2026-01-02T00:56:02","modified_gmt":"2026-01-01T23:56:02","slug":"b-o-541-ksiazeczka-sensoryczna-my-life","status":"publish","type":"product","link":"https:\/\/www.bobooaza.pl\/index.php\/produkt\/b-o-541-ksiazeczka-sensoryczna-my-life\/","title":{"rendered":"B.O.541 \u2013 Ksi\u0105\u017ceczka sensoryczna \u201eMY LIFE\u201d"},"content":{"rendered":"<p>Ksi\u0105\u017ceczka MY LIFE to wyj\u0105tkowy przewodnik po codziennych aktywno\u015bciach i emocjach dziecka. G\u0142\u00f3wna bohaterka \u2013 urocza Panda \u2013 wprowadza malucha w \u015bwiat codziennych czynno\u015bci i nastroj\u00f3w, wspieraj\u0105c jego rozw\u00f3j sensoryczny i poznawczy.<\/p>\n<p>Cechy produktu:<\/p>\n<p>Rozw\u00f3j zmys\u0142\u00f3w \u2013 r\u00f3\u017cnorodne faktury i stymuluj\u0105ce elementy dotykowe, a tak\u017ce subtelne d\u017awi\u0119ki, wspieraj\u0105 rozw\u00f3j zmys\u0142u dotyku i s\u0142uchu<\/p>\n<p>Motoryka i koordynacja \u2013 \u0107wiczenie chwytu i precyzyjnych ruch\u00f3w r\u0105k<\/p>\n<p>Stymulacja dzi\u0105se\u0142 \u2013 gryzaki z wypustkami \u0142agodz\u0105 dyskomfort podczas z\u0105bkowania<\/p>\n<p>Spokojna kolorystyka \u2013 pastelowe barwy koj\u0105 malucha i sprzyjaj\u0105 relaksowi<\/p>\n<p>\u0141atwa w u\u017cytkowaniu \u2013 praktyczna zawieszka umo\u017cliwia mocowanie ksi\u0105\u017ceczki na \u0142\u00f3\u017ceczku, w\u00f3zku lub foteliku<\/p>\n<p>Bezpieczna \u2013 posiada certyfikat Oeko-Tex Standard 100<\/p>\n<p>Dane techniczne:<\/p>\n<p>Materia\u0142: poliester<\/p>\n<p>Wymiary: 12 \u00d7 12 \u00d7 2 cm<\/p>\n<p>Wiek: 0 m+<\/p>\n","protected":false},"excerpt":{"rendered":"<p>Ksi\u0105\u017ceczka MY LIFE to wyj\u0105tkowy przewodnik po codziennych aktywno\u015bciach i emocjach dziecka. G\u0142\u00f3wna bohaterka \u2013 urocza Panda \u2013 wprowadza malucha w \u015bwiat codziennych czynno\u015bci i nastroj\u00f3w, wspieraj\u0105c jego rozw\u00f3j sensoryczny i poznawczy. Cechy produktu: Rozw\u00f3j zmys\u0142\u00f3w \u2013 r\u00f3\u017cnorodne faktury i stymuluj\u0105ce elementy dotykowe, a tak\u017ce subtelne d\u017awi\u0119ki, wspieraj\u0105 rozw\u00f3j zmys\u0142u dotyku i s\u0142uchu Motoryka i [&hellip;]<\/p>\n","protected":false},"featured_media":9734,"comment_status":"open","ping_status":"closed","template":"","meta":[],"product_brand":[],"product_cat":[87,70,61],"product_tag":[],"class_list":{"0":"post-9738","1":"product","2":"type-product","3":"status-publish","4":"has-post-thumbnail","6":"product_cat-ksiazeczki","7":"product_cat-sensoryczne-i-montessori","8":"product_cat-zabawki","10":"first","11":"instock","12":"taxable","13":"shipping-taxable","14":"purchasable","15":"product-type-simple"},"_links":{"self":[{"href":"https:\/\/www.bobooaza.pl\/index.php\/wp-json\/wp\/v2\/product\/9738","targetHints":{"allow":["GET"]}}],"collection":[{"href":"https:\/\/www.bobooaza.pl\/index.php\/wp-json\/wp\/v2\/product"}],"about":[{"href":"https:\/\/www.bobooaza.pl\/index.php\/wp-json\/wp\/v2\/types\/product"}],"replies":[{"embeddable":true,"href":"https:\/\/www.bobooaza.pl\/index.php\/wp-json\/wp\/v2\/comments?post=9738"}],"wp:featuredmedia":[{"embeddable":true,"href":"https:\/\/www.bobooaza.pl\/index.php\/wp-json\/wp\/v2\/media\/9734"}],"wp:attachment":[{"href":"https:\/\/www.bobooaza.pl\/index.php\/wp-json\/wp\/v2\/media?parent=9738"}],"wp:term":[{"taxonomy":"product_brand","embeddable":true,"href":"https:\/\/www.bobooaza.pl\/index.php\/wp-json\/wp\/v2\/product_brand?post=9738"},{"taxonomy":"product_cat","embeddable":true,"href":"https:\/\/www.bobooaza.pl\/index.php\/wp-json\/wp\/v2\/product_cat?post=9738"},{"taxonomy":"product_tag","embeddable":true,"href":"https:\/\/www.bobooaza.pl\/index.php\/wp-json\/wp\/v2\/product_tag?post=9738"}],"curies":[{"name":"wp","href":"https:\/\/api.w.org\/{rel}","templated":true}]}}