{"id":9743,"date":"2026-01-02T00:43:04","date_gmt":"2026-01-01T23:43:04","guid":{"rendered":"https:\/\/bobooaza.pl\/index.php\/produkt\/b-o-542-ksiazeczka-sensoryczna-blackwhite\/"},"modified":"2026-01-02T00:56:02","modified_gmt":"2026-01-01T23:56:02","slug":"b-o-542-ksiazeczka-sensoryczna-blackwhite","status":"publish","type":"product","link":"https:\/\/www.bobooaza.pl\/index.php\/produkt\/b-o-542-ksiazeczka-sensoryczna-blackwhite\/","title":{"rendered":"B.O.542 \u2013 Ksi\u0105\u017ceczka sensoryczna \u201eBLACK&amp;WHITE\u201d"},"content":{"rendered":"<p>Ksi\u0105\u017ceczka BLACK&amp;WHITE zosta\u0142a zaprojektowana z my\u015bl\u0105 o najm\u0142odszych dzieciach, by stymulowa\u0107 rozw\u00f3j sensoryczny ju\u017c od pierwszych dni \u017cycia. Dzi\u0119ki kontrastowym obrazkom i wyra\u017anym kszta\u0142tom maluch w naturalny spos\u00f3b \u0107wiczy wzrok, a r\u00f3\u017cnorodne faktury wspieraj\u0105 rozw\u00f3j zmys\u0142u dotyku.<\/p>\n<p>Cechy produktu:<\/p>\n<p>Rozw\u00f3j wzroku \u2013 wyra\u017ane, kontrastowe kolory wspieraj\u0105 percepcj\u0119 wizualn\u0105 dziecka<\/p>\n<p>Stymulacja dotyku \u2013 r\u00f3\u017cnorodne faktury i elementy sensoryczne zach\u0119caj\u0105 do eksploracji<\/p>\n<p>Motoryka i koordynacja \u2013 \u0107wiczenie chwytu i precyzyjnych ruch\u00f3w r\u0105k<\/p>\n<p>Stymulacja dzi\u0105se\u0142 \u2013 gryzaki z wypustkami \u0142agodz\u0105 dyskomfort podczas z\u0105bkowania<\/p>\n<p>Wyobra\u017ania i poznawanie \u015bwiata \u2013 kontrastowe ilustracje zwierz\u0105t inspiruj\u0105 do zabawy i opowiadania historii<\/p>\n<p>Praktyczne mocowanie \u2013 zawieszka umo\u017cliwia przymocowanie ksi\u0105\u017ceczki do \u0142\u00f3\u017ceczka, w\u00f3zka lub fotelika<\/p>\n<p>Bezpieczna \u2013 posiada certyfikat Oeko-Tex Standard 100<\/p>\n<p>Dane techniczne:<\/p>\n<p>Materia\u0142: poliester<\/p>\n<p>Wymiary: 12 \u00d7 12 \u00d7 2 cm<\/p>\n<p>Wiek: 0 m+<\/p>\n","protected":false},"excerpt":{"rendered":"<p>Ksi\u0105\u017ceczka BLACK&amp;WHITE zosta\u0142a zaprojektowana z my\u015bl\u0105 o najm\u0142odszych dzieciach, by stymulowa\u0107 rozw\u00f3j sensoryczny ju\u017c od pierwszych dni \u017cycia. Dzi\u0119ki kontrastowym obrazkom i wyra\u017anym kszta\u0142tom maluch w naturalny spos\u00f3b \u0107wiczy wzrok, a r\u00f3\u017cnorodne faktury wspieraj\u0105 rozw\u00f3j zmys\u0142u dotyku. Cechy produktu: Rozw\u00f3j wzroku \u2013 wyra\u017ane, kontrastowe kolory wspieraj\u0105 percepcj\u0119 wizualn\u0105 dziecka Stymulacja dotyku \u2013 r\u00f3\u017cnorodne faktury i [&hellip;]<\/p>\n","protected":false},"featured_media":9739,"comment_status":"open","ping_status":"closed","template":"","meta":[],"product_brand":[],"product_cat":[87,70,61],"product_tag":[],"class_list":{"0":"post-9743","1":"product","2":"type-product","3":"status-publish","4":"has-post-thumbnail","6":"product_cat-ksiazeczki","7":"product_cat-sensoryczne-i-montessori","8":"product_cat-zabawki","10":"first","11":"instock","12":"taxable","13":"shipping-taxable","14":"purchasable","15":"product-type-simple"},"_links":{"self":[{"href":"https:\/\/www.bobooaza.pl\/index.php\/wp-json\/wp\/v2\/product\/9743","targetHints":{"allow":["GET"]}}],"collection":[{"href":"https:\/\/www.bobooaza.pl\/index.php\/wp-json\/wp\/v2\/product"}],"about":[{"href":"https:\/\/www.bobooaza.pl\/index.php\/wp-json\/wp\/v2\/types\/product"}],"replies":[{"embeddable":true,"href":"https:\/\/www.bobooaza.pl\/index.php\/wp-json\/wp\/v2\/comments?post=9743"}],"wp:featuredmedia":[{"embeddable":true,"href":"https:\/\/www.bobooaza.pl\/index.php\/wp-json\/wp\/v2\/media\/9739"}],"wp:attachment":[{"href":"https:\/\/www.bobooaza.pl\/index.php\/wp-json\/wp\/v2\/media?parent=9743"}],"wp:term":[{"taxonomy":"product_brand","embeddable":true,"href":"https:\/\/www.bobooaza.pl\/index.php\/wp-json\/wp\/v2\/product_brand?post=9743"},{"taxonomy":"product_cat","embeddable":true,"href":"https:\/\/www.bobooaza.pl\/index.php\/wp-json\/wp\/v2\/product_cat?post=9743"},{"taxonomy":"product_tag","embeddable":true,"href":"https:\/\/www.bobooaza.pl\/index.php\/wp-json\/wp\/v2\/product_tag?post=9743"}],"curies":[{"name":"wp","href":"https:\/\/api.w.org\/{rel}","templated":true}]}}