{"id":9766,"date":"2026-01-02T00:43:18","date_gmt":"2026-01-01T23:43:18","guid":{"rendered":"https:\/\/bobooaza.pl\/index.php\/produkt\/balibazoo-ksiazeczka-harmonijka-zwierzaki-sensory\/"},"modified":"2026-01-02T00:56:04","modified_gmt":"2026-01-01T23:56:04","slug":"balibazoo-ksiazeczka-harmonijka-zwierzaki-sensory","status":"publish","type":"product","link":"https:\/\/www.bobooaza.pl\/index.php\/produkt\/balibazoo-ksiazeczka-harmonijka-zwierzaki-sensory\/","title":{"rendered":"BALIBAZOO \u2013 Ksi\u0105\u017ceczka-harmonijka \u201eZwierzaki sensory\u201d"},"content":{"rendered":"<p>Ksi\u0105\u017ceczka-harmonijka Zwierzaki sensory marki Balibazoo to pierwsza ksi\u0105\u017ceczka malucha stworzona w ca\u0142o\u015bci z mi\u0119kkich materia\u0142\u00f3w o r\u00f3\u017cnorodnych fakturach. Dzi\u0119ki interaktywnym elementom i kontrastowym kolorom wspiera rozw\u00f3j zmys\u0142\u00f3w dziecka, zach\u0119caj\u0105c do poznawania \u015bwiata od pierwszych dni \u017cycia.<\/p>\n<p>Cechy produktu:<\/p>\n<p>R\u00f3\u017cnorodne faktury \u2013 ka\u017cda strona oferuje nowe wra\u017cenia dotykowe, rozwijaj\u0105c zmys\u0142 dotyku i ciekawo\u015b\u0107 malucha.<\/p>\n<p>Kontrastowe kolory \u2013 przyci\u0105gaj\u0105 uwag\u0119 dziecka i wspieraj\u0105 rozw\u00f3j wzroku.<\/p>\n<p>Materia\u0142owe metki \u2013 stymuluj\u0105 dotyk i koordynacj\u0119 r\u0119ka-oko.<\/p>\n<p>Harmonijka \u2013 ksi\u0105\u017ceczka rozk\u0142ada si\u0119 na p\u0142asko, u\u0142atwiaj\u0105c zabaw\u0119 i eksploracj\u0119.<\/p>\n<p>Praktyczne tasiemki \u2013 pozwalaj\u0105 przywi\u0105za\u0107 ksi\u0105\u017ceczk\u0119 w wybranym miejscu (\u0142\u00f3\u017ceczko, w\u00f3zek, pa\u0142\u0105k do zabawy).<\/p>\n<p>W\u0142a\u015bciwo\u015bci:<\/p>\n<p>10 stron pe\u0142nych bod\u017ac\u00f3w sensorycznych<\/p>\n<p>Wspiera rozw\u00f3j zmys\u0142\u00f3w: wzroku i dotyku<\/p>\n<p>Zach\u0119ca do samodzielnej zabawy i eksploracji<\/p>\n<p>Doskona\u0142a do zabawy w domu i w podr\u00f3\u017cy<\/p>\n<p>Dane techniczne:<\/p>\n<p>Materia\u0142: mi\u0119kkie tkaniny o r\u00f3\u017cnorodnych fakturach<\/p>\n<p>Liczba stron: 10<\/p>\n<p>Kontrastowe kolory, materia\u0142owe metki, tasiemki do przywi\u0105zania<\/p>\n<p>Wiek: 0 m+<\/p>\n","protected":false},"excerpt":{"rendered":"<p>Ksi\u0105\u017ceczka-harmonijka Zwierzaki sensory marki Balibazoo to pierwsza ksi\u0105\u017ceczka malucha stworzona w ca\u0142o\u015bci z mi\u0119kkich materia\u0142\u00f3w o r\u00f3\u017cnorodnych fakturach. Dzi\u0119ki interaktywnym elementom i kontrastowym kolorom wspiera rozw\u00f3j zmys\u0142\u00f3w dziecka, zach\u0119caj\u0105c do poznawania \u015bwiata od pierwszych dni \u017cycia. Cechy produktu: R\u00f3\u017cnorodne faktury \u2013 ka\u017cda strona oferuje nowe wra\u017cenia dotykowe, rozwijaj\u0105c zmys\u0142 dotyku i ciekawo\u015b\u0107 malucha. Kontrastowe kolory [&hellip;]<\/p>\n","protected":false},"featured_media":9762,"comment_status":"open","ping_status":"closed","template":"","meta":[],"product_brand":[],"product_cat":[87,70,61],"product_tag":[],"class_list":{"0":"post-9766","1":"product","2":"type-product","3":"status-publish","4":"has-post-thumbnail","6":"product_cat-ksiazeczki","7":"product_cat-sensoryczne-i-montessori","8":"product_cat-zabawki","10":"first","11":"instock","12":"taxable","13":"shipping-taxable","14":"purchasable","15":"product-type-simple"},"_links":{"self":[{"href":"https:\/\/www.bobooaza.pl\/index.php\/wp-json\/wp\/v2\/product\/9766","targetHints":{"allow":["GET"]}}],"collection":[{"href":"https:\/\/www.bobooaza.pl\/index.php\/wp-json\/wp\/v2\/product"}],"about":[{"href":"https:\/\/www.bobooaza.pl\/index.php\/wp-json\/wp\/v2\/types\/product"}],"replies":[{"embeddable":true,"href":"https:\/\/www.bobooaza.pl\/index.php\/wp-json\/wp\/v2\/comments?post=9766"}],"wp:featuredmedia":[{"embeddable":true,"href":"https:\/\/www.bobooaza.pl\/index.php\/wp-json\/wp\/v2\/media\/9762"}],"wp:attachment":[{"href":"https:\/\/www.bobooaza.pl\/index.php\/wp-json\/wp\/v2\/media?parent=9766"}],"wp:term":[{"taxonomy":"product_brand","embeddable":true,"href":"https:\/\/www.bobooaza.pl\/index.php\/wp-json\/wp\/v2\/product_brand?post=9766"},{"taxonomy":"product_cat","embeddable":true,"href":"https:\/\/www.bobooaza.pl\/index.php\/wp-json\/wp\/v2\/product_cat?post=9766"},{"taxonomy":"product_tag","embeddable":true,"href":"https:\/\/www.bobooaza.pl\/index.php\/wp-json\/wp\/v2\/product_tag?post=9766"}],"curies":[{"name":"wp","href":"https:\/\/api.w.org\/{rel}","templated":true}]}}