{"id":9772,"date":"2026-01-02T00:53:57","date_gmt":"2026-01-01T23:53:57","guid":{"rendered":"https:\/\/bobooaza.pl\/index.php\/produkt\/tullo-453-pilki-sensoryczne-3-sztuki\/"},"modified":"2026-01-02T00:56:05","modified_gmt":"2026-01-01T23:56:05","slug":"tullo-453-pilki-sensoryczne-3-sztuki","status":"publish","type":"product","link":"https:\/\/www.bobooaza.pl\/index.php\/produkt\/tullo-453-pilki-sensoryczne-3-sztuki\/","title":{"rendered":"TULLO 453 Pi\u0142ki sensoryczne (3 sztuki)"},"content":{"rendered":"<p>Zestaw 3 pi\u0142ek sensorycznych wspiera rozw\u00f3j zmys\u0142\u00f3w i motoryki u niemowl\u0105t i starszych dzieci. R\u00f3\u017cne rozmiary i faktury pi\u0142ek dostarczaj\u0105 zr\u00f3\u017cnicowanych bod\u017ac\u00f3w dotykowych, rozwijaj\u0105c percepcj\u0119 czuciow\u0105, koordynacj\u0119 r\u0119ka-oko oraz sprawno\u015b\u0107 manualn\u0105.<\/p>\n<p>Cechy produktu:<\/p>\n<p>R\u00f3\u017cne rozmiary i faktury \u2013 ka\u017cda pi\u0142ka ma unikaln\u0105 powierzchni\u0119, co stymuluje receptory dotykowe i wspiera rozw\u00f3j integracji sensorycznej.<\/p>\n<p>Rozw\u00f3j ma\u0142ej motoryki \u2013 turlanie, chwytanie i \u015bciskanie pi\u0142ek \u0107wiczy precyzyjne ruchy d\u0142oni i palc\u00f3w.<\/p>\n<p>Bezpieczne w u\u017cyciu \u2013 mi\u0119kkie i elastyczne, odpowiednie dla najm\u0142odszych.<\/p>\n<p>Zabawa i trening sensoryczny \u2013 pobudzaj\u0105 ciekawo\u015b\u0107 dziecka i anga\u017cuj\u0105 wszystkie zmys\u0142y.<\/p>\n<p>Dane techniczne:<\/p>\n<p>Materia\u0142: mi\u0119kki, bezpieczny dla dzieci<\/p>\n<p>Wiek dziecka: 6 m+<\/p>\n<p>Liczba element\u00f3w: 3 pi\u0142ki<\/p>\n<p>Rozmiary pi\u0142ek: 6 cm, 8,2 cm, 8,5 cm<\/p>\n","protected":false},"excerpt":{"rendered":"<p>Zestaw 3 pi\u0142ek sensorycznych wspiera rozw\u00f3j zmys\u0142\u00f3w i motoryki u niemowl\u0105t i starszych dzieci. R\u00f3\u017cne rozmiary i faktury pi\u0142ek dostarczaj\u0105 zr\u00f3\u017cnicowanych bod\u017ac\u00f3w dotykowych, rozwijaj\u0105c percepcj\u0119 czuciow\u0105, koordynacj\u0119 r\u0119ka-oko oraz sprawno\u015b\u0107 manualn\u0105. Cechy produktu: R\u00f3\u017cne rozmiary i faktury \u2013 ka\u017cda pi\u0142ka ma unikaln\u0105 powierzchni\u0119, co stymuluje receptory dotykowe i wspiera rozw\u00f3j integracji sensorycznej. Rozw\u00f3j ma\u0142ej motoryki [&hellip;]<\/p>\n","protected":false},"featured_media":9770,"comment_status":"open","ping_status":"closed","template":"","meta":[],"product_brand":[],"product_cat":[117,70,61],"product_tag":[],"class_list":{"0":"post-9772","1":"product","2":"type-product","3":"status-publish","4":"has-post-thumbnail","6":"product_cat-pileczki","7":"product_cat-sensoryczne-i-montessori","8":"product_cat-zabawki","10":"first","11":"instock","12":"taxable","13":"shipping-taxable","14":"purchasable","15":"product-type-simple"},"_links":{"self":[{"href":"https:\/\/www.bobooaza.pl\/index.php\/wp-json\/wp\/v2\/product\/9772","targetHints":{"allow":["GET"]}}],"collection":[{"href":"https:\/\/www.bobooaza.pl\/index.php\/wp-json\/wp\/v2\/product"}],"about":[{"href":"https:\/\/www.bobooaza.pl\/index.php\/wp-json\/wp\/v2\/types\/product"}],"replies":[{"embeddable":true,"href":"https:\/\/www.bobooaza.pl\/index.php\/wp-json\/wp\/v2\/comments?post=9772"}],"wp:featuredmedia":[{"embeddable":true,"href":"https:\/\/www.bobooaza.pl\/index.php\/wp-json\/wp\/v2\/media\/9770"}],"wp:attachment":[{"href":"https:\/\/www.bobooaza.pl\/index.php\/wp-json\/wp\/v2\/media?parent=9772"}],"wp:term":[{"taxonomy":"product_brand","embeddable":true,"href":"https:\/\/www.bobooaza.pl\/index.php\/wp-json\/wp\/v2\/product_brand?post=9772"},{"taxonomy":"product_cat","embeddable":true,"href":"https:\/\/www.bobooaza.pl\/index.php\/wp-json\/wp\/v2\/product_cat?post=9772"},{"taxonomy":"product_tag","embeddable":true,"href":"https:\/\/www.bobooaza.pl\/index.php\/wp-json\/wp\/v2\/product_tag?post=9772"}],"curies":[{"name":"wp","href":"https:\/\/api.w.org\/{rel}","templated":true}]}}