{"id":9777,"date":"2026-01-02T00:54:02","date_gmt":"2026-01-01T23:54:02","guid":{"rendered":"https:\/\/bobooaza.pl\/index.php\/produkt\/canpol-79-402-miekkie-pileczki-sensoryczne-6-szt\/"},"modified":"2026-01-19T21:53:07","modified_gmt":"2026-01-19T20:53:07","slug":"canpol-79-402-miekkie-pileczki-sensoryczne-6-szt","status":"publish","type":"product","link":"https:\/\/www.bobooaza.pl\/index.php\/produkt\/canpol-79-402-miekkie-pileczki-sensoryczne-6-szt\/","title":{"rendered":"CANPOL 79\/402 \u2013 Mi\u0119kkie pi\u0142eczki sensoryczne (6 szt.)"},"content":{"rendered":"<p>Zestaw sze\u015bciu mi\u0119kkich pi\u0142eczek sensorycznych marki Canpol przeznaczony jest do zabawy i \u0107wicze\u0144 od pierwszych miesi\u0119cy \u017cycia dziecka. R\u00f3\u017cne kszta\u0142ty i faktury pi\u0142eczek dostarczaj\u0105 niemowl\u0119ciu odmiennych wra\u017ce\u0144 czuciowych, wspieraj\u0105c rozw\u00f3j motoryki ma\u0142ej, zdolno\u015bci manualnych i koordynacji r\u0119ka-oko.<\/p>\n<p>Cechy produktu:<\/p>\n<p>R\u00f3\u017cnorodne kszta\u0142ty i faktury \u2013 stymuluj\u0105 zmys\u0142 dotyku i wspieraj\u0105 nauk\u0119 chwytania.<\/p>\n<p>\u017bywe, kontrastowe kolory \u2013 przyci\u0105gaj\u0105 uwag\u0119 dziecka, rozwijaj\u0105c percepcj\u0119 wzrokow\u0105 i ciekawo\u015b\u0107 \u015bwiata.<\/p>\n<p>Wsparcie rozwoju \u2013 \u0107wicz\u0105 motoryk\u0119 ma\u0142\u0105, koordynacj\u0119 r\u0119ka-oko oraz wspomagaj\u0105 integracj\u0119 sensoryczn\u0105.<\/p>\n<p>Mo\u017cliwo\u015b\u0107 masa\u017cu \u2013 delikatny masa\u017c przy u\u017cyciu pi\u0142eczek uspokaja dziecko i wspiera rozw\u00f3j mi\u0119\u015bni.<\/p>\n<p>Bezpieczne materia\u0142y \u2013 pi\u0142eczki nie zawieraj\u0105 BPA.<\/p>\n<p>Specyfikacja:<\/p>\n<p>Ilo\u015b\u0107 sztuk w zestawie: 6<\/p>\n<p>Od pierwszych miesi\u0119cy \u017cycia<\/p>\n","protected":false},"excerpt":{"rendered":"<p>Zestaw sze\u015bciu mi\u0119kkich pi\u0142eczek sensorycznych marki Canpol przeznaczony jest do zabawy i \u0107wicze\u0144 od pierwszych miesi\u0119cy \u017cycia dziecka. R\u00f3\u017cne kszta\u0142ty i faktury pi\u0142eczek dostarczaj\u0105 niemowl\u0119ciu odmiennych wra\u017ce\u0144 czuciowych, wspieraj\u0105c rozw\u00f3j motoryki ma\u0142ej, zdolno\u015bci manualnych i koordynacji r\u0119ka-oko. Cechy produktu: R\u00f3\u017cnorodne kszta\u0142ty i faktury \u2013 stymuluj\u0105 zmys\u0142 dotyku i wspieraj\u0105 nauk\u0119 chwytania. \u017bywe, kontrastowe kolory \u2013 [&hellip;]<\/p>\n","protected":false},"featured_media":9776,"comment_status":"open","ping_status":"closed","template":"","meta":[],"product_brand":[],"product_cat":[117,70,61],"product_tag":[],"class_list":{"0":"post-9777","1":"product","2":"type-product","3":"status-publish","4":"has-post-thumbnail","6":"product_cat-pileczki","7":"product_cat-sensoryczne-i-montessori","8":"product_cat-zabawki","10":"first","11":"instock","12":"taxable","13":"shipping-taxable","14":"purchasable","15":"product-type-simple"},"_links":{"self":[{"href":"https:\/\/www.bobooaza.pl\/index.php\/wp-json\/wp\/v2\/product\/9777","targetHints":{"allow":["GET"]}}],"collection":[{"href":"https:\/\/www.bobooaza.pl\/index.php\/wp-json\/wp\/v2\/product"}],"about":[{"href":"https:\/\/www.bobooaza.pl\/index.php\/wp-json\/wp\/v2\/types\/product"}],"replies":[{"embeddable":true,"href":"https:\/\/www.bobooaza.pl\/index.php\/wp-json\/wp\/v2\/comments?post=9777"}],"wp:featuredmedia":[{"embeddable":true,"href":"https:\/\/www.bobooaza.pl\/index.php\/wp-json\/wp\/v2\/media\/9776"}],"wp:attachment":[{"href":"https:\/\/www.bobooaza.pl\/index.php\/wp-json\/wp\/v2\/media?parent=9777"}],"wp:term":[{"taxonomy":"product_brand","embeddable":true,"href":"https:\/\/www.bobooaza.pl\/index.php\/wp-json\/wp\/v2\/product_brand?post=9777"},{"taxonomy":"product_cat","embeddable":true,"href":"https:\/\/www.bobooaza.pl\/index.php\/wp-json\/wp\/v2\/product_cat?post=9777"},{"taxonomy":"product_tag","embeddable":true,"href":"https:\/\/www.bobooaza.pl\/index.php\/wp-json\/wp\/v2\/product_tag?post=9777"}],"curies":[{"name":"wp","href":"https:\/\/api.w.org\/{rel}","templated":true}]}}