{"id":9843,"date":"2026-01-02T22:49:18","date_gmt":"2026-01-02T21:49:18","guid":{"rendered":"https:\/\/bobooaza.pl\/index.php\/produkt\/akuku-a0483-grzechotka-pluszowa-maracas\/"},"modified":"2026-01-19T21:53:11","modified_gmt":"2026-01-19T20:53:11","slug":"akuku-a0483-grzechotka-pluszowa-maracas","status":"publish","type":"product","link":"https:\/\/www.bobooaza.pl\/index.php\/produkt\/akuku-a0483-grzechotka-pluszowa-maracas\/","title":{"rendered":"AKUKU A0483 Grzechotka pluszowa Maracas"},"content":{"rendered":"<p>Grzechotka pluszowa Akuku Maracas to mi\u0119kka zabawka w kszta\u0142cie M\u0142otka Piaskowego, kt\u00f3ra zachwyca maluchy przyjemn\u0105 w dotyku tkanin\u0105, bezpieczn\u0105 dla delikatnej sk\u00f3ry dziecka. Zabawka wspiera rozw\u00f3j ju\u017c od pierwszych dni \u017cycia, stymuluje wzrok dzi\u0119ki zastosowaniu kontrastowych kolor\u00f3w widocznych dla niemowl\u0105t, a tak\u017ce rozwija zdolno\u015bci motoryczne i manualne. Wewn\u0105trz umieszczone dzwoneczki pozwalaj\u0105 maluchowi poznawa\u0107 pierwsze d\u017awi\u0119ki, wspieraj\u0105c rozw\u00f3j s\u0142uchu. Grzechotka przeznaczona jest dla dzieci od urodzenia.<\/p>\n<p>Wymiary zabawki: 18,5 \u00d7 12 \u00d7 7 cm.<\/p>\n","protected":false},"excerpt":{"rendered":"<p>Grzechotka pluszowa Akuku Maracas to mi\u0119kka zabawka w kszta\u0142cie M\u0142otka Piaskowego, kt\u00f3ra zachwyca maluchy przyjemn\u0105 w dotyku tkanin\u0105, bezpieczn\u0105 dla delikatnej sk\u00f3ry dziecka. Zabawka wspiera rozw\u00f3j ju\u017c od pierwszych dni \u017cycia, stymuluje wzrok dzi\u0119ki zastosowaniu kontrastowych kolor\u00f3w widocznych dla niemowl\u0105t, a tak\u017ce rozwija zdolno\u015bci motoryczne i manualne. Wewn\u0105trz umieszczone dzwoneczki pozwalaj\u0105 maluchowi poznawa\u0107 pierwsze d\u017awi\u0119ki, [&hellip;]<\/p>\n","protected":false},"featured_media":9842,"comment_status":"open","ping_status":"closed","template":"","meta":[],"product_brand":[],"product_cat":[116,70,61],"product_tag":[],"class_list":{"0":"post-9843","1":"product","2":"type-product","3":"status-publish","4":"has-post-thumbnail","6":"product_cat-grzechotki","7":"product_cat-sensoryczne-i-montessori","8":"product_cat-zabawki","10":"first","11":"instock","12":"taxable","13":"shipping-taxable","14":"purchasable","15":"product-type-simple"},"_links":{"self":[{"href":"https:\/\/www.bobooaza.pl\/index.php\/wp-json\/wp\/v2\/product\/9843","targetHints":{"allow":["GET"]}}],"collection":[{"href":"https:\/\/www.bobooaza.pl\/index.php\/wp-json\/wp\/v2\/product"}],"about":[{"href":"https:\/\/www.bobooaza.pl\/index.php\/wp-json\/wp\/v2\/types\/product"}],"replies":[{"embeddable":true,"href":"https:\/\/www.bobooaza.pl\/index.php\/wp-json\/wp\/v2\/comments?post=9843"}],"wp:featuredmedia":[{"embeddable":true,"href":"https:\/\/www.bobooaza.pl\/index.php\/wp-json\/wp\/v2\/media\/9842"}],"wp:attachment":[{"href":"https:\/\/www.bobooaza.pl\/index.php\/wp-json\/wp\/v2\/media?parent=9843"}],"wp:term":[{"taxonomy":"product_brand","embeddable":true,"href":"https:\/\/www.bobooaza.pl\/index.php\/wp-json\/wp\/v2\/product_brand?post=9843"},{"taxonomy":"product_cat","embeddable":true,"href":"https:\/\/www.bobooaza.pl\/index.php\/wp-json\/wp\/v2\/product_cat?post=9843"},{"taxonomy":"product_tag","embeddable":true,"href":"https:\/\/www.bobooaza.pl\/index.php\/wp-json\/wp\/v2\/product_tag?post=9843"}],"curies":[{"name":"wp","href":"https:\/\/api.w.org\/{rel}","templated":true}]}}