{"id":9845,"date":"2026-01-02T22:49:19","date_gmt":"2026-01-02T21:49:19","guid":{"rendered":"https:\/\/bobooaza.pl\/index.php\/produkt\/balibazoo-bb-80846-lis-pilka-grzechotka\/"},"modified":"2026-01-19T21:53:12","modified_gmt":"2026-01-19T20:53:12","slug":"balibazoo-bb-80846-lis-pilka-grzechotka","status":"publish","type":"product","link":"https:\/\/www.bobooaza.pl\/index.php\/produkt\/balibazoo-bb-80846-lis-pilka-grzechotka\/","title":{"rendered":"BALIBAZOO BB 80846 Lis pi\u0142ka &#8211; grzechotka"},"content":{"rendered":"<p>Grzechotka Balibazoo Lis pi\u0142ka to pluszowa zabawka 3w1, \u0142\u0105cz\u0105ca mi\u0119kkiego liska z pi\u0142eczk\u0105, w kt\u00f3rej wn\u0119trzu znajduje si\u0119 grzechotka. Pi\u0142ka wykonana jest z elastycznego tworzywa i posiada otwory u\u0142atwiaj\u0105ce ma\u0142ym r\u0105czkom chwytanie zabawki. Lisek zosta\u0142 wykonany z materia\u0142\u00f3w o zr\u00f3\u017cnicowanych fakturach, a jego szeleszcz\u0105ce uszy dodatkowo przyci\u0105gaj\u0105 uwag\u0119 dziecka i wspieraj\u0105 rozw\u00f3j zmys\u0142u dotyku oraz s\u0142uchu. Zabawka jest lekka, \u0142atwa do chwytania i odpowiednia dla dzieci od pierwszych dni \u017cycia.<\/p>\n","protected":false},"excerpt":{"rendered":"<p>Grzechotka Balibazoo Lis pi\u0142ka to pluszowa zabawka 3w1, \u0142\u0105cz\u0105ca mi\u0119kkiego liska z pi\u0142eczk\u0105, w kt\u00f3rej wn\u0119trzu znajduje si\u0119 grzechotka. Pi\u0142ka wykonana jest z elastycznego tworzywa i posiada otwory u\u0142atwiaj\u0105ce ma\u0142ym r\u0105czkom chwytanie zabawki. Lisek zosta\u0142 wykonany z materia\u0142\u00f3w o zr\u00f3\u017cnicowanych fakturach, a jego szeleszcz\u0105ce uszy dodatkowo przyci\u0105gaj\u0105 uwag\u0119 dziecka i wspieraj\u0105 rozw\u00f3j zmys\u0142u dotyku oraz [&hellip;]<\/p>\n","protected":false},"featured_media":9844,"comment_status":"open","ping_status":"closed","template":"","meta":[],"product_brand":[],"product_cat":[116,70,61],"product_tag":[],"class_list":{"0":"post-9845","1":"product","2":"type-product","3":"status-publish","4":"has-post-thumbnail","6":"product_cat-grzechotki","7":"product_cat-sensoryczne-i-montessori","8":"product_cat-zabawki","10":"first","11":"instock","12":"taxable","13":"shipping-taxable","14":"purchasable","15":"product-type-simple"},"_links":{"self":[{"href":"https:\/\/www.bobooaza.pl\/index.php\/wp-json\/wp\/v2\/product\/9845","targetHints":{"allow":["GET"]}}],"collection":[{"href":"https:\/\/www.bobooaza.pl\/index.php\/wp-json\/wp\/v2\/product"}],"about":[{"href":"https:\/\/www.bobooaza.pl\/index.php\/wp-json\/wp\/v2\/types\/product"}],"replies":[{"embeddable":true,"href":"https:\/\/www.bobooaza.pl\/index.php\/wp-json\/wp\/v2\/comments?post=9845"}],"wp:featuredmedia":[{"embeddable":true,"href":"https:\/\/www.bobooaza.pl\/index.php\/wp-json\/wp\/v2\/media\/9844"}],"wp:attachment":[{"href":"https:\/\/www.bobooaza.pl\/index.php\/wp-json\/wp\/v2\/media?parent=9845"}],"wp:term":[{"taxonomy":"product_brand","embeddable":true,"href":"https:\/\/www.bobooaza.pl\/index.php\/wp-json\/wp\/v2\/product_brand?post=9845"},{"taxonomy":"product_cat","embeddable":true,"href":"https:\/\/www.bobooaza.pl\/index.php\/wp-json\/wp\/v2\/product_cat?post=9845"},{"taxonomy":"product_tag","embeddable":true,"href":"https:\/\/www.bobooaza.pl\/index.php\/wp-json\/wp\/v2\/product_tag?post=9845"}],"curies":[{"name":"wp","href":"https:\/\/api.w.org\/{rel}","templated":true}]}}