{"id":9851,"date":"2026-01-02T22:49:23","date_gmt":"2026-01-02T21:49:23","guid":{"rendered":"https:\/\/bobooaza.pl\/index.php\/produkt\/chicco-grzechotka-zyrafa\/"},"modified":"2026-01-02T22:58:06","modified_gmt":"2026-01-02T21:58:06","slug":"chicco-grzechotka-zyrafa","status":"publish","type":"product","link":"https:\/\/www.bobooaza.pl\/index.php\/produkt\/chicco-grzechotka-zyrafa\/","title":{"rendered":"CHICCO Grzechotka \u017byrafa"},"content":{"rendered":"<p>Grzechotka CHICCO \u017byrafa to kolorowa zabawka dla niemowl\u0105t, kt\u00f3ra wspiera rozw\u00f3j koordynacji manualnej i stymuluje zmys\u0142y dziecka. Zabawka posiada r\u00f3\u017cne elementy do manipulacji \u2013 koraliki, lusterko, stop\u0119 z efektem marszczenia, mi\u0119kki plastikowy gryzak i kolorowe kulki. Przezroczysta kula z zabawk\u0105 w \u015brodku tworzy ciekawy efekt wizualny podczas obracania. Szeroki pier\u015bcie\u0144 na g\u00f3rze i d\u0142ugie nogi \u017cyrafy u\u0142atwiaj\u0105 dziecku chwytanie i potrz\u0105sanie zabawk\u0105, zapewniaj\u0105c bezpieczn\u0105 i anga\u017cuj\u0105c\u0105 zabaw\u0119.<\/p>\n","protected":false},"excerpt":{"rendered":"<p>Grzechotka CHICCO \u017byrafa to kolorowa zabawka dla niemowl\u0105t, kt\u00f3ra wspiera rozw\u00f3j koordynacji manualnej i stymuluje zmys\u0142y dziecka. Zabawka posiada r\u00f3\u017cne elementy do manipulacji \u2013 koraliki, lusterko, stop\u0119 z efektem marszczenia, mi\u0119kki plastikowy gryzak i kolorowe kulki. Przezroczysta kula z zabawk\u0105 w \u015brodku tworzy ciekawy efekt wizualny podczas obracania. Szeroki pier\u015bcie\u0144 na g\u00f3rze i d\u0142ugie nogi [&hellip;]<\/p>\n","protected":false},"featured_media":9849,"comment_status":"open","ping_status":"closed","template":"","meta":[],"product_brand":[],"product_cat":[116,70,61],"product_tag":[],"class_list":{"0":"post-9851","1":"product","2":"type-product","3":"status-publish","4":"has-post-thumbnail","6":"product_cat-grzechotki","7":"product_cat-sensoryczne-i-montessori","8":"product_cat-zabawki","10":"first","11":"instock","12":"taxable","13":"shipping-taxable","14":"purchasable","15":"product-type-simple"},"_links":{"self":[{"href":"https:\/\/www.bobooaza.pl\/index.php\/wp-json\/wp\/v2\/product\/9851","targetHints":{"allow":["GET"]}}],"collection":[{"href":"https:\/\/www.bobooaza.pl\/index.php\/wp-json\/wp\/v2\/product"}],"about":[{"href":"https:\/\/www.bobooaza.pl\/index.php\/wp-json\/wp\/v2\/types\/product"}],"replies":[{"embeddable":true,"href":"https:\/\/www.bobooaza.pl\/index.php\/wp-json\/wp\/v2\/comments?post=9851"}],"wp:featuredmedia":[{"embeddable":true,"href":"https:\/\/www.bobooaza.pl\/index.php\/wp-json\/wp\/v2\/media\/9849"}],"wp:attachment":[{"href":"https:\/\/www.bobooaza.pl\/index.php\/wp-json\/wp\/v2\/media?parent=9851"}],"wp:term":[{"taxonomy":"product_brand","embeddable":true,"href":"https:\/\/www.bobooaza.pl\/index.php\/wp-json\/wp\/v2\/product_brand?post=9851"},{"taxonomy":"product_cat","embeddable":true,"href":"https:\/\/www.bobooaza.pl\/index.php\/wp-json\/wp\/v2\/product_cat?post=9851"},{"taxonomy":"product_tag","embeddable":true,"href":"https:\/\/www.bobooaza.pl\/index.php\/wp-json\/wp\/v2\/product_tag?post=9851"}],"curies":[{"name":"wp","href":"https:\/\/api.w.org\/{rel}","templated":true}]}}