{"id":9854,"date":"2026-01-02T22:49:26","date_gmt":"2026-01-02T21:49:26","guid":{"rendered":"https:\/\/bobooaza.pl\/index.php\/produkt\/chicco-grzechotka-sowa\/"},"modified":"2026-01-02T22:58:07","modified_gmt":"2026-01-02T21:58:07","slug":"chicco-grzechotka-sowa","status":"publish","type":"product","link":"https:\/\/www.bobooaza.pl\/index.php\/produkt\/chicco-grzechotka-sowa\/","title":{"rendered":"CHICCO Grzechotka Sowa"},"content":{"rendered":"<p>Grzechotka CHICCO Sowa to kolorowa zabawka stworzona dla niemowl\u0105t, kt\u00f3ra wspiera pierwsze odkrycia dziecka, rozwijaj\u0105c zdolno\u015bci s\u0142uchowe i wzrokowe. Posiada mi\u0119kki plastikowy brzuszek z kulk\u0105 w \u015brodku, kt\u00f3ra wydaje grzechotanie po potrz\u0105\u015bni\u0119ciu. Zabawka jest wyposa\u017cona w praktyczny uchwyt, kt\u00f3ry umo\u017cliwia przymocowanie do w\u00f3zka, spacer\u00f3wki lub fotelika samochodowego. Skrzyd\u0142a sowy wykonane s\u0105 z mi\u0119kkiego plastiku, pe\u0142ni\u0105c funkcj\u0119 gryzaka i \u0142agodz\u0105c b\u00f3l dzi\u0105se\u0142 podczas z\u0105bkowania.<\/p>\n","protected":false},"excerpt":{"rendered":"<p>Grzechotka CHICCO Sowa to kolorowa zabawka stworzona dla niemowl\u0105t, kt\u00f3ra wspiera pierwsze odkrycia dziecka, rozwijaj\u0105c zdolno\u015bci s\u0142uchowe i wzrokowe. Posiada mi\u0119kki plastikowy brzuszek z kulk\u0105 w \u015brodku, kt\u00f3ra wydaje grzechotanie po potrz\u0105\u015bni\u0119ciu. Zabawka jest wyposa\u017cona w praktyczny uchwyt, kt\u00f3ry umo\u017cliwia przymocowanie do w\u00f3zka, spacer\u00f3wki lub fotelika samochodowego. Skrzyd\u0142a sowy wykonane s\u0105 z mi\u0119kkiego plastiku, pe\u0142ni\u0105c [&hellip;]<\/p>\n","protected":false},"featured_media":9852,"comment_status":"open","ping_status":"closed","template":"","meta":[],"product_brand":[],"product_cat":[116,70,61],"product_tag":[],"class_list":{"0":"post-9854","1":"product","2":"type-product","3":"status-publish","4":"has-post-thumbnail","6":"product_cat-grzechotki","7":"product_cat-sensoryczne-i-montessori","8":"product_cat-zabawki","10":"first","11":"instock","12":"taxable","13":"shipping-taxable","14":"purchasable","15":"product-type-simple"},"_links":{"self":[{"href":"https:\/\/www.bobooaza.pl\/index.php\/wp-json\/wp\/v2\/product\/9854","targetHints":{"allow":["GET"]}}],"collection":[{"href":"https:\/\/www.bobooaza.pl\/index.php\/wp-json\/wp\/v2\/product"}],"about":[{"href":"https:\/\/www.bobooaza.pl\/index.php\/wp-json\/wp\/v2\/types\/product"}],"replies":[{"embeddable":true,"href":"https:\/\/www.bobooaza.pl\/index.php\/wp-json\/wp\/v2\/comments?post=9854"}],"wp:featuredmedia":[{"embeddable":true,"href":"https:\/\/www.bobooaza.pl\/index.php\/wp-json\/wp\/v2\/media\/9852"}],"wp:attachment":[{"href":"https:\/\/www.bobooaza.pl\/index.php\/wp-json\/wp\/v2\/media?parent=9854"}],"wp:term":[{"taxonomy":"product_brand","embeddable":true,"href":"https:\/\/www.bobooaza.pl\/index.php\/wp-json\/wp\/v2\/product_brand?post=9854"},{"taxonomy":"product_cat","embeddable":true,"href":"https:\/\/www.bobooaza.pl\/index.php\/wp-json\/wp\/v2\/product_cat?post=9854"},{"taxonomy":"product_tag","embeddable":true,"href":"https:\/\/www.bobooaza.pl\/index.php\/wp-json\/wp\/v2\/product_tag?post=9854"}],"curies":[{"name":"wp","href":"https:\/\/api.w.org\/{rel}","templated":true}]}}