{"id":9857,"date":"2026-01-02T22:49:28","date_gmt":"2026-01-02T21:49:28","guid":{"rendered":"https:\/\/bobooaza.pl\/index.php\/produkt\/chicco-grzechotka-zolwik\/"},"modified":"2026-01-02T22:58:07","modified_gmt":"2026-01-02T21:58:07","slug":"chicco-grzechotka-zolwik","status":"publish","type":"product","link":"https:\/\/www.bobooaza.pl\/index.php\/produkt\/chicco-grzechotka-zolwik\/","title":{"rendered":"CHICCO Grzechotka \u017b\u00f3\u0142wik"},"content":{"rendered":"<p>Grzechotka CHICCO \u017b\u00f3\u0142wik to zabawka stworzona dla niemowl\u0105t, kt\u00f3ra \u0142\u0105czy zabaw\u0119 muzyk\u0105 i \u015bwiat\u0142em z \u0107wiczeniem zdolno\u015bci manualnych. Naci\u015bni\u0119cie skorupy uruchamia melodie i \u015bwiec\u0105ce \u015bwiat\u0142a, a mi\u0119kkie tylne n\u00f3\u017cki pe\u0142ni\u0105 funkcj\u0119 gryzaka w czasie z\u0105bkowania. Dziecko mo\u017ce przesuwa\u0107 teksturowane pier\u015bcienie na \u0142apach \u017c\u00f3\u0142wia, a li\u015bcie wewn\u0105trz przezroczystej skorupy grzechocz\u0105 przy potrz\u0105saniu. Ergonomiczny kszta\u0142t u\u0142atwia chwytanie i trzymanie zabawki, wspieraj\u0105c rozw\u00f3j s\u0142uchu, wzroku i koordynacji ruchowej w pierwszych miesi\u0105cach \u017cycia.<\/p>\n","protected":false},"excerpt":{"rendered":"<p>Grzechotka CHICCO \u017b\u00f3\u0142wik to zabawka stworzona dla niemowl\u0105t, kt\u00f3ra \u0142\u0105czy zabaw\u0119 muzyk\u0105 i \u015bwiat\u0142em z \u0107wiczeniem zdolno\u015bci manualnych. Naci\u015bni\u0119cie skorupy uruchamia melodie i \u015bwiec\u0105ce \u015bwiat\u0142a, a mi\u0119kkie tylne n\u00f3\u017cki pe\u0142ni\u0105 funkcj\u0119 gryzaka w czasie z\u0105bkowania. Dziecko mo\u017ce przesuwa\u0107 teksturowane pier\u015bcienie na \u0142apach \u017c\u00f3\u0142wia, a li\u015bcie wewn\u0105trz przezroczystej skorupy grzechocz\u0105 przy potrz\u0105saniu. Ergonomiczny kszta\u0142t u\u0142atwia chwytanie [&hellip;]<\/p>\n","protected":false},"featured_media":9855,"comment_status":"open","ping_status":"closed","template":"","meta":[],"product_brand":[],"product_cat":[116,70,61],"product_tag":[],"class_list":{"0":"post-9857","1":"product","2":"type-product","3":"status-publish","4":"has-post-thumbnail","6":"product_cat-grzechotki","7":"product_cat-sensoryczne-i-montessori","8":"product_cat-zabawki","10":"first","11":"instock","12":"taxable","13":"shipping-taxable","14":"purchasable","15":"product-type-simple"},"_links":{"self":[{"href":"https:\/\/www.bobooaza.pl\/index.php\/wp-json\/wp\/v2\/product\/9857","targetHints":{"allow":["GET"]}}],"collection":[{"href":"https:\/\/www.bobooaza.pl\/index.php\/wp-json\/wp\/v2\/product"}],"about":[{"href":"https:\/\/www.bobooaza.pl\/index.php\/wp-json\/wp\/v2\/types\/product"}],"replies":[{"embeddable":true,"href":"https:\/\/www.bobooaza.pl\/index.php\/wp-json\/wp\/v2\/comments?post=9857"}],"wp:featuredmedia":[{"embeddable":true,"href":"https:\/\/www.bobooaza.pl\/index.php\/wp-json\/wp\/v2\/media\/9855"}],"wp:attachment":[{"href":"https:\/\/www.bobooaza.pl\/index.php\/wp-json\/wp\/v2\/media?parent=9857"}],"wp:term":[{"taxonomy":"product_brand","embeddable":true,"href":"https:\/\/www.bobooaza.pl\/index.php\/wp-json\/wp\/v2\/product_brand?post=9857"},{"taxonomy":"product_cat","embeddable":true,"href":"https:\/\/www.bobooaza.pl\/index.php\/wp-json\/wp\/v2\/product_cat?post=9857"},{"taxonomy":"product_tag","embeddable":true,"href":"https:\/\/www.bobooaza.pl\/index.php\/wp-json\/wp\/v2\/product_tag?post=9857"}],"curies":[{"name":"wp","href":"https:\/\/api.w.org\/{rel}","templated":true}]}}