{"id":9860,"date":"2026-01-02T22:49:30","date_gmt":"2026-01-02T21:49:30","guid":{"rendered":"https:\/\/bobooaza.pl\/index.php\/produkt\/chicco-grzechotka-lisek\/"},"modified":"2026-01-02T22:58:08","modified_gmt":"2026-01-02T21:58:08","slug":"chicco-grzechotka-lisek","status":"publish","type":"product","link":"https:\/\/www.bobooaza.pl\/index.php\/produkt\/chicco-grzechotka-lisek\/","title":{"rendered":"CHICCO Grzechotka Lisek"},"content":{"rendered":"<p>Grzechotka CHICCO Lisek to interaktywna zabawka stworzona z my\u015bl\u0105 o niemowl\u0119tach, kt\u00f3ra \u0142\u0105czy zabaw\u0119 muzyk\u0105 z \u0107wiczeniem zdolno\u015bci manualnych. Dziecko mo\u017ce zakr\u0119ca\u0107 kolorow\u0105 kulk\u0105 w brzuchu lisa, co uruchamia weso\u0142e melodie, przesuwa\u0107 teksturowane pier\u015bcienie na ogonie, a mi\u0119kkie uszy gryzaka pomagaj\u0105 w okresie z\u0105bkowania. Ergonomiczny ogonek grzechotki sprawia, \u017ce jest \u0142atwa do chwytania przez ma\u0142e r\u0105czki, a r\u00f3\u017cnorodne elementy wspieraj\u0105 rozw\u00f3j koordynacji i motoryki dziecka.<\/p>\n","protected":false},"excerpt":{"rendered":"<p>Grzechotka CHICCO Lisek to interaktywna zabawka stworzona z my\u015bl\u0105 o niemowl\u0119tach, kt\u00f3ra \u0142\u0105czy zabaw\u0119 muzyk\u0105 z \u0107wiczeniem zdolno\u015bci manualnych. Dziecko mo\u017ce zakr\u0119ca\u0107 kolorow\u0105 kulk\u0105 w brzuchu lisa, co uruchamia weso\u0142e melodie, przesuwa\u0107 teksturowane pier\u015bcienie na ogonie, a mi\u0119kkie uszy gryzaka pomagaj\u0105 w okresie z\u0105bkowania. Ergonomiczny ogonek grzechotki sprawia, \u017ce jest \u0142atwa do chwytania przez ma\u0142e [&hellip;]<\/p>\n","protected":false},"featured_media":9858,"comment_status":"open","ping_status":"closed","template":"","meta":[],"product_brand":[],"product_cat":[116,70,61],"product_tag":[],"class_list":{"0":"post-9860","1":"product","2":"type-product","3":"status-publish","4":"has-post-thumbnail","6":"product_cat-grzechotki","7":"product_cat-sensoryczne-i-montessori","8":"product_cat-zabawki","10":"first","11":"instock","12":"taxable","13":"shipping-taxable","14":"purchasable","15":"product-type-simple"},"_links":{"self":[{"href":"https:\/\/www.bobooaza.pl\/index.php\/wp-json\/wp\/v2\/product\/9860","targetHints":{"allow":["GET"]}}],"collection":[{"href":"https:\/\/www.bobooaza.pl\/index.php\/wp-json\/wp\/v2\/product"}],"about":[{"href":"https:\/\/www.bobooaza.pl\/index.php\/wp-json\/wp\/v2\/types\/product"}],"replies":[{"embeddable":true,"href":"https:\/\/www.bobooaza.pl\/index.php\/wp-json\/wp\/v2\/comments?post=9860"}],"wp:featuredmedia":[{"embeddable":true,"href":"https:\/\/www.bobooaza.pl\/index.php\/wp-json\/wp\/v2\/media\/9858"}],"wp:attachment":[{"href":"https:\/\/www.bobooaza.pl\/index.php\/wp-json\/wp\/v2\/media?parent=9860"}],"wp:term":[{"taxonomy":"product_brand","embeddable":true,"href":"https:\/\/www.bobooaza.pl\/index.php\/wp-json\/wp\/v2\/product_brand?post=9860"},{"taxonomy":"product_cat","embeddable":true,"href":"https:\/\/www.bobooaza.pl\/index.php\/wp-json\/wp\/v2\/product_cat?post=9860"},{"taxonomy":"product_tag","embeddable":true,"href":"https:\/\/www.bobooaza.pl\/index.php\/wp-json\/wp\/v2\/product_tag?post=9860"}],"curies":[{"name":"wp","href":"https:\/\/api.w.org\/{rel}","templated":true}]}}