{"id":9865,"date":"2026-01-02T22:49:33","date_gmt":"2026-01-02T21:49:33","guid":{"rendered":"https:\/\/bobooaza.pl\/index.php\/produkt\/b-o-1546-grzechotka-bear\/"},"modified":"2026-01-02T22:58:09","modified_gmt":"2026-01-02T21:58:09","slug":"b-o-1546-grzechotka-bear","status":"publish","type":"product","link":"https:\/\/www.bobooaza.pl\/index.php\/produkt\/b-o-1546-grzechotka-bear\/","title":{"rendered":"B.O.1546 Grzechotka BEAR"},"content":{"rendered":"<p>Grzechotka B.O.1546 BEAR to zabawka stworzona z my\u015bl\u0105 o wspieraniu rozwoju zmys\u0142\u00f3w malucha. Ergonomiczny kszta\u0142t grzechotki u\u0142atwia jej trzymanie w ma\u0142ych r\u0105czkach, a delikatne d\u017awi\u0119ki wydawane podczas potrz\u0105sania pobudzaj\u0105 s\u0142uch dziecka. Kontrastowa kolorystyka zabawki dodatkowo wspomaga rozw\u00f3j zmys\u0142u wzroku ju\u017c od pierwszych miesi\u0119cy \u017cycia.<\/p>\n<p>Grzechotka jest wykonana z bezpiecznych i trwa\u0142ych materia\u0142\u00f3w, nie posiada ostrych kraw\u0119dzi, a jej por\u0119czne wymiary 8,5 x 10 cm sprawiaj\u0105, \u017ce jest wygodna w codziennym u\u017cytkowaniu. Zabawk\u0119 przeznaczono dla dzieci od trzeciego miesi\u0105ca \u017cycia.<\/p>\n","protected":false},"excerpt":{"rendered":"<p>Grzechotka B.O.1546 BEAR to zabawka stworzona z my\u015bl\u0105 o wspieraniu rozwoju zmys\u0142\u00f3w malucha. Ergonomiczny kszta\u0142t grzechotki u\u0142atwia jej trzymanie w ma\u0142ych r\u0105czkach, a delikatne d\u017awi\u0119ki wydawane podczas potrz\u0105sania pobudzaj\u0105 s\u0142uch dziecka. Kontrastowa kolorystyka zabawki dodatkowo wspomaga rozw\u00f3j zmys\u0142u wzroku ju\u017c od pierwszych miesi\u0119cy \u017cycia. Grzechotka jest wykonana z bezpiecznych i trwa\u0142ych materia\u0142\u00f3w, nie posiada ostrych [&hellip;]<\/p>\n","protected":false},"featured_media":9863,"comment_status":"open","ping_status":"closed","template":"","meta":[],"product_brand":[],"product_cat":[116,70,61],"product_tag":[],"class_list":{"0":"post-9865","1":"product","2":"type-product","3":"status-publish","4":"has-post-thumbnail","6":"product_cat-grzechotki","7":"product_cat-sensoryczne-i-montessori","8":"product_cat-zabawki","10":"first","11":"instock","12":"taxable","13":"shipping-taxable","14":"purchasable","15":"product-type-simple"},"_links":{"self":[{"href":"https:\/\/www.bobooaza.pl\/index.php\/wp-json\/wp\/v2\/product\/9865","targetHints":{"allow":["GET"]}}],"collection":[{"href":"https:\/\/www.bobooaza.pl\/index.php\/wp-json\/wp\/v2\/product"}],"about":[{"href":"https:\/\/www.bobooaza.pl\/index.php\/wp-json\/wp\/v2\/types\/product"}],"replies":[{"embeddable":true,"href":"https:\/\/www.bobooaza.pl\/index.php\/wp-json\/wp\/v2\/comments?post=9865"}],"wp:featuredmedia":[{"embeddable":true,"href":"https:\/\/www.bobooaza.pl\/index.php\/wp-json\/wp\/v2\/media\/9863"}],"wp:attachment":[{"href":"https:\/\/www.bobooaza.pl\/index.php\/wp-json\/wp\/v2\/media?parent=9865"}],"wp:term":[{"taxonomy":"product_brand","embeddable":true,"href":"https:\/\/www.bobooaza.pl\/index.php\/wp-json\/wp\/v2\/product_brand?post=9865"},{"taxonomy":"product_cat","embeddable":true,"href":"https:\/\/www.bobooaza.pl\/index.php\/wp-json\/wp\/v2\/product_cat?post=9865"},{"taxonomy":"product_tag","embeddable":true,"href":"https:\/\/www.bobooaza.pl\/index.php\/wp-json\/wp\/v2\/product_tag?post=9865"}],"curies":[{"name":"wp","href":"https:\/\/api.w.org\/{rel}","templated":true}]}}