{"id":9868,"date":"2026-01-02T22:49:35","date_gmt":"2026-01-02T21:49:35","guid":{"rendered":"https:\/\/bobooaza.pl\/index.php\/produkt\/b-o-1550-grzechotka-parrot\/"},"modified":"2026-01-02T22:58:09","modified_gmt":"2026-01-02T21:58:09","slug":"b-o-1550-grzechotka-parrot","status":"publish","type":"product","link":"https:\/\/www.bobooaza.pl\/index.php\/produkt\/b-o-1550-grzechotka-parrot\/","title":{"rendered":"B.O.1550 Grzechotka PARROT"},"content":{"rendered":"<p>Grzechotka B.O.1550 PARROT to zabawka stworzona z my\u015bl\u0105 o stymulowaniu zmys\u0142\u00f3w malucha i wspieraniu jego rozwoju motorycznego. Ergonomiczny kszta\u0142t grzechotki idealnie pasuje do ma\u0142ych r\u0105czek, co u\u0142atwia jej chwytanie i manipulacj\u0119. Delikatne d\u017awi\u0119ki wydawane podczas potrz\u0105sania przyci\u0105gaj\u0105 uwag\u0119 dziecka i rozwijaj\u0105 s\u0142uch, a r\u00f3\u017cnorodne tekstury anga\u017cuj\u0105 zmys\u0142 dotyku.<\/p>\n<p>Grzechotka jest wykonana z bezpiecznych, trwa\u0142ych materia\u0142\u00f3w, nie posiada ostrych kraw\u0119dzi i jest odpowiednia dla dzieci od trzeciego miesi\u0105ca \u017cycia. Wymiary 9,5 x 10 cm sprawiaj\u0105, \u017ce zabawka jest por\u0119czna i wygodna do codziennego u\u017cywania.<\/p>\n","protected":false},"excerpt":{"rendered":"<p>Grzechotka B.O.1550 PARROT to zabawka stworzona z my\u015bl\u0105 o stymulowaniu zmys\u0142\u00f3w malucha i wspieraniu jego rozwoju motorycznego. Ergonomiczny kszta\u0142t grzechotki idealnie pasuje do ma\u0142ych r\u0105czek, co u\u0142atwia jej chwytanie i manipulacj\u0119. Delikatne d\u017awi\u0119ki wydawane podczas potrz\u0105sania przyci\u0105gaj\u0105 uwag\u0119 dziecka i rozwijaj\u0105 s\u0142uch, a r\u00f3\u017cnorodne tekstury anga\u017cuj\u0105 zmys\u0142 dotyku. Grzechotka jest wykonana z bezpiecznych, trwa\u0142ych materia\u0142\u00f3w, [&hellip;]<\/p>\n","protected":false},"featured_media":9866,"comment_status":"open","ping_status":"closed","template":"","meta":[],"product_brand":[],"product_cat":[116,70,61],"product_tag":[],"class_list":{"0":"post-9868","1":"product","2":"type-product","3":"status-publish","4":"has-post-thumbnail","6":"product_cat-grzechotki","7":"product_cat-sensoryczne-i-montessori","8":"product_cat-zabawki","10":"first","11":"instock","12":"taxable","13":"shipping-taxable","14":"purchasable","15":"product-type-simple"},"_links":{"self":[{"href":"https:\/\/www.bobooaza.pl\/index.php\/wp-json\/wp\/v2\/product\/9868","targetHints":{"allow":["GET"]}}],"collection":[{"href":"https:\/\/www.bobooaza.pl\/index.php\/wp-json\/wp\/v2\/product"}],"about":[{"href":"https:\/\/www.bobooaza.pl\/index.php\/wp-json\/wp\/v2\/types\/product"}],"replies":[{"embeddable":true,"href":"https:\/\/www.bobooaza.pl\/index.php\/wp-json\/wp\/v2\/comments?post=9868"}],"wp:featuredmedia":[{"embeddable":true,"href":"https:\/\/www.bobooaza.pl\/index.php\/wp-json\/wp\/v2\/media\/9866"}],"wp:attachment":[{"href":"https:\/\/www.bobooaza.pl\/index.php\/wp-json\/wp\/v2\/media?parent=9868"}],"wp:term":[{"taxonomy":"product_brand","embeddable":true,"href":"https:\/\/www.bobooaza.pl\/index.php\/wp-json\/wp\/v2\/product_brand?post=9868"},{"taxonomy":"product_cat","embeddable":true,"href":"https:\/\/www.bobooaza.pl\/index.php\/wp-json\/wp\/v2\/product_cat?post=9868"},{"taxonomy":"product_tag","embeddable":true,"href":"https:\/\/www.bobooaza.pl\/index.php\/wp-json\/wp\/v2\/product_tag?post=9868"}],"curies":[{"name":"wp","href":"https:\/\/api.w.org\/{rel}","templated":true}]}}