{"id":9873,"date":"2026-01-02T22:49:37","date_gmt":"2026-01-02T21:49:37","guid":{"rendered":"https:\/\/bobooaza.pl\/index.php\/produkt\/b-o-1625-grzechotka-elephant\/"},"modified":"2026-01-02T22:58:10","modified_gmt":"2026-01-02T21:58:10","slug":"b-o-1625-grzechotka-elephant","status":"publish","type":"product","link":"https:\/\/www.bobooaza.pl\/index.php\/produkt\/b-o-1625-grzechotka-elephant\/","title":{"rendered":"B.O.1625 Grzechotka ELEPHANT"},"content":{"rendered":"<p>Grzechotka B.O.1625 ELEPHANT to idealna pierwsza zabawka dla niemowl\u0105t, \u0142\u0105cz\u0105ca zabaw\u0119 ze stymulacj\u0105 zmys\u0142\u00f3w i wsparciem podczas z\u0105bkowania. Wykonana w ca\u0142o\u015bci z bezpiecznych i przyjemnych w dotyku materia\u0142\u00f3w, jest lekka i por\u0119czna, co u\u0142atwia maluchowi chwytanie i manipulowanie ni\u0105.<\/p>\n<p>Mi\u0119kkie, zakr\u0119cone uszy grzechotki delikatnie masuj\u0105 dzi\u0105s\u0142a dziecka, przynosz\u0105c ulg\u0119 w trakcie z\u0105bkowania, a kolorowe pier\u015bcienie wydaj\u0105 przyjemne d\u017awi\u0119ki, rozwijaj\u0105c s\u0142uch i przyci\u0105gaj\u0105c uwag\u0119 malucha. Grzechotka ELEPHANT wspiera rozw\u00f3j zdolno\u015bci manualnych i koordynacji r\u0119ka\u2013oko, zapewniaj\u0105c bezpieczn\u0105 i anga\u017cuj\u0105c\u0105 zabaw\u0119 sensoryczn\u0105.<\/p>\n<p>Produkt jest odpowiedni dla dzieci od pierwszych dni \u017cycia, a wymiary 7 x 11 cm sprawiaj\u0105, \u017ce idealnie mie\u015bci si\u0119 w ma\u0142ych r\u0105czkach.<\/p>\n","protected":false},"excerpt":{"rendered":"<p>Grzechotka B.O.1625 ELEPHANT to idealna pierwsza zabawka dla niemowl\u0105t, \u0142\u0105cz\u0105ca zabaw\u0119 ze stymulacj\u0105 zmys\u0142\u00f3w i wsparciem podczas z\u0105bkowania. Wykonana w ca\u0142o\u015bci z bezpiecznych i przyjemnych w dotyku materia\u0142\u00f3w, jest lekka i por\u0119czna, co u\u0142atwia maluchowi chwytanie i manipulowanie ni\u0105. Mi\u0119kkie, zakr\u0119cone uszy grzechotki delikatnie masuj\u0105 dzi\u0105s\u0142a dziecka, przynosz\u0105c ulg\u0119 w trakcie z\u0105bkowania, a kolorowe pier\u015bcienie [&hellip;]<\/p>\n","protected":false},"featured_media":9871,"comment_status":"open","ping_status":"closed","template":"","meta":[],"product_brand":[],"product_cat":[116,70,61],"product_tag":[],"class_list":{"0":"post-9873","1":"product","2":"type-product","3":"status-publish","4":"has-post-thumbnail","6":"product_cat-grzechotki","7":"product_cat-sensoryczne-i-montessori","8":"product_cat-zabawki","10":"first","11":"instock","12":"taxable","13":"shipping-taxable","14":"purchasable","15":"product-type-simple"},"_links":{"self":[{"href":"https:\/\/www.bobooaza.pl\/index.php\/wp-json\/wp\/v2\/product\/9873","targetHints":{"allow":["GET"]}}],"collection":[{"href":"https:\/\/www.bobooaza.pl\/index.php\/wp-json\/wp\/v2\/product"}],"about":[{"href":"https:\/\/www.bobooaza.pl\/index.php\/wp-json\/wp\/v2\/types\/product"}],"replies":[{"embeddable":true,"href":"https:\/\/www.bobooaza.pl\/index.php\/wp-json\/wp\/v2\/comments?post=9873"}],"wp:featuredmedia":[{"embeddable":true,"href":"https:\/\/www.bobooaza.pl\/index.php\/wp-json\/wp\/v2\/media\/9871"}],"wp:attachment":[{"href":"https:\/\/www.bobooaza.pl\/index.php\/wp-json\/wp\/v2\/media?parent=9873"}],"wp:term":[{"taxonomy":"product_brand","embeddable":true,"href":"https:\/\/www.bobooaza.pl\/index.php\/wp-json\/wp\/v2\/product_brand?post=9873"},{"taxonomy":"product_cat","embeddable":true,"href":"https:\/\/www.bobooaza.pl\/index.php\/wp-json\/wp\/v2\/product_cat?post=9873"},{"taxonomy":"product_tag","embeddable":true,"href":"https:\/\/www.bobooaza.pl\/index.php\/wp-json\/wp\/v2\/product_tag?post=9873"}],"curies":[{"name":"wp","href":"https:\/\/api.w.org\/{rel}","templated":true}]}}