{"id":9876,"date":"2026-01-02T22:49:39","date_gmt":"2026-01-02T21:49:39","guid":{"rendered":"https:\/\/bobooaza.pl\/index.php\/produkt\/b-o-1626-grzechotka-owl\/"},"modified":"2026-01-02T22:58:11","modified_gmt":"2026-01-02T21:58:11","slug":"b-o-1626-grzechotka-owl","status":"publish","type":"product","link":"https:\/\/www.bobooaza.pl\/index.php\/produkt\/b-o-1626-grzechotka-owl\/","title":{"rendered":"B.O.1626 Grzechotka OWL"},"content":{"rendered":"<p>Grzechotka B.O.1626 OWL to doskona\u0142a pierwsza zabawka dla niemowl\u0105t, kt\u00f3ra \u0142\u0105czy funkcj\u0119 stymulacji zmys\u0142\u00f3w i wsparcia podczas z\u0105bkowania. Wykonana w ca\u0142o\u015bci z bezpiecznych i przyjemnych w dotyku materia\u0142\u00f3w, jest lekka i por\u0119czna, co u\u0142atwia maluchowi chwytanie i manipulowanie zabawk\u0105.<\/p>\n<p>Mi\u0119kkie uszy grzechotki delikatnie masuj\u0105 dzi\u0105s\u0142a dziecka, przynosz\u0105c ulg\u0119 podczas z\u0105bkowania, a kolorowe pier\u015bcienie wydaj\u0105 przyjemne d\u017awi\u0119ki, przyci\u0105gaj\u0105c uwag\u0119 malucha i wspieraj\u0105c rozw\u00f3j jego s\u0142uchu. Zabawa grzechotk\u0105 OWL wspomaga rozw\u00f3j zdolno\u015bci manualnych i koordynacji r\u0119ka\u2013oko, jednocze\u015bnie zapewniaj\u0105c bezpieczne i anga\u017cuj\u0105ce do\u015bwiadczenie sensoryczne.<\/p>\n<p>Produkt jest odpowiedni dla dzieci ju\u017c od pierwszych dni \u017cycia, a jego wymiary 9 x 7 cm sprawiaj\u0105, \u017ce jest wygodna do chwytania i idealna dla ma\u0142ych r\u0105czek.<\/p>\n","protected":false},"excerpt":{"rendered":"<p>Grzechotka B.O.1626 OWL to doskona\u0142a pierwsza zabawka dla niemowl\u0105t, kt\u00f3ra \u0142\u0105czy funkcj\u0119 stymulacji zmys\u0142\u00f3w i wsparcia podczas z\u0105bkowania. Wykonana w ca\u0142o\u015bci z bezpiecznych i przyjemnych w dotyku materia\u0142\u00f3w, jest lekka i por\u0119czna, co u\u0142atwia maluchowi chwytanie i manipulowanie zabawk\u0105. Mi\u0119kkie uszy grzechotki delikatnie masuj\u0105 dzi\u0105s\u0142a dziecka, przynosz\u0105c ulg\u0119 podczas z\u0105bkowania, a kolorowe pier\u015bcienie wydaj\u0105 przyjemne [&hellip;]<\/p>\n","protected":false},"featured_media":9874,"comment_status":"open","ping_status":"closed","template":"","meta":[],"product_brand":[],"product_cat":[116,70,61],"product_tag":[],"class_list":{"0":"post-9876","1":"product","2":"type-product","3":"status-publish","4":"has-post-thumbnail","6":"product_cat-grzechotki","7":"product_cat-sensoryczne-i-montessori","8":"product_cat-zabawki","10":"first","11":"instock","12":"taxable","13":"shipping-taxable","14":"purchasable","15":"product-type-simple"},"_links":{"self":[{"href":"https:\/\/www.bobooaza.pl\/index.php\/wp-json\/wp\/v2\/product\/9876","targetHints":{"allow":["GET"]}}],"collection":[{"href":"https:\/\/www.bobooaza.pl\/index.php\/wp-json\/wp\/v2\/product"}],"about":[{"href":"https:\/\/www.bobooaza.pl\/index.php\/wp-json\/wp\/v2\/types\/product"}],"replies":[{"embeddable":true,"href":"https:\/\/www.bobooaza.pl\/index.php\/wp-json\/wp\/v2\/comments?post=9876"}],"wp:featuredmedia":[{"embeddable":true,"href":"https:\/\/www.bobooaza.pl\/index.php\/wp-json\/wp\/v2\/media\/9874"}],"wp:attachment":[{"href":"https:\/\/www.bobooaza.pl\/index.php\/wp-json\/wp\/v2\/media?parent=9876"}],"wp:term":[{"taxonomy":"product_brand","embeddable":true,"href":"https:\/\/www.bobooaza.pl\/index.php\/wp-json\/wp\/v2\/product_brand?post=9876"},{"taxonomy":"product_cat","embeddable":true,"href":"https:\/\/www.bobooaza.pl\/index.php\/wp-json\/wp\/v2\/product_cat?post=9876"},{"taxonomy":"product_tag","embeddable":true,"href":"https:\/\/www.bobooaza.pl\/index.php\/wp-json\/wp\/v2\/product_tag?post=9876"}],"curies":[{"name":"wp","href":"https:\/\/api.w.org\/{rel}","templated":true}]}}