{"id":9879,"date":"2026-01-02T22:49:41","date_gmt":"2026-01-02T21:49:41","guid":{"rendered":"https:\/\/bobooaza.pl\/index.php\/produkt\/b-o-1627-grzechotka-lion\/"},"modified":"2026-01-02T22:58:11","modified_gmt":"2026-01-02T21:58:11","slug":"b-o-1627-grzechotka-lion","status":"publish","type":"product","link":"https:\/\/www.bobooaza.pl\/index.php\/produkt\/b-o-1627-grzechotka-lion\/","title":{"rendered":"B.O.1627 Grzechotka LION"},"content":{"rendered":"<p>Grzechotka B.O.1627 LION to idealna pierwsza zabawka dla niemowl\u0105t, kt\u00f3ra \u0142\u0105czy funkcj\u0119 stymulacji zmys\u0142\u00f3w i \u0142agodzenia dyskomfortu podczas z\u0105bkowania. Wykonana w ca\u0142o\u015bci z bezpiecznych i przyjemnych w dotyku materia\u0142\u00f3w, jest lekka i por\u0119czna, dzi\u0119ki czemu maluch \u0142atwo utrzymuje j\u0105 w r\u0105czkach.<\/p>\n<p>Mi\u0119kka grzywka grzechotki delikatnie masuje dzi\u0105s\u0142a, wspieraj\u0105c etap z\u0105bkowania, a kolorowe pier\u015bcienie wydaj\u0105 przyjemne d\u017awi\u0119ki, przyci\u0105gaj\u0105c uwag\u0119 dziecka i rozwijaj\u0105c jego s\u0142uch. Zabawa grzechotk\u0105 LION wspomaga rozw\u00f3j zdolno\u015bci manualnych i koordynacji r\u0119ka\u2013oko, jednocze\u015bnie zapewniaj\u0105c bezpieczne i anga\u017cuj\u0105ce do\u015bwiadczenie sensoryczne.<\/p>\n<p>Grzechotka jest odpowiednia dla dzieci od pierwszych dni \u017cycia. Jej wymiary wynosz\u0105 8 x 10 cm, co sprawia, \u017ce jest wygodna do chwytania i manipulowania przez najm\u0142odszych.<\/p>\n","protected":false},"excerpt":{"rendered":"<p>Grzechotka B.O.1627 LION to idealna pierwsza zabawka dla niemowl\u0105t, kt\u00f3ra \u0142\u0105czy funkcj\u0119 stymulacji zmys\u0142\u00f3w i \u0142agodzenia dyskomfortu podczas z\u0105bkowania. Wykonana w ca\u0142o\u015bci z bezpiecznych i przyjemnych w dotyku materia\u0142\u00f3w, jest lekka i por\u0119czna, dzi\u0119ki czemu maluch \u0142atwo utrzymuje j\u0105 w r\u0105czkach. Mi\u0119kka grzywka grzechotki delikatnie masuje dzi\u0105s\u0142a, wspieraj\u0105c etap z\u0105bkowania, a kolorowe pier\u015bcienie wydaj\u0105 przyjemne [&hellip;]<\/p>\n","protected":false},"featured_media":9877,"comment_status":"open","ping_status":"closed","template":"","meta":[],"product_brand":[],"product_cat":[116,70,61],"product_tag":[],"class_list":{"0":"post-9879","1":"product","2":"type-product","3":"status-publish","4":"has-post-thumbnail","6":"product_cat-grzechotki","7":"product_cat-sensoryczne-i-montessori","8":"product_cat-zabawki","10":"first","11":"instock","12":"taxable","13":"shipping-taxable","14":"purchasable","15":"product-type-simple"},"_links":{"self":[{"href":"https:\/\/www.bobooaza.pl\/index.php\/wp-json\/wp\/v2\/product\/9879","targetHints":{"allow":["GET"]}}],"collection":[{"href":"https:\/\/www.bobooaza.pl\/index.php\/wp-json\/wp\/v2\/product"}],"about":[{"href":"https:\/\/www.bobooaza.pl\/index.php\/wp-json\/wp\/v2\/types\/product"}],"replies":[{"embeddable":true,"href":"https:\/\/www.bobooaza.pl\/index.php\/wp-json\/wp\/v2\/comments?post=9879"}],"wp:featuredmedia":[{"embeddable":true,"href":"https:\/\/www.bobooaza.pl\/index.php\/wp-json\/wp\/v2\/media\/9877"}],"wp:attachment":[{"href":"https:\/\/www.bobooaza.pl\/index.php\/wp-json\/wp\/v2\/media?parent=9879"}],"wp:term":[{"taxonomy":"product_brand","embeddable":true,"href":"https:\/\/www.bobooaza.pl\/index.php\/wp-json\/wp\/v2\/product_brand?post=9879"},{"taxonomy":"product_cat","embeddable":true,"href":"https:\/\/www.bobooaza.pl\/index.php\/wp-json\/wp\/v2\/product_cat?post=9879"},{"taxonomy":"product_tag","embeddable":true,"href":"https:\/\/www.bobooaza.pl\/index.php\/wp-json\/wp\/v2\/product_tag?post=9879"}],"curies":[{"name":"wp","href":"https:\/\/api.w.org\/{rel}","templated":true}]}}