{"id":9902,"date":"2026-01-02T22:56:33","date_gmt":"2026-01-02T21:56:33","guid":{"rendered":"https:\/\/bobooaza.pl\/index.php\/produkt\/smily-play-0776-grzechotka-stokrotka\/"},"modified":"2026-01-30T17:03:25","modified_gmt":"2026-01-30T16:03:25","slug":"smily-play-0776-grzechotka-stokrotka","status":"publish","type":"product","link":"https:\/\/www.bobooaza.pl\/index.php\/produkt\/smily-play-0776-grzechotka-stokrotka\/","title":{"rendered":"SMILY PLAY 0776 Grzechotka stokrotka"},"content":{"rendered":"<p>Grzechotka Stokrotka marki Smily Play to zabawka 2\u202fw\u202f1, kt\u00f3ra \u0142\u0105czy funkcje grzechotki i gryzaka. Ka\u017cdy z pi\u0119ciu kolorowych p\u0142atk\u00f3w pe\u0142ni inn\u0105 rol\u0119 \u2013 ma bezpieczne lusterko, mi\u0119kkie cz\u0119\u015bci do gryzienia oraz piszczek, dzi\u0119ki czemu stymuluje zmys\u0142y dziecka. Zabawka posiada przyssawk\u0119, kt\u00f3r\u0105 mo\u017cna \u0142atwo przymocowa\u0107 do g\u0142adkiej powierzchni, a obracaj\u0105cy si\u0119 element \u0107wiczy ma\u0142e paluszki i rozwija ma\u0142\u0105 motoryk\u0119. Kolorowe, ruszaj\u0105ce si\u0119 cz\u0119\u015bci aktywizuj\u0105 dziecko i wspieraj\u0105 jego rozw\u00f3j percepcji wzrokowej i manualnej.<\/p>\n","protected":false},"excerpt":{"rendered":"<p>Grzechotka Stokrotka marki Smily Play to zabawka 2\u202fw\u202f1, kt\u00f3ra \u0142\u0105czy funkcje grzechotki i gryzaka. Ka\u017cdy z pi\u0119ciu kolorowych p\u0142atk\u00f3w pe\u0142ni inn\u0105 rol\u0119 \u2013 ma bezpieczne lusterko, mi\u0119kkie cz\u0119\u015bci do gryzienia oraz piszczek, dzi\u0119ki czemu stymuluje zmys\u0142y dziecka. Zabawka posiada przyssawk\u0119, kt\u00f3r\u0105 mo\u017cna \u0142atwo przymocowa\u0107 do g\u0142adkiej powierzchni, a obracaj\u0105cy si\u0119 element \u0107wiczy ma\u0142e paluszki i [&hellip;]<\/p>\n","protected":false},"featured_media":9901,"comment_status":"open","ping_status":"closed","template":"","meta":[],"product_brand":[],"product_cat":[116,70,61],"product_tag":[],"class_list":{"0":"post-9902","1":"product","2":"type-product","3":"status-publish","4":"has-post-thumbnail","6":"product_cat-grzechotki","7":"product_cat-sensoryczne-i-montessori","8":"product_cat-zabawki","10":"first","11":"instock","12":"taxable","13":"shipping-taxable","14":"purchasable","15":"product-type-simple"},"_links":{"self":[{"href":"https:\/\/www.bobooaza.pl\/index.php\/wp-json\/wp\/v2\/product\/9902","targetHints":{"allow":["GET"]}}],"collection":[{"href":"https:\/\/www.bobooaza.pl\/index.php\/wp-json\/wp\/v2\/product"}],"about":[{"href":"https:\/\/www.bobooaza.pl\/index.php\/wp-json\/wp\/v2\/types\/product"}],"replies":[{"embeddable":true,"href":"https:\/\/www.bobooaza.pl\/index.php\/wp-json\/wp\/v2\/comments?post=9902"}],"wp:featuredmedia":[{"embeddable":true,"href":"https:\/\/www.bobooaza.pl\/index.php\/wp-json\/wp\/v2\/media\/9901"}],"wp:attachment":[{"href":"https:\/\/www.bobooaza.pl\/index.php\/wp-json\/wp\/v2\/media?parent=9902"}],"wp:term":[{"taxonomy":"product_brand","embeddable":true,"href":"https:\/\/www.bobooaza.pl\/index.php\/wp-json\/wp\/v2\/product_brand?post=9902"},{"taxonomy":"product_cat","embeddable":true,"href":"https:\/\/www.bobooaza.pl\/index.php\/wp-json\/wp\/v2\/product_cat?post=9902"},{"taxonomy":"product_tag","embeddable":true,"href":"https:\/\/www.bobooaza.pl\/index.php\/wp-json\/wp\/v2\/product_tag?post=9902"}],"curies":[{"name":"wp","href":"https:\/\/api.w.org\/{rel}","templated":true}]}}