{"id":9904,"date":"2026-01-02T22:56:35","date_gmt":"2026-01-02T21:56:35","guid":{"rendered":"https:\/\/bobooaza.pl\/index.php\/produkt\/canpol-2-187-grzechotka-sowa-zielony\/"},"modified":"2026-01-19T20:18:47","modified_gmt":"2026-01-19T19:18:47","slug":"canpol-2-187-grzechotka-sowa-zielony","status":"publish","type":"product","link":"https:\/\/www.bobooaza.pl\/index.php\/produkt\/canpol-2-187-grzechotka-sowa-zielony\/","title":{"rendered":"CANPOL 2\/187 Grzechotka Sowa zielony"},"content":{"rendered":"<p>Grzechotka Sowa zielona marki Canpol to lekka i por\u0119czna zabawka, idealna dla najm\u0142odszych dzieci jako pierwsza grzechotka. Dzi\u0119ki r\u00f3\u017cnorodnym kszta\u0142tom i kolorom zach\u0119ca malucha do zabawy, stymuluje rozw\u00f3j psychomotoryczny i wprowadza dziecko w \u015bwiat d\u017awi\u0119k\u00f3w, ruchu i barw. Wykonana z trwa\u0142ych i bezpiecznych materia\u0142\u00f3w, bez ostrych kraw\u0119dzi, jest odpowiednia do codziennego u\u017cytkowania przez niemowl\u0119ta.<\/p>\n","protected":false},"excerpt":{"rendered":"<p>Grzechotka Sowa zielona marki Canpol to lekka i por\u0119czna zabawka, idealna dla najm\u0142odszych dzieci jako pierwsza grzechotka. Dzi\u0119ki r\u00f3\u017cnorodnym kszta\u0142tom i kolorom zach\u0119ca malucha do zabawy, stymuluje rozw\u00f3j psychomotoryczny i wprowadza dziecko w \u015bwiat d\u017awi\u0119k\u00f3w, ruchu i barw. Wykonana z trwa\u0142ych i bezpiecznych materia\u0142\u00f3w, bez ostrych kraw\u0119dzi, jest odpowiednia do codziennego u\u017cytkowania przez niemowl\u0119ta.<\/p>\n","protected":false},"featured_media":9903,"comment_status":"open","ping_status":"closed","template":"","meta":[],"product_brand":[],"product_cat":[116,70,61],"product_tag":[],"class_list":{"0":"post-9904","1":"product","2":"type-product","3":"status-publish","4":"has-post-thumbnail","6":"product_cat-grzechotki","7":"product_cat-sensoryczne-i-montessori","8":"product_cat-zabawki","10":"first","11":"instock","12":"taxable","13":"shipping-taxable","14":"purchasable","15":"product-type-simple"},"_links":{"self":[{"href":"https:\/\/www.bobooaza.pl\/index.php\/wp-json\/wp\/v2\/product\/9904","targetHints":{"allow":["GET"]}}],"collection":[{"href":"https:\/\/www.bobooaza.pl\/index.php\/wp-json\/wp\/v2\/product"}],"about":[{"href":"https:\/\/www.bobooaza.pl\/index.php\/wp-json\/wp\/v2\/types\/product"}],"replies":[{"embeddable":true,"href":"https:\/\/www.bobooaza.pl\/index.php\/wp-json\/wp\/v2\/comments?post=9904"}],"wp:featuredmedia":[{"embeddable":true,"href":"https:\/\/www.bobooaza.pl\/index.php\/wp-json\/wp\/v2\/media\/9903"}],"wp:attachment":[{"href":"https:\/\/www.bobooaza.pl\/index.php\/wp-json\/wp\/v2\/media?parent=9904"}],"wp:term":[{"taxonomy":"product_brand","embeddable":true,"href":"https:\/\/www.bobooaza.pl\/index.php\/wp-json\/wp\/v2\/product_brand?post=9904"},{"taxonomy":"product_cat","embeddable":true,"href":"https:\/\/www.bobooaza.pl\/index.php\/wp-json\/wp\/v2\/product_cat?post=9904"},{"taxonomy":"product_tag","embeddable":true,"href":"https:\/\/www.bobooaza.pl\/index.php\/wp-json\/wp\/v2\/product_tag?post=9904"}],"curies":[{"name":"wp","href":"https:\/\/api.w.org\/{rel}","templated":true}]}}