{"id":9906,"date":"2026-01-02T22:56:37","date_gmt":"2026-01-02T21:56:37","guid":{"rendered":"https:\/\/bobooaza.pl\/index.php\/produkt\/canpol-79-101-interaktywna-zabawka-z-grzechotka-mis-czerwony\/"},"modified":"2026-01-02T22:58:17","modified_gmt":"2026-01-02T21:58:17","slug":"canpol-79-101-interaktywna-zabawka-z-grzechotka-mis-czerwony","status":"publish","type":"product","link":"https:\/\/www.bobooaza.pl\/index.php\/produkt\/canpol-79-101-interaktywna-zabawka-z-grzechotka-mis-czerwony\/","title":{"rendered":"CANPOL 79\/101 Interaktywna zabawka z grzechotk\u0105 MI\u015a czerwony"},"content":{"rendered":"<p>Interaktywna zabawka Mi\u015b czerwony marki Canpol zosta\u0142a stworzona z my\u015bl\u0105 o stymulowaniu zmys\u0142\u00f3w najm\u0142odszych dzieci. Zabawka posiada r\u00f3\u017cne faktury materia\u0142u i kontrastowe kolory, kt\u00f3re przyci\u0105gaj\u0105 uwag\u0119 malucha. Elastyczne i a\u017curowe elementy u\u0142atwiaj\u0105 chwytanie oraz manipulowanie zabawk\u0105, a widoczna przez nie grzechotka z kolorowymi koralikami wzbudza ciekawo\u015b\u0107 i zach\u0119ca do zabawy. Dodatkowo elastyczne uchwyty z wypustkami przynosz\u0105 ulg\u0119 podczas z\u0105bkowania.<\/p>\n","protected":false},"excerpt":{"rendered":"<p>Interaktywna zabawka Mi\u015b czerwony marki Canpol zosta\u0142a stworzona z my\u015bl\u0105 o stymulowaniu zmys\u0142\u00f3w najm\u0142odszych dzieci. Zabawka posiada r\u00f3\u017cne faktury materia\u0142u i kontrastowe kolory, kt\u00f3re przyci\u0105gaj\u0105 uwag\u0119 malucha. Elastyczne i a\u017curowe elementy u\u0142atwiaj\u0105 chwytanie oraz manipulowanie zabawk\u0105, a widoczna przez nie grzechotka z kolorowymi koralikami wzbudza ciekawo\u015b\u0107 i zach\u0119ca do zabawy. Dodatkowo elastyczne uchwyty z wypustkami [&hellip;]<\/p>\n","protected":false},"featured_media":9905,"comment_status":"open","ping_status":"closed","template":"","meta":[],"product_brand":[],"product_cat":[116,70,61],"product_tag":[],"class_list":{"0":"post-9906","1":"product","2":"type-product","3":"status-publish","4":"has-post-thumbnail","6":"product_cat-grzechotki","7":"product_cat-sensoryczne-i-montessori","8":"product_cat-zabawki","10":"first","11":"instock","12":"taxable","13":"shipping-taxable","14":"purchasable","15":"product-type-simple"},"_links":{"self":[{"href":"https:\/\/www.bobooaza.pl\/index.php\/wp-json\/wp\/v2\/product\/9906","targetHints":{"allow":["GET"]}}],"collection":[{"href":"https:\/\/www.bobooaza.pl\/index.php\/wp-json\/wp\/v2\/product"}],"about":[{"href":"https:\/\/www.bobooaza.pl\/index.php\/wp-json\/wp\/v2\/types\/product"}],"replies":[{"embeddable":true,"href":"https:\/\/www.bobooaza.pl\/index.php\/wp-json\/wp\/v2\/comments?post=9906"}],"wp:featuredmedia":[{"embeddable":true,"href":"https:\/\/www.bobooaza.pl\/index.php\/wp-json\/wp\/v2\/media\/9905"}],"wp:attachment":[{"href":"https:\/\/www.bobooaza.pl\/index.php\/wp-json\/wp\/v2\/media?parent=9906"}],"wp:term":[{"taxonomy":"product_brand","embeddable":true,"href":"https:\/\/www.bobooaza.pl\/index.php\/wp-json\/wp\/v2\/product_brand?post=9906"},{"taxonomy":"product_cat","embeddable":true,"href":"https:\/\/www.bobooaza.pl\/index.php\/wp-json\/wp\/v2\/product_cat?post=9906"},{"taxonomy":"product_tag","embeddable":true,"href":"https:\/\/www.bobooaza.pl\/index.php\/wp-json\/wp\/v2\/product_tag?post=9906"}],"curies":[{"name":"wp","href":"https:\/\/api.w.org\/{rel}","templated":true}]}}