{"id":9908,"date":"2026-01-02T22:56:38","date_gmt":"2026-01-02T21:56:38","guid":{"rendered":"https:\/\/bobooaza.pl\/index.php\/produkt\/canpol-56-145-grzechotka-z-kolorowymi-koralikami\/"},"modified":"2026-01-02T22:58:17","modified_gmt":"2026-01-02T21:58:17","slug":"canpol-56-145-grzechotka-z-kolorowymi-koralikami","status":"publish","type":"product","link":"https:\/\/www.bobooaza.pl\/index.php\/produkt\/canpol-56-145-grzechotka-z-kolorowymi-koralikami\/","title":{"rendered":"CANPOL 56\/145 Grzechotka z kolorowymi koralikami"},"content":{"rendered":"<p>Grzechotka z kolorowymi koralikami marki Canpol zosta\u0142a zaprojektowana specjalnie dla najm\u0142odszych dzieci. \u0141\u0105czy funkcje gryzaczka i grzechotki dzi\u0119ki mi\u0119kkim elementom, kt\u00f3re przynosz\u0105 ulg\u0119 podczas z\u0105bkowania. Obrotowe cz\u0119\u015bci i kontrastowe kolory pobudzaj\u0105 ciekawo\u015b\u0107 malucha, wspieraj\u0105c jego rozw\u00f3j psychomotoryczny. Grzechotka wprowadza dziecko w \u015bwiat d\u017awi\u0119k\u00f3w, a lekka i por\u0119czna konstrukcja u\u0142atwia trzymanie w ma\u0142ych r\u0105czkach. Wykonana z trwa\u0142ych i bezpiecznych materia\u0142\u00f3w, bez ostrych kraw\u0119dzi, zapewnia bezpieczn\u0105 zabaw\u0119.<\/p>\n","protected":false},"excerpt":{"rendered":"<p>Grzechotka z kolorowymi koralikami marki Canpol zosta\u0142a zaprojektowana specjalnie dla najm\u0142odszych dzieci. \u0141\u0105czy funkcje gryzaczka i grzechotki dzi\u0119ki mi\u0119kkim elementom, kt\u00f3re przynosz\u0105 ulg\u0119 podczas z\u0105bkowania. Obrotowe cz\u0119\u015bci i kontrastowe kolory pobudzaj\u0105 ciekawo\u015b\u0107 malucha, wspieraj\u0105c jego rozw\u00f3j psychomotoryczny. Grzechotka wprowadza dziecko w \u015bwiat d\u017awi\u0119k\u00f3w, a lekka i por\u0119czna konstrukcja u\u0142atwia trzymanie w ma\u0142ych r\u0105czkach. Wykonana z [&hellip;]<\/p>\n","protected":false},"featured_media":9907,"comment_status":"open","ping_status":"closed","template":"","meta":[],"product_brand":[],"product_cat":[116,70,61],"product_tag":[],"class_list":{"0":"post-9908","1":"product","2":"type-product","3":"status-publish","4":"has-post-thumbnail","6":"product_cat-grzechotki","7":"product_cat-sensoryczne-i-montessori","8":"product_cat-zabawki","10":"first","11":"instock","12":"taxable","13":"shipping-taxable","14":"purchasable","15":"product-type-simple"},"_links":{"self":[{"href":"https:\/\/www.bobooaza.pl\/index.php\/wp-json\/wp\/v2\/product\/9908","targetHints":{"allow":["GET"]}}],"collection":[{"href":"https:\/\/www.bobooaza.pl\/index.php\/wp-json\/wp\/v2\/product"}],"about":[{"href":"https:\/\/www.bobooaza.pl\/index.php\/wp-json\/wp\/v2\/types\/product"}],"replies":[{"embeddable":true,"href":"https:\/\/www.bobooaza.pl\/index.php\/wp-json\/wp\/v2\/comments?post=9908"}],"wp:featuredmedia":[{"embeddable":true,"href":"https:\/\/www.bobooaza.pl\/index.php\/wp-json\/wp\/v2\/media\/9907"}],"wp:attachment":[{"href":"https:\/\/www.bobooaza.pl\/index.php\/wp-json\/wp\/v2\/media?parent=9908"}],"wp:term":[{"taxonomy":"product_brand","embeddable":true,"href":"https:\/\/www.bobooaza.pl\/index.php\/wp-json\/wp\/v2\/product_brand?post=9908"},{"taxonomy":"product_cat","embeddable":true,"href":"https:\/\/www.bobooaza.pl\/index.php\/wp-json\/wp\/v2\/product_cat?post=9908"},{"taxonomy":"product_tag","embeddable":true,"href":"https:\/\/www.bobooaza.pl\/index.php\/wp-json\/wp\/v2\/product_tag?post=9908"}],"curies":[{"name":"wp","href":"https:\/\/api.w.org\/{rel}","templated":true}]}}