{"id":9910,"date":"2026-01-02T22:56:39","date_gmt":"2026-01-02T21:56:39","guid":{"rendered":"https:\/\/bobooaza.pl\/index.php\/produkt\/canpol-2-606-grzechotka-nova-sztanga-zielona\/"},"modified":"2026-01-19T20:18:48","modified_gmt":"2026-01-19T19:18:48","slug":"canpol-2-606-grzechotka-nova-sztanga-zielona","status":"publish","type":"product","link":"https:\/\/www.bobooaza.pl\/index.php\/produkt\/canpol-2-606-grzechotka-nova-sztanga-zielona\/","title":{"rendered":"CANPOL 2\/606 Grzechotka NOVA Sztanga zielona"},"content":{"rendered":"<p>Grzechotka Nova Sztanga zielona marki Canpol zosta\u0142a stworzona z my\u015bl\u0105 o najm\u0142odszych dzieciach. Jest lekka i \u0142atwa do utrzymania w ma\u0142ych r\u0105czkach, co czyni j\u0105 idealn\u0105 pierwsz\u0105 grzechotk\u0105. Kolorowe elementy i r\u00f3\u017cnorodne kszta\u0142ty zach\u0119caj\u0105 malucha do zabawy, wspieraj\u0105c rozw\u00f3j zdolno\u015bci manualnych i koordynacji ruchowej. Grzechotka wprowadza dziecko w \u015bwiat d\u017awi\u0119k\u00f3w, ruchu i barw, a wykonanie z trwa\u0142ych i bezpiecznych materia\u0142\u00f3w oraz brak ostrych kraw\u0119dzi zapewniaj\u0105 bezpieczn\u0105 zabaw\u0119.<\/p>\n","protected":false},"excerpt":{"rendered":"<p>Grzechotka Nova Sztanga zielona marki Canpol zosta\u0142a stworzona z my\u015bl\u0105 o najm\u0142odszych dzieciach. Jest lekka i \u0142atwa do utrzymania w ma\u0142ych r\u0105czkach, co czyni j\u0105 idealn\u0105 pierwsz\u0105 grzechotk\u0105. Kolorowe elementy i r\u00f3\u017cnorodne kszta\u0142ty zach\u0119caj\u0105 malucha do zabawy, wspieraj\u0105c rozw\u00f3j zdolno\u015bci manualnych i koordynacji ruchowej. Grzechotka wprowadza dziecko w \u015bwiat d\u017awi\u0119k\u00f3w, ruchu i barw, a wykonanie [&hellip;]<\/p>\n","protected":false},"featured_media":9909,"comment_status":"open","ping_status":"closed","template":"","meta":[],"product_brand":[],"product_cat":[116,70,61],"product_tag":[],"class_list":{"0":"post-9910","1":"product","2":"type-product","3":"status-publish","4":"has-post-thumbnail","6":"product_cat-grzechotki","7":"product_cat-sensoryczne-i-montessori","8":"product_cat-zabawki","10":"first","11":"instock","12":"taxable","13":"shipping-taxable","14":"purchasable","15":"product-type-simple"},"_links":{"self":[{"href":"https:\/\/www.bobooaza.pl\/index.php\/wp-json\/wp\/v2\/product\/9910","targetHints":{"allow":["GET"]}}],"collection":[{"href":"https:\/\/www.bobooaza.pl\/index.php\/wp-json\/wp\/v2\/product"}],"about":[{"href":"https:\/\/www.bobooaza.pl\/index.php\/wp-json\/wp\/v2\/types\/product"}],"replies":[{"embeddable":true,"href":"https:\/\/www.bobooaza.pl\/index.php\/wp-json\/wp\/v2\/comments?post=9910"}],"wp:featuredmedia":[{"embeddable":true,"href":"https:\/\/www.bobooaza.pl\/index.php\/wp-json\/wp\/v2\/media\/9909"}],"wp:attachment":[{"href":"https:\/\/www.bobooaza.pl\/index.php\/wp-json\/wp\/v2\/media?parent=9910"}],"wp:term":[{"taxonomy":"product_brand","embeddable":true,"href":"https:\/\/www.bobooaza.pl\/index.php\/wp-json\/wp\/v2\/product_brand?post=9910"},{"taxonomy":"product_cat","embeddable":true,"href":"https:\/\/www.bobooaza.pl\/index.php\/wp-json\/wp\/v2\/product_cat?post=9910"},{"taxonomy":"product_tag","embeddable":true,"href":"https:\/\/www.bobooaza.pl\/index.php\/wp-json\/wp\/v2\/product_tag?post=9910"}],"curies":[{"name":"wp","href":"https:\/\/api.w.org\/{rel}","templated":true}]}}