{"id":9918,"date":"2026-01-02T22:56:48","date_gmt":"2026-01-02T21:56:48","guid":{"rendered":"https:\/\/bobooaza.pl\/index.php\/produkt\/b-o-499-02-edukacyjny-gryzak-z-grzechotka-tasty-watermelon\/"},"modified":"2026-01-19T20:18:50","modified_gmt":"2026-01-19T19:18:50","slug":"b-o-499-02-edukacyjny-gryzak-z-grzechotka-tasty-watermelon","status":"publish","type":"product","link":"https:\/\/www.bobooaza.pl\/index.php\/produkt\/b-o-499-02-edukacyjny-gryzak-z-grzechotka-tasty-watermelon\/","title":{"rendered":"B.O.499\/02 Edukacyjny gryzak z grzechotk\u0105 TASTY WATERMELON"},"content":{"rendered":"<p>Edukacyjny gryzak z grzechotk\u0105 Tasty Watermelon marki Babyono zosta\u0142 stworzony z my\u015bl\u0105 o najm\u0142odszych dzieciach. Ergonomiczny kszta\u0142t umo\u017cliwia wygodne trzymanie w drobnych r\u0105czkach, a elastyczny materia\u0142 o pofa\u0142dowanej strukturze delikatnie masuje dzi\u0105s\u0142a podczas z\u0105bkowania, przynosz\u0105c ulg\u0119 maluchowi. We wn\u0119trzu gryzaka znajduj\u0105 si\u0119 kulki, kt\u00f3re grzechocz\u0105 przy ka\u017cdym ruchu, zach\u0119caj\u0105c dziecko do zabawy i stymuluj\u0105c rozw\u00f3j sensoryczny oraz zdolno\u015bci manualne. Zabawka wspiera \u0107wiczenie chwytu oraz przek\u0142adanie przedmiotu z r\u0105czki do r\u0105czki, a jednocze\u015bnie stymuluje rozw\u00f3j zmys\u0142\u00f3w.<\/p>\n<p>Gryzak wykonany jest z trwa\u0142ych i bezpiecznych materia\u0142\u00f3w, nie zawiera Bisfenolu A (0% BPA).<\/p>\n<p>Wymiary gryzaka: wysoko\u015b\u0107 14 cm, szeroko\u015b\u0107 6 cm.<\/p>\n","protected":false},"excerpt":{"rendered":"<p>Edukacyjny gryzak z grzechotk\u0105 Tasty Watermelon marki Babyono zosta\u0142 stworzony z my\u015bl\u0105 o najm\u0142odszych dzieciach. Ergonomiczny kszta\u0142t umo\u017cliwia wygodne trzymanie w drobnych r\u0105czkach, a elastyczny materia\u0142 o pofa\u0142dowanej strukturze delikatnie masuje dzi\u0105s\u0142a podczas z\u0105bkowania, przynosz\u0105c ulg\u0119 maluchowi. We wn\u0119trzu gryzaka znajduj\u0105 si\u0119 kulki, kt\u00f3re grzechocz\u0105 przy ka\u017cdym ruchu, zach\u0119caj\u0105c dziecko do zabawy i stymuluj\u0105c rozw\u00f3j [&hellip;]<\/p>\n","protected":false},"featured_media":9915,"comment_status":"open","ping_status":"closed","template":"","meta":[],"product_brand":[],"product_cat":[116,70,61],"product_tag":[],"class_list":{"0":"post-9918","1":"product","2":"type-product","3":"status-publish","4":"has-post-thumbnail","6":"product_cat-grzechotki","7":"product_cat-sensoryczne-i-montessori","8":"product_cat-zabawki","10":"first","11":"instock","12":"taxable","13":"shipping-taxable","14":"purchasable","15":"product-type-simple"},"_links":{"self":[{"href":"https:\/\/www.bobooaza.pl\/index.php\/wp-json\/wp\/v2\/product\/9918","targetHints":{"allow":["GET"]}}],"collection":[{"href":"https:\/\/www.bobooaza.pl\/index.php\/wp-json\/wp\/v2\/product"}],"about":[{"href":"https:\/\/www.bobooaza.pl\/index.php\/wp-json\/wp\/v2\/types\/product"}],"replies":[{"embeddable":true,"href":"https:\/\/www.bobooaza.pl\/index.php\/wp-json\/wp\/v2\/comments?post=9918"}],"wp:featuredmedia":[{"embeddable":true,"href":"https:\/\/www.bobooaza.pl\/index.php\/wp-json\/wp\/v2\/media\/9915"}],"wp:attachment":[{"href":"https:\/\/www.bobooaza.pl\/index.php\/wp-json\/wp\/v2\/media?parent=9918"}],"wp:term":[{"taxonomy":"product_brand","embeddable":true,"href":"https:\/\/www.bobooaza.pl\/index.php\/wp-json\/wp\/v2\/product_brand?post=9918"},{"taxonomy":"product_cat","embeddable":true,"href":"https:\/\/www.bobooaza.pl\/index.php\/wp-json\/wp\/v2\/product_cat?post=9918"},{"taxonomy":"product_tag","embeddable":true,"href":"https:\/\/www.bobooaza.pl\/index.php\/wp-json\/wp\/v2\/product_tag?post=9918"}],"curies":[{"name":"wp","href":"https:\/\/api.w.org\/{rel}","templated":true}]}}