{"id":9921,"date":"2026-01-02T22:56:49","date_gmt":"2026-01-02T21:56:49","guid":{"rendered":"https:\/\/bobooaza.pl\/index.php\/produkt\/akuku-a0467-grzechotka-czarno-bialy-mis\/"},"modified":"2026-01-02T22:58:20","modified_gmt":"2026-01-02T21:58:20","slug":"akuku-a0467-grzechotka-czarno-bialy-mis","status":"publish","type":"product","link":"https:\/\/www.bobooaza.pl\/index.php\/produkt\/akuku-a0467-grzechotka-czarno-bialy-mis\/","title":{"rendered":"AKUKU A0467 Grzechotka czarno-bia\u0142y Mi\u015b"},"content":{"rendered":"<p>Grzechotka Akuku czarno-bia\u0142y Mi\u015b zosta\u0142a stworzona z my\u015bl\u0105 o najm\u0142odszych dzieciach. Wykonana jest z trwa\u0142ych i bezpiecznych materia\u0142\u00f3w, bez ostrych kraw\u0119dzi. Ergonomiczny kszta\u0142t u\u0142atwia chwytanie i utrzymanie w ma\u0142ych r\u0105czkach. Kontrastowe czarno-bia\u0142e kolory stymuluj\u0105 wzrok niemowlaka, kt\u00f3ry jeszcze nie rozr\u00f3\u017cnia barw, a zabawa grzechotk\u0105 wspiera rozw\u00f3j koordynacji wzrokowo-s\u0142uchowej. Produkt w 100% wolny od bisfenolu A (0% BPA).<\/p>\n<p>\u015arednica grzechotki: 9,5 cm.<\/p>\n","protected":false},"excerpt":{"rendered":"<p>Grzechotka Akuku czarno-bia\u0142y Mi\u015b zosta\u0142a stworzona z my\u015bl\u0105 o najm\u0142odszych dzieciach. Wykonana jest z trwa\u0142ych i bezpiecznych materia\u0142\u00f3w, bez ostrych kraw\u0119dzi. Ergonomiczny kszta\u0142t u\u0142atwia chwytanie i utrzymanie w ma\u0142ych r\u0105czkach. Kontrastowe czarno-bia\u0142e kolory stymuluj\u0105 wzrok niemowlaka, kt\u00f3ry jeszcze nie rozr\u00f3\u017cnia barw, a zabawa grzechotk\u0105 wspiera rozw\u00f3j koordynacji wzrokowo-s\u0142uchowej. Produkt w 100% wolny od bisfenolu A [&hellip;]<\/p>\n","protected":false},"featured_media":9919,"comment_status":"open","ping_status":"closed","template":"","meta":[],"product_brand":[],"product_cat":[116,70,61],"product_tag":[],"class_list":{"0":"post-9921","1":"product","2":"type-product","3":"status-publish","4":"has-post-thumbnail","6":"product_cat-grzechotki","7":"product_cat-sensoryczne-i-montessori","8":"product_cat-zabawki","10":"first","11":"instock","12":"taxable","13":"shipping-taxable","14":"purchasable","15":"product-type-simple"},"_links":{"self":[{"href":"https:\/\/www.bobooaza.pl\/index.php\/wp-json\/wp\/v2\/product\/9921","targetHints":{"allow":["GET"]}}],"collection":[{"href":"https:\/\/www.bobooaza.pl\/index.php\/wp-json\/wp\/v2\/product"}],"about":[{"href":"https:\/\/www.bobooaza.pl\/index.php\/wp-json\/wp\/v2\/types\/product"}],"replies":[{"embeddable":true,"href":"https:\/\/www.bobooaza.pl\/index.php\/wp-json\/wp\/v2\/comments?post=9921"}],"wp:featuredmedia":[{"embeddable":true,"href":"https:\/\/www.bobooaza.pl\/index.php\/wp-json\/wp\/v2\/media\/9919"}],"wp:attachment":[{"href":"https:\/\/www.bobooaza.pl\/index.php\/wp-json\/wp\/v2\/media?parent=9921"}],"wp:term":[{"taxonomy":"product_brand","embeddable":true,"href":"https:\/\/www.bobooaza.pl\/index.php\/wp-json\/wp\/v2\/product_brand?post=9921"},{"taxonomy":"product_cat","embeddable":true,"href":"https:\/\/www.bobooaza.pl\/index.php\/wp-json\/wp\/v2\/product_cat?post=9921"},{"taxonomy":"product_tag","embeddable":true,"href":"https:\/\/www.bobooaza.pl\/index.php\/wp-json\/wp\/v2\/product_tag?post=9921"}],"curies":[{"name":"wp","href":"https:\/\/api.w.org\/{rel}","templated":true}]}}