{"id":9924,"date":"2026-01-02T22:56:51","date_gmt":"2026-01-02T21:56:51","guid":{"rendered":"https:\/\/bobooaza.pl\/index.php\/produkt\/akuku-a0468-grzechotka-do-wozka-czarno-biale-misie\/"},"modified":"2026-01-02T22:58:20","modified_gmt":"2026-01-02T21:58:20","slug":"akuku-a0468-grzechotka-do-wozka-czarno-biale-misie","status":"publish","type":"product","link":"https:\/\/www.bobooaza.pl\/index.php\/produkt\/akuku-a0468-grzechotka-do-wozka-czarno-biale-misie\/","title":{"rendered":"AKUKU A0468 Grzechotka do w\u00f3zka czarno-bia\u0142e Misie"},"content":{"rendered":"<p>Grzechotka do w\u00f3zka Akuku czarno-bia\u0142e Misie umila spacery weso\u0142ymi d\u017awi\u0119kami. Kontrastowe czarno-bia\u0142e kolory stymuluj\u0105 wzrok niemowlaka, kt\u00f3ry jeszcze nie rozr\u00f3\u017cnia barw, a zaokr\u0105glone kszta\u0142ty s\u0105 bezpieczne dla maluszka. Zabawka mo\u017ce by\u0107 zaczepiona do w\u00f3zka lub \u0142\u00f3\u017ceczka, przyci\u0105ga uwag\u0119 dziecka i wspiera rozw\u00f3j koordynacji wzrokowo-s\u0142uchowej oraz motorycznej. Wykonana z wysokiej jako\u015bci materia\u0142\u00f3w, bezpiecznych dla niemowl\u0105t.<\/p>\n<p>D\u0142ugo\u015b\u0107 grzechotki: oko\u0142o 30 cm.<\/p>\n","protected":false},"excerpt":{"rendered":"<p>Grzechotka do w\u00f3zka Akuku czarno-bia\u0142e Misie umila spacery weso\u0142ymi d\u017awi\u0119kami. Kontrastowe czarno-bia\u0142e kolory stymuluj\u0105 wzrok niemowlaka, kt\u00f3ry jeszcze nie rozr\u00f3\u017cnia barw, a zaokr\u0105glone kszta\u0142ty s\u0105 bezpieczne dla maluszka. Zabawka mo\u017ce by\u0107 zaczepiona do w\u00f3zka lub \u0142\u00f3\u017ceczka, przyci\u0105ga uwag\u0119 dziecka i wspiera rozw\u00f3j koordynacji wzrokowo-s\u0142uchowej oraz motorycznej. Wykonana z wysokiej jako\u015bci materia\u0142\u00f3w, bezpiecznych dla niemowl\u0105t. D\u0142ugo\u015b\u0107 [&hellip;]<\/p>\n","protected":false},"featured_media":9922,"comment_status":"open","ping_status":"closed","template":"","meta":[],"product_brand":[],"product_cat":[116,70,61],"product_tag":[],"class_list":{"0":"post-9924","1":"product","2":"type-product","3":"status-publish","4":"has-post-thumbnail","6":"product_cat-grzechotki","7":"product_cat-sensoryczne-i-montessori","8":"product_cat-zabawki","10":"first","11":"instock","12":"taxable","13":"shipping-taxable","14":"purchasable","15":"product-type-simple"},"_links":{"self":[{"href":"https:\/\/www.bobooaza.pl\/index.php\/wp-json\/wp\/v2\/product\/9924","targetHints":{"allow":["GET"]}}],"collection":[{"href":"https:\/\/www.bobooaza.pl\/index.php\/wp-json\/wp\/v2\/product"}],"about":[{"href":"https:\/\/www.bobooaza.pl\/index.php\/wp-json\/wp\/v2\/types\/product"}],"replies":[{"embeddable":true,"href":"https:\/\/www.bobooaza.pl\/index.php\/wp-json\/wp\/v2\/comments?post=9924"}],"wp:featuredmedia":[{"embeddable":true,"href":"https:\/\/www.bobooaza.pl\/index.php\/wp-json\/wp\/v2\/media\/9922"}],"wp:attachment":[{"href":"https:\/\/www.bobooaza.pl\/index.php\/wp-json\/wp\/v2\/media?parent=9924"}],"wp:term":[{"taxonomy":"product_brand","embeddable":true,"href":"https:\/\/www.bobooaza.pl\/index.php\/wp-json\/wp\/v2\/product_brand?post=9924"},{"taxonomy":"product_cat","embeddable":true,"href":"https:\/\/www.bobooaza.pl\/index.php\/wp-json\/wp\/v2\/product_cat?post=9924"},{"taxonomy":"product_tag","embeddable":true,"href":"https:\/\/www.bobooaza.pl\/index.php\/wp-json\/wp\/v2\/product_tag?post=9924"}],"curies":[{"name":"wp","href":"https:\/\/api.w.org\/{rel}","templated":true}]}}