{"id":9930,"date":"2026-01-02T23:34:18","date_gmt":"2026-01-02T22:34:18","guid":{"rendered":"https:\/\/bobooaza.pl\/index.php\/produkt\/wader-74504-taczka-do-piasku-zielona\/"},"modified":"2026-01-02T23:36:09","modified_gmt":"2026-01-02T22:36:09","slug":"wader-74504-taczka-do-piasku-zielona","status":"publish","type":"product","link":"https:\/\/www.bobooaza.pl\/index.php\/produkt\/wader-74504-taczka-do-piasku-zielona\/","title":{"rendered":"WADER 74504 Taczka do piasku zielona"},"content":{"rendered":"<p>Grzechotka WADER 74504 \u2013 Taczka do piasku zielona to lekka i wytrzyma\u0142a zabawka outdoorowa dla dzieci od 1 roku \u017cycia, idealna do zabawy w ogrodzie, piaskownicy, na dzia\u0142ce czy pla\u017cy. Dziecko mo\u017ce w niej przewozi\u0107 piasek, li\u015bcie, owoce, kamienie lub zabawki, jednocze\u015bnie \u0107wicz\u0105c zdolno\u015bci motoryczne, koordynacj\u0119 i r\u00f3wnowag\u0119.<\/p>\n<p>Cechy zabawki:<\/p>\n<p>D\u0142ugo\u015b\u0107 taczki: 53 cm \u2013 kompaktowe rozmiary dla ma\u0142ych dzieci<\/p>\n<p>Wyprofilowane uchwyty u\u0142atwiaj\u0105 manewrowanie i pomagaj\u0105 utrzyma\u0107 r\u00f3wnowag\u0119<\/p>\n<p>Wykonana z trwa\u0142ego, odpornego na warunki atmosferyczne i bezpiecznego tworzywa<\/p>\n<p>Zabawa rozwija wyobra\u017ani\u0119, kreatywno\u015b\u0107 oraz umiej\u0119tno\u015bci manualne i motoryczne<\/p>\n<p>Wspiera nauk\u0119 wsp\u00f3\u0142pracy i komunikacji podczas zabawy z r\u00f3wie\u015bnikami<\/p>\n<p>Kolor: zielony (dost\u0119pna r\u00f3wnie\u017c w jasnozielonym, niebieskim, czerwonym i r\u00f3\u017cowym)<\/p>\n<p>To zabawka, kt\u00f3ra \u0142\u0105czy ruch na \u015bwie\u017cym powietrzu z kreatywn\u0105 zabaw\u0105 i nauk\u0105 wsp\u00f3\u0142pracy.<\/p>\n","protected":false},"excerpt":{"rendered":"<p>Grzechotka WADER 74504 \u2013 Taczka do piasku zielona to lekka i wytrzyma\u0142a zabawka outdoorowa dla dzieci od 1 roku \u017cycia, idealna do zabawy w ogrodzie, piaskownicy, na dzia\u0142ce czy pla\u017cy. Dziecko mo\u017ce w niej przewozi\u0107 piasek, li\u015bcie, owoce, kamienie lub zabawki, jednocze\u015bnie \u0107wicz\u0105c zdolno\u015bci motoryczne, koordynacj\u0119 i r\u00f3wnowag\u0119. Cechy zabawki: D\u0142ugo\u015b\u0107 taczki: 53 cm \u2013 [&hellip;]<\/p>\n","protected":false},"featured_media":9929,"comment_status":"open","ping_status":"closed","template":"","meta":[],"product_brand":[],"product_cat":[61,136,130],"product_tag":[],"class_list":{"0":"post-9930","1":"product","2":"type-product","3":"status-publish","4":"has-post-thumbnail","6":"product_cat-zabawki","7":"product_cat-zabawki-pozostale","8":"product_cat-zestawy-do-piasku","10":"first","11":"instock","12":"taxable","13":"shipping-taxable","14":"purchasable","15":"product-type-simple"},"_links":{"self":[{"href":"https:\/\/www.bobooaza.pl\/index.php\/wp-json\/wp\/v2\/product\/9930","targetHints":{"allow":["GET"]}}],"collection":[{"href":"https:\/\/www.bobooaza.pl\/index.php\/wp-json\/wp\/v2\/product"}],"about":[{"href":"https:\/\/www.bobooaza.pl\/index.php\/wp-json\/wp\/v2\/types\/product"}],"replies":[{"embeddable":true,"href":"https:\/\/www.bobooaza.pl\/index.php\/wp-json\/wp\/v2\/comments?post=9930"}],"wp:featuredmedia":[{"embeddable":true,"href":"https:\/\/www.bobooaza.pl\/index.php\/wp-json\/wp\/v2\/media\/9929"}],"wp:attachment":[{"href":"https:\/\/www.bobooaza.pl\/index.php\/wp-json\/wp\/v2\/media?parent=9930"}],"wp:term":[{"taxonomy":"product_brand","embeddable":true,"href":"https:\/\/www.bobooaza.pl\/index.php\/wp-json\/wp\/v2\/product_brand?post=9930"},{"taxonomy":"product_cat","embeddable":true,"href":"https:\/\/www.bobooaza.pl\/index.php\/wp-json\/wp\/v2\/product_cat?post=9930"},{"taxonomy":"product_tag","embeddable":true,"href":"https:\/\/www.bobooaza.pl\/index.php\/wp-json\/wp\/v2\/product_tag?post=9930"}],"curies":[{"name":"wp","href":"https:\/\/api.w.org\/{rel}","templated":true}]}}