{"id":9938,"date":"2026-01-02T23:34:23","date_gmt":"2026-01-02T22:34:23","guid":{"rendered":"https:\/\/bobooaza.pl\/index.php\/produkt\/woopie-44138-zestaw-do-piasku-3w1-walizka-piesek-stolik-wodny\/"},"modified":"2026-01-19T21:53:14","modified_gmt":"2026-01-19T20:53:14","slug":"woopie-44138-zestaw-do-piasku-3w1-walizka-piesek-stolik-wodny","status":"publish","type":"product","link":"https:\/\/www.bobooaza.pl\/index.php\/produkt\/woopie-44138-zestaw-do-piasku-3w1-walizka-piesek-stolik-wodny\/","title":{"rendered":"WOOPIE 44138 \u2013 Zestaw do piasku 3w1 Walizka Piesek Stolik Wodny"},"content":{"rendered":"<p>To wszechstronny zestaw do zabawy dla dzieci od 3 roku \u017cycia, kt\u00f3ry \u0142\u0105czy zabaw\u0119 w piasku i wodzie w jednym kompaktowym opakowaniu \u2013 walizce. Idealny do domu, ogrodu, piaskownicy czy na pla\u017c\u0119.<\/p>\n<p>Cechy produktu:<\/p>\n<p>Zestaw 3w1: walizka do przechowywania, zabawka wodna (stolik wodny), zestaw akcesori\u00f3w do piasku<\/p>\n<p>Walizka z wygodn\u0105 r\u0105czk\u0105 i cichymi ko\u0142ami \u2013 \u0142atwa do przenoszenia<\/p>\n<p>Rozwija zmys\u0142y dziecka, zdolno\u015bci manualne i koncentracj\u0119<\/p>\n<p>Zabawa dla jednego lub dw\u00f3ch dzieci<\/p>\n<p>Zawarto\u015b\u0107 zestawu:<\/p>\n<p>Walizka<\/p>\n<p>Grabki i \u0142opatki<\/p>\n<p>Foremki do piasku<\/p>\n<p>Kubeczek do przenoszenia wody<\/p>\n<p>Wymiary produktu (walizka z roz\u0142o\u017con\u0105 r\u0105czk\u0105): 26 \u00d7 13 \u00d7 47 cm<\/p>\n","protected":false},"excerpt":{"rendered":"<p>To wszechstronny zestaw do zabawy dla dzieci od 3 roku \u017cycia, kt\u00f3ry \u0142\u0105czy zabaw\u0119 w piasku i wodzie w jednym kompaktowym opakowaniu \u2013 walizce. Idealny do domu, ogrodu, piaskownicy czy na pla\u017c\u0119. Cechy produktu: Zestaw 3w1: walizka do przechowywania, zabawka wodna (stolik wodny), zestaw akcesori\u00f3w do piasku Walizka z wygodn\u0105 r\u0105czk\u0105 i cichymi ko\u0142ami \u2013 [&hellip;]<\/p>\n","protected":false},"featured_media":9933,"comment_status":"open","ping_status":"closed","template":"","meta":[],"product_brand":[],"product_cat":[61,136,130],"product_tag":[],"class_list":{"0":"post-9938","1":"product","2":"type-product","3":"status-publish","4":"has-post-thumbnail","6":"product_cat-zabawki","7":"product_cat-zabawki-pozostale","8":"product_cat-zestawy-do-piasku","10":"first","11":"instock","12":"taxable","13":"shipping-taxable","14":"purchasable","15":"product-type-simple"},"_links":{"self":[{"href":"https:\/\/www.bobooaza.pl\/index.php\/wp-json\/wp\/v2\/product\/9938","targetHints":{"allow":["GET"]}}],"collection":[{"href":"https:\/\/www.bobooaza.pl\/index.php\/wp-json\/wp\/v2\/product"}],"about":[{"href":"https:\/\/www.bobooaza.pl\/index.php\/wp-json\/wp\/v2\/types\/product"}],"replies":[{"embeddable":true,"href":"https:\/\/www.bobooaza.pl\/index.php\/wp-json\/wp\/v2\/comments?post=9938"}],"wp:featuredmedia":[{"embeddable":true,"href":"https:\/\/www.bobooaza.pl\/index.php\/wp-json\/wp\/v2\/media\/9933"}],"wp:attachment":[{"href":"https:\/\/www.bobooaza.pl\/index.php\/wp-json\/wp\/v2\/media?parent=9938"}],"wp:term":[{"taxonomy":"product_brand","embeddable":true,"href":"https:\/\/www.bobooaza.pl\/index.php\/wp-json\/wp\/v2\/product_brand?post=9938"},{"taxonomy":"product_cat","embeddable":true,"href":"https:\/\/www.bobooaza.pl\/index.php\/wp-json\/wp\/v2\/product_cat?post=9938"},{"taxonomy":"product_tag","embeddable":true,"href":"https:\/\/www.bobooaza.pl\/index.php\/wp-json\/wp\/v2\/product_tag?post=9938"}],"curies":[{"name":"wp","href":"https:\/\/api.w.org\/{rel}","templated":true}]}}