{"id":9940,"date":"2026-01-02T23:34:24","date_gmt":"2026-01-02T22:34:24","guid":{"rendered":"https:\/\/bobooaza.pl\/index.php\/produkt\/wader-81137-paw-patrol-komplet-do-piasku-6el\/"},"modified":"2026-01-02T23:36:11","modified_gmt":"2026-01-02T22:36:11","slug":"wader-81137-paw-patrol-komplet-do-piasku-6el","status":"publish","type":"product","link":"https:\/\/www.bobooaza.pl\/index.php\/produkt\/wader-81137-paw-patrol-komplet-do-piasku-6el\/","title":{"rendered":"WADER 81137 Paw Patrol komplet do piasku 6el."},"content":{"rendered":"<p>Zestaw do kreatywnej zabawy w piasku z motywem Paw Patrol, idealny dla dzieci od 1 roku \u017cycia. Ka\u017cdy element zestawu wykonany jest z bezpiecznych, nietoksycznych i trwa\u0142ych materia\u0142\u00f3w.<\/p>\n<p>Zawarto\u015b\u0107 zestawu (6 element\u00f3w):<\/p>\n<p>Okr\u0105g\u0142e wiaderko o pojemno\u015bci 3,4 l<\/p>\n<p>\u0141opatka<\/p>\n<p>Grabki<\/p>\n<p>Sitko<\/p>\n<p>Konewka o pojemno\u015bci 0,5 l<\/p>\n<p>Foremka<\/p>\n<p>Cechy produktu:<\/p>\n<p>Grafika wykonana metod\u0105 IML \u2013 odporna na kontakt z wod\u0105 i s\u0142o\u0144cem<\/p>\n<p>Kolorowe elementy zach\u0119caj\u0105 do zabawy i rozwijaj\u0105 kreatywno\u015b\u0107 dziecka<\/p>\n<p>Idealny do piaskownicy, ogrodu lub na pla\u017c\u0119<\/p>\n<p>Bezpieczny dla najm\u0142odszych dzieci (wiek 1+)<\/p>\n<p>Zestaw wspiera rozw\u00f3j motoryki ma\u0142ej, koordynacj\u0119 ruchow\u0105 oraz umiej\u0119tno\u015b\u0107 tw\u00f3rczej zabawy w piasku.<\/p>\n","protected":false},"excerpt":{"rendered":"<p>Zestaw do kreatywnej zabawy w piasku z motywem Paw Patrol, idealny dla dzieci od 1 roku \u017cycia. Ka\u017cdy element zestawu wykonany jest z bezpiecznych, nietoksycznych i trwa\u0142ych materia\u0142\u00f3w. Zawarto\u015b\u0107 zestawu (6 element\u00f3w): Okr\u0105g\u0142e wiaderko o pojemno\u015bci 3,4 l \u0141opatka Grabki Sitko Konewka o pojemno\u015bci 0,5 l Foremka Cechy produktu: Grafika wykonana metod\u0105 IML \u2013 odporna [&hellip;]<\/p>\n","protected":false},"featured_media":9939,"comment_status":"open","ping_status":"closed","template":"","meta":[],"product_brand":[],"product_cat":[61,136,130],"product_tag":[],"class_list":{"0":"post-9940","1":"product","2":"type-product","3":"status-publish","4":"has-post-thumbnail","6":"product_cat-zabawki","7":"product_cat-zabawki-pozostale","8":"product_cat-zestawy-do-piasku","10":"first","11":"instock","12":"taxable","13":"shipping-taxable","14":"purchasable","15":"product-type-simple"},"_links":{"self":[{"href":"https:\/\/www.bobooaza.pl\/index.php\/wp-json\/wp\/v2\/product\/9940","targetHints":{"allow":["GET"]}}],"collection":[{"href":"https:\/\/www.bobooaza.pl\/index.php\/wp-json\/wp\/v2\/product"}],"about":[{"href":"https:\/\/www.bobooaza.pl\/index.php\/wp-json\/wp\/v2\/types\/product"}],"replies":[{"embeddable":true,"href":"https:\/\/www.bobooaza.pl\/index.php\/wp-json\/wp\/v2\/comments?post=9940"}],"wp:featuredmedia":[{"embeddable":true,"href":"https:\/\/www.bobooaza.pl\/index.php\/wp-json\/wp\/v2\/media\/9939"}],"wp:attachment":[{"href":"https:\/\/www.bobooaza.pl\/index.php\/wp-json\/wp\/v2\/media?parent=9940"}],"wp:term":[{"taxonomy":"product_brand","embeddable":true,"href":"https:\/\/www.bobooaza.pl\/index.php\/wp-json\/wp\/v2\/product_brand?post=9940"},{"taxonomy":"product_cat","embeddable":true,"href":"https:\/\/www.bobooaza.pl\/index.php\/wp-json\/wp\/v2\/product_cat?post=9940"},{"taxonomy":"product_tag","embeddable":true,"href":"https:\/\/www.bobooaza.pl\/index.php\/wp-json\/wp\/v2\/product_tag?post=9940"}],"curies":[{"name":"wp","href":"https:\/\/api.w.org\/{rel}","templated":true}]}}