{"id":9953,"date":"2026-01-04T20:02:50","date_gmt":"2026-01-04T19:02:50","guid":{"rendered":"https:\/\/bobooaza.pl\/index.php\/produkt\/canpol-78-001-oddychajace-podklady-poporodowe-na-noc-10-szt\/"},"modified":"2026-01-04T20:09:42","modified_gmt":"2026-01-04T19:09:42","slug":"canpol-78-001-oddychajace-podklady-poporodowe-na-noc-10-szt","status":"publish","type":"product","link":"https:\/\/www.bobooaza.pl\/index.php\/produkt\/canpol-78-001-oddychajace-podklady-poporodowe-na-noc-10-szt\/","title":{"rendered":"CANPOL 78\/001 Oddychaj\u0105ce podk\u0142ady poporodowe na noc \u2013 10 szt."},"content":{"rendered":"<p>Oddychaj\u0105ce podk\u0142ady poporodowe Canpol babies na noc zosta\u0142y stworzone z my\u015bl\u0105 o maksymalnym komforcie i skutecznej ochronie w czasie snu w okresie po\u0142ogu. Wyj\u0105tkowo oddychaj\u0105ca struktura w po\u0142\u0105czeniu z anatomicznie wyprofilowanym kszta\u0142tem zapewnia wygod\u0119 u\u017cytkowania oraz niezawodn\u0105 ochron\u0119 przed przeciekaniem. Podk\u0142ady s\u0105 niezb\u0119dnym wsparciem zar\u00f3wno po porodzie naturalnym, jak i po cesarskim ci\u0119ciu, kiedy w pierwszych dniach po porodzie wyst\u0119puj\u0105 obfite krwawienia oraz szczeg\u00f3lna potrzeba wietrzenia okolic intymnych.<\/p>\n<p>Superch\u0142onny wk\u0142ad szybko absorbuje p\u0142yny i skutecznie zatrzymuje wilgo\u0107 wewn\u0105trz podk\u0142adu, co pozwala zachowa\u0107 uczucie sucho\u015bci przez ca\u0142\u0105 noc. Mi\u0119kka, naturalna i w pe\u0142ni oddychaj\u0105ca warstwa zewn\u0119trzna nie przywiera do sk\u00f3ry ani si\u0119 nie rozwarstwia, umo\u017cliwiaj\u0105c swobodny przep\u0142yw powietrza i zmniejszaj\u0105c ryzyko podra\u017cnie\u0144. Szeroki pasek samoprzylepny stabilnie utrzymuje podk\u0142ad we w\u0142a\u015bciwym miejscu, nawet podczas zmiany pozycji w trakcie snu.<\/p>\n<p>Opakowanie zawiera 10 sztuk. Wymiary jednego podk\u0142adu to oko\u0142o 19 cm szeroko\u015bci i 38 cm d\u0142ugo\u015bci, a grubo\u015b\u0107 wynosi 7 mm, co zapewnia zwi\u0119kszon\u0105 ch\u0142onno\u015b\u0107 idealn\u0105 do stosowania noc\u0105.<\/p>\n","protected":false},"excerpt":{"rendered":"<p>Oddychaj\u0105ce podk\u0142ady poporodowe Canpol babies na noc zosta\u0142y stworzone z my\u015bl\u0105 o maksymalnym komforcie i skutecznej ochronie w czasie snu w okresie po\u0142ogu. Wyj\u0105tkowo oddychaj\u0105ca struktura w po\u0142\u0105czeniu z anatomicznie wyprofilowanym kszta\u0142tem zapewnia wygod\u0119 u\u017cytkowania oraz niezawodn\u0105 ochron\u0119 przed przeciekaniem. Podk\u0142ady s\u0105 niezb\u0119dnym wsparciem zar\u00f3wno po porodzie naturalnym, jak i po cesarskim ci\u0119ciu, kiedy w [&hellip;]<\/p>\n","protected":false},"featured_media":9952,"comment_status":"open","ping_status":"closed","template":"","meta":[],"product_brand":[],"product_cat":[95,88,96],"product_tag":[],"class_list":{"0":"post-9953","1":"product","2":"type-product","3":"status-publish","4":"has-post-thumbnail","6":"product_cat-artykuly-higieniczne","7":"product_cat-mama","8":"product_cat-podklady-poporodowe","10":"first","11":"instock","12":"taxable","13":"shipping-taxable","14":"purchasable","15":"product-type-simple"},"_links":{"self":[{"href":"https:\/\/www.bobooaza.pl\/index.php\/wp-json\/wp\/v2\/product\/9953","targetHints":{"allow":["GET"]}}],"collection":[{"href":"https:\/\/www.bobooaza.pl\/index.php\/wp-json\/wp\/v2\/product"}],"about":[{"href":"https:\/\/www.bobooaza.pl\/index.php\/wp-json\/wp\/v2\/types\/product"}],"replies":[{"embeddable":true,"href":"https:\/\/www.bobooaza.pl\/index.php\/wp-json\/wp\/v2\/comments?post=9953"}],"wp:featuredmedia":[{"embeddable":true,"href":"https:\/\/www.bobooaza.pl\/index.php\/wp-json\/wp\/v2\/media\/9952"}],"wp:attachment":[{"href":"https:\/\/www.bobooaza.pl\/index.php\/wp-json\/wp\/v2\/media?parent=9953"}],"wp:term":[{"taxonomy":"product_brand","embeddable":true,"href":"https:\/\/www.bobooaza.pl\/index.php\/wp-json\/wp\/v2\/product_brand?post=9953"},{"taxonomy":"product_cat","embeddable":true,"href":"https:\/\/www.bobooaza.pl\/index.php\/wp-json\/wp\/v2\/product_cat?post=9953"},{"taxonomy":"product_tag","embeddable":true,"href":"https:\/\/www.bobooaza.pl\/index.php\/wp-json\/wp\/v2\/product_tag?post=9953"}],"curies":[{"name":"wp","href":"https:\/\/api.w.org\/{rel}","templated":true}]}}