{"id":9959,"date":"2026-01-04T20:02:55","date_gmt":"2026-01-04T19:02:55","guid":{"rendered":"https:\/\/bobooaza.pl\/index.php\/produkt\/b-o-599-podklady-poporodowe-night-day\/"},"modified":"2026-01-04T20:10:18","modified_gmt":"2026-01-04T19:10:18","slug":"b-o-599-podklady-poporodowe-night-day","status":"publish","type":"product","link":"https:\/\/www.bobooaza.pl\/index.php\/produkt\/b-o-599-podklady-poporodowe-night-day\/","title":{"rendered":"B.O. 599 Podk\u0142ady poporodowe NIGHT &amp; DAY 10szt."},"content":{"rendered":"<p>Podk\u0142ady poporodowe B.O. NIGHT &amp; DAY zosta\u0142y stworzone z my\u015bl\u0105 o kobietach w okresie po\u0142ogu, kt\u00f3re potrzebuj\u0105 niezawodnej ochrony zar\u00f3wno w dzie\u0144, jak i w nocy. Dzi\u0119ki zastosowaniu premium superabsorbentu \u017celuj\u0105cego oraz anatomicznemu kszta\u0142towi zapewniaj\u0105 wysoki komfort noszenia, dyskrecj\u0119 i skuteczn\u0105 ochron\u0119 nawet w pozycji le\u017c\u0105cej. To doskona\u0142e rozwi\u0105zanie po porodzie naturalnym oraz po cesarskim ci\u0119ciu, kiedy szczeg\u00f3lnie wa\u017cne s\u0105 bezpiecze\u0144stwo, higiena i odpowiednia cyrkulacja powietrza.<\/p>\n<p>Podk\u0142ady posiadaj\u0105 czterowarstwow\u0105 budow\u0119, kt\u00f3ra gwarantuje maksymaln\u0105 ch\u0142onno\u015b\u0107 i poczucie sucho\u015bci. Oddychaj\u0105ca i ultrami\u0119kka warstwa wewn\u0119trzna pozwala sk\u00f3rze swobodnie oddycha\u0107 i chroni j\u0105 przed podra\u017cnieniami. Dwie warstwy z wysokoch\u0142onnym superabsorbentem skutecznie wi\u0105\u017c\u0105 wilgo\u0107, zatrzymuj\u0105 p\u0142yny wewn\u0105trz podk\u0142adu oraz neutralizuj\u0105 nieprzyjemne zapachy. Zewn\u0119trzna warstwa foliowa zabezpiecza bielizn\u0119 przed przeciekaniem i zabrudzeniem, zapewniaj\u0105c pe\u0142en komfort u\u017cytkowania przez ca\u0142\u0105 dob\u0119.<\/p>\n<p>G\u0142adka powierzchnia podk\u0142adu r\u00f3wnomiernie rozprowadza p\u0142yny, zapobiegaj\u0105c ich gromadzeniu si\u0119 w jednym miejscu i eliminuj\u0105c ryzyko przywierania do sk\u00f3ry. Wyj\u0105tkowo cienka forma sprawia, \u017ce podk\u0142ady s\u0105 niemal niewyczuwalne podczas noszenia, a samoprzylepny pasek na ca\u0142ej d\u0142ugo\u015bci stabilnie utrzymuje je we w\u0142a\u015bciwej pozycji. Ch\u0142onno\u015b\u0107 do 300 ml sprawia, \u017ce produkt doskonale sprawdza si\u0119 tak\u017ce w nocy.<\/p>\n<p>Produkt przeznaczony jest do jednorazowego u\u017cytku. Zaleca si\u0119 regularn\u0105 wymian\u0119 podk\u0142ad\u00f3w oraz stosowanie ich w po\u0142\u0105czeniu z bielizn\u0105 poporodow\u0105 dla zachowania najwy\u017cszego poziomu higieny i wygody. Wymiary podk\u0142adu wynosz\u0105 oko\u0142o 37 cm d\u0142ugo\u015bci i 18 cm szeroko\u015bci, co zapewnia szerok\u0105 ochron\u0119 i pe\u0142en komfort noszenia.<\/p>\n","protected":false},"excerpt":{"rendered":"<p>Podk\u0142ady poporodowe B.O. NIGHT &amp; DAY zosta\u0142y stworzone z my\u015bl\u0105 o kobietach w okresie po\u0142ogu, kt\u00f3re potrzebuj\u0105 niezawodnej ochrony zar\u00f3wno w dzie\u0144, jak i w nocy. Dzi\u0119ki zastosowaniu premium superabsorbentu \u017celuj\u0105cego oraz anatomicznemu kszta\u0142towi zapewniaj\u0105 wysoki komfort noszenia, dyskrecj\u0119 i skuteczn\u0105 ochron\u0119 nawet w pozycji le\u017c\u0105cej. To doskona\u0142e rozwi\u0105zanie po porodzie naturalnym oraz po cesarskim [&hellip;]<\/p>\n","protected":false},"featured_media":9957,"comment_status":"open","ping_status":"closed","template":"","meta":[],"product_brand":[],"product_cat":[95,88,96],"product_tag":[],"class_list":{"0":"post-9959","1":"product","2":"type-product","3":"status-publish","4":"has-post-thumbnail","6":"product_cat-artykuly-higieniczne","7":"product_cat-mama","8":"product_cat-podklady-poporodowe","10":"first","11":"instock","12":"taxable","13":"shipping-taxable","14":"purchasable","15":"product-type-simple"},"_links":{"self":[{"href":"https:\/\/www.bobooaza.pl\/index.php\/wp-json\/wp\/v2\/product\/9959","targetHints":{"allow":["GET"]}}],"collection":[{"href":"https:\/\/www.bobooaza.pl\/index.php\/wp-json\/wp\/v2\/product"}],"about":[{"href":"https:\/\/www.bobooaza.pl\/index.php\/wp-json\/wp\/v2\/types\/product"}],"replies":[{"embeddable":true,"href":"https:\/\/www.bobooaza.pl\/index.php\/wp-json\/wp\/v2\/comments?post=9959"}],"wp:featuredmedia":[{"embeddable":true,"href":"https:\/\/www.bobooaza.pl\/index.php\/wp-json\/wp\/v2\/media\/9957"}],"wp:attachment":[{"href":"https:\/\/www.bobooaza.pl\/index.php\/wp-json\/wp\/v2\/media?parent=9959"}],"wp:term":[{"taxonomy":"product_brand","embeddable":true,"href":"https:\/\/www.bobooaza.pl\/index.php\/wp-json\/wp\/v2\/product_brand?post=9959"},{"taxonomy":"product_cat","embeddable":true,"href":"https:\/\/www.bobooaza.pl\/index.php\/wp-json\/wp\/v2\/product_cat?post=9959"},{"taxonomy":"product_tag","embeddable":true,"href":"https:\/\/www.bobooaza.pl\/index.php\/wp-json\/wp\/v2\/product_tag?post=9959"}],"curies":[{"name":"wp","href":"https:\/\/api.w.org\/{rel}","templated":true}]}}