{"id":9962,"date":"2026-01-04T20:44:11","date_gmt":"2026-01-04T19:44:11","guid":{"rendered":"https:\/\/bobooaza.pl\/index.php\/produkt\/lansinoh-kompres-zelowy-na-piersi-3w1\/"},"modified":"2026-01-04T20:51:08","modified_gmt":"2026-01-04T19:51:08","slug":"lansinoh-kompres-zelowy-na-piersi-3w1","status":"publish","type":"product","link":"https:\/\/www.bobooaza.pl\/index.php\/produkt\/lansinoh-kompres-zelowy-na-piersi-3w1\/","title":{"rendered":"LANSINOH Kompres \u017celowy na piersi 3w1"},"content":{"rendered":"<p>Lansinoh Kompres \u017celowy na piersi 3w1 to profesjonalne rozwi\u0105zanie opracowane przez specjalist\u00f3w z wykorzystaniem wiedzy medycznej dotycz\u0105cej \u0142agodzenia b\u00f3lu, obrz\u0119k\u00f3w oraz stan\u00f3w zapalnych piersi. Produkt TheraPearl \u0142\u0105czy w sobie skuteczno\u015b\u0107 terapii ciep\u0142em i zimnem, oferuj\u0105c wszechstronne wsparcie w okresie laktacji. Stosowany na ciep\u0142o pomaga \u0142agodzi\u0107 podra\u017cnienia, wspiera udra\u017cnianie przewod\u00f3w mlekowych oraz u\u0142atwia wyp\u0142yw pokarmu, co mo\u017ce by\u0107 szczeg\u00f3lnie pomocne przy problemach z zastojem mleka. Terapia zimnem skutecznie zmniejsza obrz\u0119k i przynosi ulg\u0119 w b\u00f3lu, wspomagaj\u0105c regeneracj\u0119 piersi po karmieniu.<\/p>\n<p>Kompresy mog\u0105 by\u0107 u\u017cywane r\u00f3wnie\u017c w po\u0142\u0105czeniu z laktatorem, pomagaj\u0105c zainicjowa\u0107 wyp\u0142yw mleka i skr\u00f3ci\u0107 czas odci\u0105gania pokarmu. Dzi\u0119ki wyj\u0105tkowej strukturze \u017cel pozostaje elastyczny nawet po zamro\u017ceniu, co zapewnia komfort i idealne dopasowanie do kszta\u0142tu piersi. Produkt jest wielokrotnego u\u017cytku, trwa\u0142y i wytrzyma\u0142y, a w zestawie znajduj\u0105 si\u0119 specjalne pokrowce zwi\u0119kszaj\u0105ce wygod\u0119 stosowania. Kompresy Lansinoh nie zawieraj\u0105 BPA, BPS ani lateksu, co czyni je bezpiecznym wyborem dla mam dbaj\u0105cych o zdrowie swoje i dziecka.<\/p>\n","protected":false},"excerpt":{"rendered":"<p>Lansinoh Kompres \u017celowy na piersi 3w1 to profesjonalne rozwi\u0105zanie opracowane przez specjalist\u00f3w z wykorzystaniem wiedzy medycznej dotycz\u0105cej \u0142agodzenia b\u00f3lu, obrz\u0119k\u00f3w oraz stan\u00f3w zapalnych piersi. Produkt TheraPearl \u0142\u0105czy w sobie skuteczno\u015b\u0107 terapii ciep\u0142em i zimnem, oferuj\u0105c wszechstronne wsparcie w okresie laktacji. Stosowany na ciep\u0142o pomaga \u0142agodzi\u0107 podra\u017cnienia, wspiera udra\u017cnianie przewod\u00f3w mlekowych oraz u\u0142atwia wyp\u0142yw pokarmu, co [&hellip;]<\/p>\n","protected":false},"featured_media":9960,"comment_status":"open","ping_status":"closed","template":"","meta":[],"product_brand":[],"product_cat":[95,98,88],"product_tag":[],"class_list":{"0":"post-9962","1":"product","2":"type-product","3":"status-publish","4":"has-post-thumbnail","6":"product_cat-artykuly-higieniczne","7":"product_cat-kompresy-zelowe","8":"product_cat-mama","10":"first","11":"instock","12":"taxable","13":"shipping-taxable","14":"purchasable","15":"product-type-simple"},"_links":{"self":[{"href":"https:\/\/www.bobooaza.pl\/index.php\/wp-json\/wp\/v2\/product\/9962","targetHints":{"allow":["GET"]}}],"collection":[{"href":"https:\/\/www.bobooaza.pl\/index.php\/wp-json\/wp\/v2\/product"}],"about":[{"href":"https:\/\/www.bobooaza.pl\/index.php\/wp-json\/wp\/v2\/types\/product"}],"replies":[{"embeddable":true,"href":"https:\/\/www.bobooaza.pl\/index.php\/wp-json\/wp\/v2\/comments?post=9962"}],"wp:featuredmedia":[{"embeddable":true,"href":"https:\/\/www.bobooaza.pl\/index.php\/wp-json\/wp\/v2\/media\/9960"}],"wp:attachment":[{"href":"https:\/\/www.bobooaza.pl\/index.php\/wp-json\/wp\/v2\/media?parent=9962"}],"wp:term":[{"taxonomy":"product_brand","embeddable":true,"href":"https:\/\/www.bobooaza.pl\/index.php\/wp-json\/wp\/v2\/product_brand?post=9962"},{"taxonomy":"product_cat","embeddable":true,"href":"https:\/\/www.bobooaza.pl\/index.php\/wp-json\/wp\/v2\/product_cat?post=9962"},{"taxonomy":"product_tag","embeddable":true,"href":"https:\/\/www.bobooaza.pl\/index.php\/wp-json\/wp\/v2\/product_tag?post=9962"}],"curies":[{"name":"wp","href":"https:\/\/api.w.org\/{rel}","templated":true}]}}