{"id":9977,"date":"2026-01-04T20:44:25","date_gmt":"2026-01-04T19:44:25","guid":{"rendered":"https:\/\/bobooaza.pl\/index.php\/produkt\/canpol-78-023-kompresy-zelowe-na-piersi-2-szt\/"},"modified":"2026-01-19T21:53:16","modified_gmt":"2026-01-19T20:53:16","slug":"canpol-78-023-kompresy-zelowe-na-piersi-2-szt","status":"publish","type":"product","link":"https:\/\/www.bobooaza.pl\/index.php\/produkt\/canpol-78-023-kompresy-zelowe-na-piersi-2-szt\/","title":{"rendered":"CANPOL 78\/023 Kompresy \u017celowe na piersi 2 szt"},"content":{"rendered":"<p>Canpol 78\/023 Kompresy \u017celowe na piersi to praktyczne i bezpieczne rozwi\u0105zanie stworzone z my\u015bl\u0105 o mamach karmi\u0105cych. Produkt zapewnia wsparcie w codziennej piel\u0119gnacji piersi, umo\u017cliwiaj\u0105c stosowanie zar\u00f3wno terapii ciep\u0142em, jak i zimnem. Podgrzany kompres wspomaga udra\u017cnianie przewod\u00f3w mlekowych i zmniejsza dyskomfort zwi\u0105zany z laktacj\u0105, natomiast sch\u0142odzony \u0142agodzi obrz\u0119ki, podra\u017cnienia oraz uczucie napi\u0119cia piersi. Produkt mo\u017ce by\u0107 stosowany podczas karmienia piersi\u0105 lub w po\u0142\u0105czeniu z laktatorem, wspieraj\u0105c inicjowanie wyp\u0142ywu mleka i skracaj\u0105c czas odci\u0105gania pokarmu.<\/p>\n<p>Kompresy Canpol posiadaj\u0105 mi\u0119kk\u0105 powierzchni\u0119, dzi\u0119ki kt\u00f3rej mo\u017cna je bezpo\u015brednio przyk\u0142ada\u0107 do sk\u00f3ry bez konieczno\u015bci u\u017cywania dodatkowych pokrowc\u00f3w, co zwi\u0119ksza komfort u\u017cytkowania. Produkt jest \u0142atwy w przygotowaniu do u\u017cycia \u2013 mo\u017ce by\u0107 sch\u0142adzany w lod\u00f3wce lub zamra\u017carce oraz bezpiecznie podgrzewany w kuchence mikrofalowej. Jako wyr\u00f3b medyczny, kompresy \u017celowe Canpol nale\u017cy stosowa\u0107 zgodnie z instrukcj\u0105 producenta, a w razie w\u0105tpliwo\u015bci skonsultowa\u0107 si\u0119 ze specjalist\u0105, co zapewnia bezpiecze\u0144stwo i skuteczno\u015b\u0107 podczas codziennej piel\u0119gnacji piersi.<\/p>\n","protected":false},"excerpt":{"rendered":"<p>Canpol 78\/023 Kompresy \u017celowe na piersi to praktyczne i bezpieczne rozwi\u0105zanie stworzone z my\u015bl\u0105 o mamach karmi\u0105cych. Produkt zapewnia wsparcie w codziennej piel\u0119gnacji piersi, umo\u017cliwiaj\u0105c stosowanie zar\u00f3wno terapii ciep\u0142em, jak i zimnem. Podgrzany kompres wspomaga udra\u017cnianie przewod\u00f3w mlekowych i zmniejsza dyskomfort zwi\u0105zany z laktacj\u0105, natomiast sch\u0142odzony \u0142agodzi obrz\u0119ki, podra\u017cnienia oraz uczucie napi\u0119cia piersi. Produkt mo\u017ce [&hellip;]<\/p>\n","protected":false},"featured_media":9969,"comment_status":"open","ping_status":"closed","template":"","meta":[],"product_brand":[],"product_cat":[95,98,88],"product_tag":[],"class_list":{"0":"post-9977","1":"product","2":"type-product","3":"status-publish","4":"has-post-thumbnail","6":"product_cat-artykuly-higieniczne","7":"product_cat-kompresy-zelowe","8":"product_cat-mama","10":"first","11":"instock","12":"taxable","13":"shipping-taxable","14":"purchasable","15":"product-type-simple"},"_links":{"self":[{"href":"https:\/\/www.bobooaza.pl\/index.php\/wp-json\/wp\/v2\/product\/9977","targetHints":{"allow":["GET"]}}],"collection":[{"href":"https:\/\/www.bobooaza.pl\/index.php\/wp-json\/wp\/v2\/product"}],"about":[{"href":"https:\/\/www.bobooaza.pl\/index.php\/wp-json\/wp\/v2\/types\/product"}],"replies":[{"embeddable":true,"href":"https:\/\/www.bobooaza.pl\/index.php\/wp-json\/wp\/v2\/comments?post=9977"}],"wp:featuredmedia":[{"embeddable":true,"href":"https:\/\/www.bobooaza.pl\/index.php\/wp-json\/wp\/v2\/media\/9969"}],"wp:attachment":[{"href":"https:\/\/www.bobooaza.pl\/index.php\/wp-json\/wp\/v2\/media?parent=9977"}],"wp:term":[{"taxonomy":"product_brand","embeddable":true,"href":"https:\/\/www.bobooaza.pl\/index.php\/wp-json\/wp\/v2\/product_brand?post=9977"},{"taxonomy":"product_cat","embeddable":true,"href":"https:\/\/www.bobooaza.pl\/index.php\/wp-json\/wp\/v2\/product_cat?post=9977"},{"taxonomy":"product_tag","embeddable":true,"href":"https:\/\/www.bobooaza.pl\/index.php\/wp-json\/wp\/v2\/product_tag?post=9977"}],"curies":[{"name":"wp","href":"https:\/\/api.w.org\/{rel}","templated":true}]}}