{"id":9984,"date":"2026-01-04T20:44:32","date_gmt":"2026-01-04T19:44:32","guid":{"rendered":"https:\/\/bobooaza.pl\/index.php\/produkt\/ardo-temperature-pack-kompres-hydrozelowy-do-schladzania-lub-ogrzewania-piersi-pokrowiec\/"},"modified":"2026-01-04T20:51:11","modified_gmt":"2026-01-04T19:51:11","slug":"ardo-temperature-pack-kompres-hydrozelowy-do-schladzania-lub-ogrzewania-piersi-pokrowiec","status":"publish","type":"product","link":"https:\/\/www.bobooaza.pl\/index.php\/produkt\/ardo-temperature-pack-kompres-hydrozelowy-do-schladzania-lub-ogrzewania-piersi-pokrowiec\/","title":{"rendered":"ARDO TEMPERATURE PACK Kompres hydro\u017celowy do sch\u0142adzania lub ogrzewania piersi + pokrowiec"},"content":{"rendered":"<p>Ardo Temperature Pack Kompres hydro\u017celowy do piersi z pokrowcem to profesjonalne wsparcie dla mam karmi\u0105cych, stworzone we wsp\u00f3\u0142pracy z konsultantkami laktacyjnymi. Anatomiczny kszta\u0142t kompresu umo\u017cliwia skuteczn\u0105 terapi\u0119 obrz\u0119ku, wra\u017cliwych piersi oraz stan\u00f3w zapalnych, kt\u00f3re cz\u0119sto utrudniaj\u0105 karmienie naturalne lub odci\u0105ganie pokarmu. Produkt zapewnia koj\u0105c\u0105 ulg\u0119 i mo\u017ce by\u0107 stosowany zar\u00f3wno jako ciep\u0142y kompres przed karmieniem lub odci\u0105ganiem mleka, jak i jako zimny ok\u0142ad \u0142agodz\u0105cy b\u00f3l i obrz\u0119k po karmieniu.<\/p>\n<p>Mi\u0119kki tekstylny pokrowiec chroni sk\u00f3r\u0119 przed zbyt wysok\u0105 lub nisk\u0105 temperatur\u0105, zwi\u0119kszaj\u0105c komfort u\u017cytkowania. Anatomiczny kszta\u0142t kompresu pozwala zmniejszy\u0107 stwardnienia tkanki gruczo\u0142owej pod pach\u0105, co wspiera szybszy i \u0142atwiejszy wyp\u0142yw mleka z piersi. Kompres posiada r\u00f3wnie\u017c otw\u00f3r zapobiegaj\u0105cy podra\u017cnieniom brodawki oraz mo\u017ce by\u0107 u\u017cywany wspomagaj\u0105co przy b\u00f3lach kolkowych u dzieci.<\/p>\n<p>Produkt wyr\u00f3\u017cnia si\u0119 du\u017cym, dopasowanym kszta\u0142tem, mo\u017cliwo\u015bci\u0105 stosowania na ciep\u0142o lub zimno, skuteczno\u015bci\u0105 w redukcji obrz\u0119ku i stan\u00f3w zapalnych oraz mi\u0119kkim, ochronnym pokrowcem, co czyni go wygodnym i bezpiecznym elementem codziennej piel\u0119gnacji piersi.<\/p>\n","protected":false},"excerpt":{"rendered":"<p>Ardo Temperature Pack Kompres hydro\u017celowy do piersi z pokrowcem to profesjonalne wsparcie dla mam karmi\u0105cych, stworzone we wsp\u00f3\u0142pracy z konsultantkami laktacyjnymi. Anatomiczny kszta\u0142t kompresu umo\u017cliwia skuteczn\u0105 terapi\u0119 obrz\u0119ku, wra\u017cliwych piersi oraz stan\u00f3w zapalnych, kt\u00f3re cz\u0119sto utrudniaj\u0105 karmienie naturalne lub odci\u0105ganie pokarmu. Produkt zapewnia koj\u0105c\u0105 ulg\u0119 i mo\u017ce by\u0107 stosowany zar\u00f3wno jako ciep\u0142y kompres przed karmieniem [&hellip;]<\/p>\n","protected":false},"featured_media":9982,"comment_status":"open","ping_status":"closed","template":"","meta":[],"product_brand":[],"product_cat":[95,98,88],"product_tag":[],"class_list":{"0":"post-9984","1":"product","2":"type-product","3":"status-publish","4":"has-post-thumbnail","6":"product_cat-artykuly-higieniczne","7":"product_cat-kompresy-zelowe","8":"product_cat-mama","10":"first","11":"outofstock","12":"taxable","13":"shipping-taxable","14":"purchasable","15":"product-type-simple"},"_links":{"self":[{"href":"https:\/\/www.bobooaza.pl\/index.php\/wp-json\/wp\/v2\/product\/9984","targetHints":{"allow":["GET"]}}],"collection":[{"href":"https:\/\/www.bobooaza.pl\/index.php\/wp-json\/wp\/v2\/product"}],"about":[{"href":"https:\/\/www.bobooaza.pl\/index.php\/wp-json\/wp\/v2\/types\/product"}],"replies":[{"embeddable":true,"href":"https:\/\/www.bobooaza.pl\/index.php\/wp-json\/wp\/v2\/comments?post=9984"}],"wp:featuredmedia":[{"embeddable":true,"href":"https:\/\/www.bobooaza.pl\/index.php\/wp-json\/wp\/v2\/media\/9982"}],"wp:attachment":[{"href":"https:\/\/www.bobooaza.pl\/index.php\/wp-json\/wp\/v2\/media?parent=9984"}],"wp:term":[{"taxonomy":"product_brand","embeddable":true,"href":"https:\/\/www.bobooaza.pl\/index.php\/wp-json\/wp\/v2\/product_brand?post=9984"},{"taxonomy":"product_cat","embeddable":true,"href":"https:\/\/www.bobooaza.pl\/index.php\/wp-json\/wp\/v2\/product_cat?post=9984"},{"taxonomy":"product_tag","embeddable":true,"href":"https:\/\/www.bobooaza.pl\/index.php\/wp-json\/wp\/v2\/product_tag?post=9984"}],"curies":[{"name":"wp","href":"https:\/\/api.w.org\/{rel}","templated":true}]}}