{"id":9993,"date":"2026-01-04T20:56:43","date_gmt":"2026-01-04T19:56:43","guid":{"rendered":"https:\/\/bobooaza.pl\/index.php\/produkt\/akuku-a0234-majtki-siateczkowe-wielorazowe-l\/"},"modified":"2026-01-19T20:18:55","modified_gmt":"2026-01-19T19:18:55","slug":"akuku-a0234-majtki-siateczkowe-wielorazowe-l","status":"publish","type":"product","link":"https:\/\/www.bobooaza.pl\/index.php\/produkt\/akuku-a0234-majtki-siateczkowe-wielorazowe-l\/","title":{"rendered":"AKUKU A0234 Majtki siateczkowe wielorazowe L"},"content":{"rendered":"<p>Akuku A0234 Majtki siateczkowe wielorazowe w rozmiarze L to funkcjonalne i komfortowe rozwi\u0105zanie dla kobiet w okresie po\u0142ogu oraz na oddzia\u0142ach ginekologicznych i urologicznych, gdzie utrzymanie higieny jest szczeg\u00f3lnie istotne. Majtki zapewniaj\u0105 niezawodne podtrzymanie podk\u0142ad\u00f3w poporodowych i wk\u0142ad\u00f3w ch\u0142onnych, jednocze\u015bnie gwarantuj\u0105c wygod\u0119 i poczucie \u015bwie\u017co\u015bci dzi\u0119ki przewiewnej konstrukcji, kt\u00f3ra umo\u017cliwia swobodn\u0105 cyrkulacj\u0119 powietrza.<\/p>\n<p>Produkt zosta\u0142 wykonany z trwa\u0142ego, a zarazem delikatnego materia\u0142u, w sk\u0142ad kt\u00f3rego wchodzi 91% poliester i 9% w\u0142\u00f3kna poliuretanowe, co minimalizuje ryzyko podra\u017cnie\u0144 sk\u00f3ry i wspiera utrzymanie w\u0142a\u015bciwej higieny intymnej. Majtki przeznaczone s\u0105 do wielokrotnego prania r\u0119cznego, a po porodzie zaleca si\u0119 stosowanie szarego myd\u0142a w celu zachowania czysto\u015bci i delikatno\u015bci materia\u0142u. Ka\u017cda para majtek jest pakowana osobno w woreczek foliowy, co u\u0142atwia przechowywanie i utrzymanie higieny.<\/p>\n<p>Rozmiar L odpowiada obwodowi bioder oko\u0142o 100 cm, a opakowanie zawiera dwie sztuki wielorazowych majtek siateczkowych. Produkt \u0142\u0105czy funkcjonalno\u015b\u0107, komfort i bezpiecze\u0144stwo, stanowi\u0105c niezast\u0105piony element codziennej piel\u0119gnacji w okresie poporodowym.<\/p>\n","protected":false},"excerpt":{"rendered":"<p>Akuku A0234 Majtki siateczkowe wielorazowe w rozmiarze L to funkcjonalne i komfortowe rozwi\u0105zanie dla kobiet w okresie po\u0142ogu oraz na oddzia\u0142ach ginekologicznych i urologicznych, gdzie utrzymanie higieny jest szczeg\u00f3lnie istotne. Majtki zapewniaj\u0105 niezawodne podtrzymanie podk\u0142ad\u00f3w poporodowych i wk\u0142ad\u00f3w ch\u0142onnych, jednocze\u015bnie gwarantuj\u0105c wygod\u0119 i poczucie \u015bwie\u017co\u015bci dzi\u0119ki przewiewnej konstrukcji, kt\u00f3ra umo\u017cliwia swobodn\u0105 cyrkulacj\u0119 powietrza. Produkt zosta\u0142 [&hellip;]<\/p>\n","protected":false},"featured_media":9992,"comment_status":"open","ping_status":"closed","template":"","meta":[],"product_brand":[],"product_cat":[95,97,90,88],"product_tag":[],"class_list":{"0":"post-9993","1":"product","2":"type-product","3":"status-publish","4":"has-post-thumbnail","6":"product_cat-artykuly-higieniczne","7":"product_cat-majtki","8":"product_cat-majtki-siateczkowe","9":"product_cat-mama","11":"first","12":"instock","13":"taxable","14":"shipping-taxable","15":"purchasable","16":"product-type-simple"},"_links":{"self":[{"href":"https:\/\/www.bobooaza.pl\/index.php\/wp-json\/wp\/v2\/product\/9993","targetHints":{"allow":["GET"]}}],"collection":[{"href":"https:\/\/www.bobooaza.pl\/index.php\/wp-json\/wp\/v2\/product"}],"about":[{"href":"https:\/\/www.bobooaza.pl\/index.php\/wp-json\/wp\/v2\/types\/product"}],"replies":[{"embeddable":true,"href":"https:\/\/www.bobooaza.pl\/index.php\/wp-json\/wp\/v2\/comments?post=9993"}],"wp:featuredmedia":[{"embeddable":true,"href":"https:\/\/www.bobooaza.pl\/index.php\/wp-json\/wp\/v2\/media\/9992"}],"wp:attachment":[{"href":"https:\/\/www.bobooaza.pl\/index.php\/wp-json\/wp\/v2\/media?parent=9993"}],"wp:term":[{"taxonomy":"product_brand","embeddable":true,"href":"https:\/\/www.bobooaza.pl\/index.php\/wp-json\/wp\/v2\/product_brand?post=9993"},{"taxonomy":"product_cat","embeddable":true,"href":"https:\/\/www.bobooaza.pl\/index.php\/wp-json\/wp\/v2\/product_cat?post=9993"},{"taxonomy":"product_tag","embeddable":true,"href":"https:\/\/www.bobooaza.pl\/index.php\/wp-json\/wp\/v2\/product_tag?post=9993"}],"curies":[{"name":"wp","href":"https:\/\/api.w.org\/{rel}","templated":true}]}}