{"id":9995,"date":"2026-01-04T20:56:44","date_gmt":"2026-01-04T19:56:44","guid":{"rendered":"https:\/\/bobooaza.pl\/index.php\/produkt\/wielorazowe-majtki-siateczkowe-w-rozmiarze-m-2-szt\/"},"modified":"2026-01-19T20:18:56","modified_gmt":"2026-01-19T19:18:56","slug":"wielorazowe-majtki-siateczkowe-w-rozmiarze-m-2-szt","status":"publish","type":"product","link":"https:\/\/www.bobooaza.pl\/index.php\/produkt\/wielorazowe-majtki-siateczkowe-w-rozmiarze-m-2-szt\/","title":{"rendered":"B.O.503\/M Wielorazowe majtki siateczkowe M 2 szt."},"content":{"rendered":"<p>B.O.503\/M Wielorazowe majtki siateczkowe w rozmiarze M to praktyczne i komfortowe rozwi\u0105zanie dla kobiet w okresie po\u0142ogu. Majtki zosta\u0142y zaprojektowane tak, aby niezawodnie podtrzymywa\u0107 podk\u0142ady poporodowe i wk\u0142ady ch\u0142onne, zapewniaj\u0105c jednocze\u015bnie wysoki komfort noszenia i utrzymania higieny. Specjalna przewiewna konstrukcja materia\u0142u umo\u017cliwia swobodn\u0105 cyrkulacj\u0119 powietrza, co zwi\u0119ksza poczucie \u015bwie\u017co\u015bci i komfortu podczas u\u017cytkowania.<\/p>\n<p>Produkt wykonany jest z trwa\u0142ego i delikatnego materia\u0142u, w sk\u0142ad kt\u00f3rego wchodzi 90% poliester i 10% elastan, co minimalizuje ryzyko podra\u017cnie\u0144 oraz wspiera gojenie ran krocza. Wielorazowe majtki siateczkowe B.O.503\/M u\u0142atwiaj\u0105 utrzymanie podk\u0142adu higienicznego we w\u0142a\u015bciwym miejscu, zapewniaj\u0105c wygod\u0119 i bezpiecze\u0144stwo w okresie poporodowym. Opakowanie zawiera dwie sztuki majtek w rozmiarze M, kt\u00f3re mo\u017cna pra\u0107 i u\u017cywa\u0107 wielokrotnie, co czyni je praktycznym i ekologicznym elementem codziennej piel\u0119gnacji.<\/p>\n","protected":false},"excerpt":{"rendered":"<p>B.O.503\/M Wielorazowe majtki siateczkowe w rozmiarze M to praktyczne i komfortowe rozwi\u0105zanie dla kobiet w okresie po\u0142ogu. Majtki zosta\u0142y zaprojektowane tak, aby niezawodnie podtrzymywa\u0107 podk\u0142ady poporodowe i wk\u0142ady ch\u0142onne, zapewniaj\u0105c jednocze\u015bnie wysoki komfort noszenia i utrzymania higieny. Specjalna przewiewna konstrukcja materia\u0142u umo\u017cliwia swobodn\u0105 cyrkulacj\u0119 powietrza, co zwi\u0119ksza poczucie \u015bwie\u017co\u015bci i komfortu podczas u\u017cytkowania. Produkt wykonany [&hellip;]<\/p>\n","protected":false},"featured_media":9994,"comment_status":"open","ping_status":"closed","template":"","meta":[],"product_brand":[],"product_cat":[95,97,90,88],"product_tag":[],"class_list":{"0":"post-9995","1":"product","2":"type-product","3":"status-publish","4":"has-post-thumbnail","6":"product_cat-artykuly-higieniczne","7":"product_cat-majtki","8":"product_cat-majtki-siateczkowe","9":"product_cat-mama","11":"first","12":"instock","13":"taxable","14":"shipping-taxable","15":"purchasable","16":"product-type-simple"},"_links":{"self":[{"href":"https:\/\/www.bobooaza.pl\/index.php\/wp-json\/wp\/v2\/product\/9995","targetHints":{"allow":["GET"]}}],"collection":[{"href":"https:\/\/www.bobooaza.pl\/index.php\/wp-json\/wp\/v2\/product"}],"about":[{"href":"https:\/\/www.bobooaza.pl\/index.php\/wp-json\/wp\/v2\/types\/product"}],"replies":[{"embeddable":true,"href":"https:\/\/www.bobooaza.pl\/index.php\/wp-json\/wp\/v2\/comments?post=9995"}],"wp:featuredmedia":[{"embeddable":true,"href":"https:\/\/www.bobooaza.pl\/index.php\/wp-json\/wp\/v2\/media\/9994"}],"wp:attachment":[{"href":"https:\/\/www.bobooaza.pl\/index.php\/wp-json\/wp\/v2\/media?parent=9995"}],"wp:term":[{"taxonomy":"product_brand","embeddable":true,"href":"https:\/\/www.bobooaza.pl\/index.php\/wp-json\/wp\/v2\/product_brand?post=9995"},{"taxonomy":"product_cat","embeddable":true,"href":"https:\/\/www.bobooaza.pl\/index.php\/wp-json\/wp\/v2\/product_cat?post=9995"},{"taxonomy":"product_tag","embeddable":true,"href":"https:\/\/www.bobooaza.pl\/index.php\/wp-json\/wp\/v2\/product_tag?post=9995"}],"curies":[{"name":"wp","href":"https:\/\/api.w.org\/{rel}","templated":true}]}}